{"id":683,"date":"2017-09-20T17:11:44","date_gmt":"2017-09-20T15:11:44","guid":{"rendered":"https:\/\/www.opengreen.it\/?post_type=product&#038;p=683"},"modified":"2025-01-13T16:47:18","modified_gmt":"2025-01-13T15:47:18","slug":"kripton-fe-6","status":"publish","type":"product","link":"https:\/\/www.opengreen.it\/it\/prodotto\/kripton-fe-6\/","title":{"rendered":"Kripton Fe6"},"content":{"rendered":"<p>[vc_row][vc_column][vc_column_text]<\/p>\n<div class=\"page\" title=\"Page 6\">\n<div class=\"page\" title=\"Page 6\">\n<div class=\"layoutArea\">\n<div class=\"column\">\n<p><strong>CARATTERISTICHE<\/strong><\/p>\n<p>Kripton Fe 6 \u00e8 una evoluzione tecnologica degli EDDHA unica nel suo genere, avendo sviluppato la parte isomerica del tenore in or- to-orto totale. Kripton fe \u00e8 ferro EDDHA con 6% di isomero 0-0, vale a dire che esprime il massimo dell\u2019efficienza di un chelato di ferro. Il suo contenuto di ferro \u00e8 totalmente disponibile per le piante e pu\u00f2 essere utilizzato a bassi dosaggi, per ridurre l\u2019impatto ambientale e per un minor costo per pianta, ottenendo migliori risultati agronomici. Inoltre si \u00e8 notato che la maggior efficienza del ferro provoca un superiore assorbimento di altri microelementi come Mn, Zn, Cu ed anche di Calcio, Magnesio e Azoto. L\u2019eccellenza di questo prodotto, si traduce in:<\/p>\n<p>\u2022 Bassi dosaggi per pianta<br \/>\n\u2022 Alta efficienza e maggiore durata nel terreno<br \/>\n\u2022 Maggiore velocit\u00e0 e tenuta di rinverdimento<br \/>\n\u2022 Altissima solubilit\u00e0<br \/>\nKripton Fe sar\u00e0 quindi pi\u00f9 duraturo durante il ciclo vegetativo della pianta, inoltre non solo le foglie giovani beneficiano del giusto apporto di ferro, ma anche le foglie pi\u00f9 vecchie continueranno ad assorbirlo insieme ad altri microelementi, avendo meno insorgenze di fisiopatie nutrizionali.<\/p>\n<\/div>\n<\/div>\n<\/div>\n<\/div>\n<p>[\/vc_column_text][\/vc_column][\/vc_row][vc_row njt-role=&#8221;not-logged-in&#8221;][vc_column][vc_column_text njt-role=&#8221;not-logged-in&#8221;]<strong>Altre informazioni su questo prodotto sono disponibili esclusivamente per gli utenti che hanno effettuato la registrazione e il login al nostro sito. Per visualizzarli effettua il <a href=\"https:\/\/www.opengreen.it\/login\/\">login<\/a> o la <a href=\"https:\/\/www.opengreen.it\/registration\/\">registrazione<\/a>.<\/strong>[\/vc_column_text][\/vc_column][\/vc_row][vc_row njt-role=&#8221;logged-in&#8221;][vc_column][vc_column_text]<\/p>\n<div title=\"Page 6\">\n<div class=\"page\" title=\"Page 8\">\n<div class=\"section\">\n<div class=\"layoutArea\">\n<div class=\"column\">\n<h3>CONCIME CE<br \/>\nChelato di Ferro ([o,o] EDDHA)<\/h3>\n<\/div>\n<\/div>\n<\/div>\n<\/div>\n<\/div>\n<p>[\/vc_column_text][vc_table]COMPOSIZIONE,p%2Fp|Ferro%20(Fe)%20solubile%20in%20acqua,6%25%20%2B%2F-0%2C4|Ferro%20(Fe)%20chelato%20con%20EDDHA,6%25%20%2B%2F-0%2C4|Ferro%20(Fe)%20chelato%20con%20%5Bo%2Co%5D%20EDDHA,6%25%20%2B%2F-0%2C4[\/vc_table][vc_column_text]<\/p>\n<div class=\"page\" title=\"Page 6\">\n<div class=\"layoutArea\">\n<div class=\"column\">\n<p>Materie prime: Chelato di Ferro ([o,o] EDDHA).<br \/>\nIntervallo di pH che garantisce una buona stabilit\u00e0 della frazione chelata: 2-12 Utilizzare soltanto in caso di bisogno riconosciuto. Non eccedere le dosi appropriate.<\/p>\n<\/div>\n<\/div>\n<\/div>\n<p>[\/vc_column_text][vc_column_text]<\/p>\n<div class=\"page\" title=\"Page 6\">\n<div class=\"page\" title=\"Page 6\">\n<div class=\"layoutArea\">\n<div class=\"column\">\n<div class=\"page\" title=\"Page 7\">\n<div class=\"layoutArea\">\n<div class=\"column\">\n<p>INFORMAZIONI CHIMICO-FISICHE<\/p>\n<ul>\n<li>Nome chimico: Ethylendiammino-N-N-bis (2 hydroxyphenilacetic acid) ferric-sodium complex)<\/li>\n<li>Tipo di chelato sigla internazionale: EDDHA Na<\/li>\n<li>Formula molecolare: C18H16N2O6FeNa<\/li>\n<li>Massa molecolare: 435,2<\/li>\n<li>Aspetto: microgranulo rosso scuro wdg<\/li>\n<li>Densit\u00e0 volumetrica: 600-650 Kg\/m3<\/li>\n<li>pH 1%: 7,5<\/li>\n<li>Umidit\u00e0: 1-3%<\/li>\n<li>Stabilit\u00e0 frazione chelata: pH 2 &#8211; 12<\/li>\n<li>Isomero ortho-ortho: 6,0% o-o<\/li>\n<li>3 giorni effetto rinverdente<\/li>\n<li>5 mesi effetto ricarica<\/li>\n<\/ul>\n<\/div>\n<\/div>\n<\/div>\n<\/div>\n<\/div>\n<\/div>\n<\/div>\n<p>[\/vc_column_text][vc_column_text]<\/p>\n<div title=\"Page 6\">\n<div class=\"page\" title=\"Page 8\">\n<div class=\"section\">\n<div class=\"layoutArea\">\n<div class=\"column\">\n<h3>DOSI DI APPLICAZIONE<\/h3>\n<\/div>\n<\/div>\n<\/div>\n<\/div>\n<\/div>\n<p>[\/vc_column_text][vc_table vc_table_theme=&#8221;classic_pink&#8221;]Fertirrigazione,Periodo%20%2F%20Modalita%CC%80,Dose|Pomacee%2C%20Drupacee%2C%20Kiwi,Messa%20a%20dimora%20-%20Preventivo%20-%20Curativo,3-7%20g%2Fpianta%2010-15%20g%2Fpianta%2015-20%20g%2Fpianta|Agrumi,Messa%20a%20dimora%20-%20Preventivo%20-%20Curativo,6-10%20g%2Fpianta%2011-17%20g%2Fpianta%2015-20%20g%2Fpianta|Vite,Messa%20a%20dimora%20-%20Preventivo%20-%20Curativo,3-5%20g%2Fpianta%205-10%20g%2Fpianta%2010-12%20g%2Fpianta|Vivai,Piante%20da%20cespuglio%20-%20Piante%20a%20fusto%20-%20Piante%20grande%20fusto,3-5%20g%2Fpianta%205-10%20g%2Fpianta%2012-20%20g%2Fpianta|Orticole%20e%20Ornamentali,Messa%20a%20dimora,0%2C5-1%20g%2Fpianta[\/vc_table][vc_row_inner][vc_column_inner width=&#8221;1\/6&#8243;][vc_icon icon_fontawesome=&#8221;fa fa-envira&#8221; color=&#8221;custom&#8221; custom_color=&#8221;#68b32d&#8221;][\/vc_column_inner][vc_column_inner width=&#8221;5\/6&#8243;][vc_custom_heading text=&#8221;Trattamento Fogliare&#8221; use_theme_fonts=&#8221;yes&#8221;][vc_custom_heading text=&#8221;Tollerato a100-150g\/ hl senza recare fitotossicit\u00e0&#8221; font_container=&#8221;tag:p|text_align:left&#8221; use_theme_fonts=&#8221;yes&#8221;][\/vc_column_inner][\/vc_row_inner][vc_row_inner][vc_column_inner width=&#8221;1\/6&#8243;][vc_icon icon_fontawesome=&#8221;fa fa-tree&#8221; color=&#8221;custom&#8221; custom_color=&#8221;#9e6219&#8243;][\/vc_column_inner][vc_column_inner width=&#8221;5\/6&#8243;][vc_custom_heading text=&#8221; Trattamento radicale e fertirrigazione&#8221; use_theme_fonts=&#8221;yes&#8221;][vc_custom_heading text=&#8221;Consigliato&#8221; font_container=&#8221;tag:p|text_align:left&#8221; use_theme_fonts=&#8221;yes&#8221;][\/vc_column_inner][\/vc_row_inner][vc_row_inner][vc_column_inner width=&#8221;1\/6&#8243;][vc_icon icon_fontawesome=&#8221;fa fa-tint&#8221; color=&#8221;custom&#8221; custom_color=&#8221;#22d6ca&#8221;][\/vc_column_inner][vc_column_inner width=&#8221;5\/6&#8243;][vc_custom_heading text=&#8221; Trattamento goccia a goccia&#8221; use_theme_fonts=&#8221;yes&#8221;][vc_custom_heading text=&#8221;Consigliato&#8221; font_container=&#8221;tag:p|text_align:left&#8221; use_theme_fonts=&#8221;yes&#8221;][\/vc_column_inner][\/vc_row_inner][vc_row_inner][vc_column_inner width=&#8221;1\/6&#8243;][vc_icon icon_fontawesome=&#8221;fa fa-certificate&#8221;][\/vc_column_inner][vc_column_inner width=&#8221;5\/6&#8243;][vc_custom_heading text=&#8221;Concime CE&#8221; use_theme_fonts=&#8221;yes&#8221;][vc_custom_heading text=&#8221;Conforme al Reg. CE n. 2003\/2003 del 13 ottobre 2003&#8243; font_container=&#8221;tag:p|text_align:left&#8221; use_theme_fonts=&#8221;yes&#8221;][\/vc_column_inner][\/vc_row_inner][vc_row_inner][vc_column_inner width=&#8221;1\/6&#8243;][vc_icon icon_fontawesome=&#8221;fa fa-leaf&#8221; color=&#8221;custom&#8221; custom_color=&#8221;#addd44&#8243;][\/vc_column_inner][vc_column_inner width=&#8221;5\/6&#8243;][vc_custom_heading text=&#8221;Ammesso in Agricoltura Biologica&#8221; use_theme_fonts=&#8221;yes&#8221;][vc_custom_heading text=&#8221;Conforme al Reg. CE n. 834\/2007 del 28 giugno 2007&#8243; font_container=&#8221;tag:p|text_align:left&#8221; use_theme_fonts=&#8221;yes&#8221;][\/vc_column_inner][\/vc_row_inner][\/vc_column][\/vc_row][:]<\/p>\n","protected":false},"excerpt":{"rendered":"<h3>Forte potere rinverdente a bassi dosaggi \u00a0&#8211; Ferro chelato EDDHA con 6% o-o<\/h3>\n<p><strong>&#8211; AMMESSO IN AGRICOLTURA BIOLOGICA \u2013 <\/strong><strong>\u00a0<\/strong><\/p>\n<p><strong>FORMULAZIONE: Microgranulare WDG<\/strong><\/p>\n<p>Bassi dosaggi per pianta, alta efficienza e maggiore durata nel terreno, maggiore velocit\u00e0 e tenuta di rinverdimento, altissima solubilit\u00e0. KRIPTON \u00e8 un\u2019evoluzione tecnologica degli EDDHA unica nel suo genere.<\/p>\n<p><strong><em>COLTURE:<\/em><\/strong> Pomacee, Drupacee, Kiwi, Agrumi, Vite, Vivai, Orticole e ornamentali.<\/p>\n<p>[:]<\/p>\n","protected":false},"featured_media":592,"template":"","meta":[],"product_cat":[20],"product_tag":[],"_links":{"self":[{"href":"https:\/\/www.opengreen.it\/it\/wp-json\/wp\/v2\/product\/683"}],"collection":[{"href":"https:\/\/www.opengreen.it\/it\/wp-json\/wp\/v2\/product"}],"about":[{"href":"https:\/\/www.opengreen.it\/it\/wp-json\/wp\/v2\/types\/product"}],"wp:featuredmedia":[{"embeddable":true,"href":"https:\/\/www.opengreen.it\/it\/wp-json\/wp\/v2\/media\/592"}],"wp:attachment":[{"href":"https:\/\/www.opengreen.it\/it\/wp-json\/wp\/v2\/media?parent=683"}],"wp:term":[{"taxonomy":"product_cat","embeddable":true,"href":"https:\/\/www.opengreen.it\/it\/wp-json\/wp\/v2\/product_cat?post=683"},{"taxonomy":"product_tag","embeddable":true,"href":"https:\/\/www.opengreen.it\/it\/wp-json\/wp\/v2\/product_tag?post=683"}],"curies":[{"name":"wp","href":"https:\/\/api.w.org\/{rel}","templated":true}]}}