{"id":682,"date":"2017-09-20T17:01:18","date_gmt":"2017-09-20T15:01:18","guid":{"rendered":"https:\/\/www.opengreen.it\/?post_type=product&#038;p=682"},"modified":"2025-01-13T16:47:18","modified_gmt":"2025-01-13T15:47:18","slug":"idropulsar-10-40-0-4-me","status":"publish","type":"product","link":"https:\/\/www.opengreen.it\/it\/prodotto\/idropulsar-10-40-0-4-me\/","title":{"rendered":"Idropulsar 10.40.0 (4) + ME"},"content":{"rendered":"<p>[vc_row][vc_column][vc_column_text]<\/p>\n<div class=\"page\" title=\"Page 6\">\n<p><strong>CARATTERISTICHE<\/strong><\/p>\n<div class=\"page\" title=\"Page 76\">\n<div class=\"layoutArea\">\n<div class=\"column\">\n<div class=\"page\" title=\"Page 82\">\n<div class=\"layoutArea\">\n<div class=\"column\">\n<p>Il concime fogliare e idrosolubile Idropulsar \u00e8 un complesso chimico basato su materie prime di elevata qualit\u00e0. Indicato per avere una solubilit\u00e0 totale ed immediata senza residui.<br \/>\nEsenti cloruri, solfati e carbonati oltre che sodio contengono microelementi da EDTA per ottenere un effetto sistemico dopo il trattamento fogliare.<\/p>\n<p>Per le sue doti \u00e8 eccezionale usato anche in fertirrigazione dove sono apprezzate le risultanze immediate e durature.<\/p>\n<\/div>\n<\/div>\n<\/div>\n<\/div>\n<\/div>\n<\/div>\n<\/div>\n<p>[\/vc_column_text][\/vc_column][\/vc_row][vc_row njt-role=&#8221;not-logged-in&#8221;][vc_column][vc_column_text njt-role=&#8221;not-logged-in&#8221;]<strong>Altre informazioni su questo prodotto sono disponibili esclusivamente per gli utenti che hanno effettuato la registrazione e il login al nostro sito. Per visualizzarli effettua il <a href=\"https:\/\/www.opengreen.it\/login\/\">login<\/a> o la <a href=\"https:\/\/www.opengreen.it\/registration\/\">registrazione<\/a>.<\/strong>[\/vc_column_text][\/vc_column][\/vc_row][vc_row njt-role=&#8221;logged-in&#8221;][vc_column][vc_column_text]<\/p>\n<div title=\"Page 6\">\n<div class=\"page\" title=\"Page 8\">\n<div class=\"section\">\n<div class=\"layoutArea\">\n<div class=\"column\">\n<h3>CONCIME CE<br \/>\nConcime NPK (MgO) 10.40.0 (4) con Microelementi ottenuto per miscelazione<\/h3>\n<\/div>\n<\/div>\n<\/div>\n<\/div>\n<\/div>\n<p>[\/vc_column_text][vc_table]COMPOSIZIONE,|Azoto%20(N)%20totale,10%25|di%20cui%3A%20Azoto%20(N)%20ammoniacale,10%25|Anidride%20Fosforica%20(P2O5)%20solubile%20in%20acqua,40%25|Ossido%20di%20Potassio%20(K2O)%20solubile%20in%20acqua,4%25|Boro%20(B)%20solubile%20in%20acqua,0%2C01%25|Rame%20(Cu)%20chelato%20con%20EDTA%20solubile%20in%20acqua,0%2C001%25|Ferro%20(Fe)%20chelato%20con%20EDTA%20solubile%20in%20acqua,0%2C03%25|Manganese%20(Mn)%20chelato%20con%20EDTA%20solubile%20in%20acqua,0%2C01%25|Molibdeno%20(Mo)%20solubile%20in%20acqua,0%2C001%25|Zinco%20(Zn)%20chelato%20con%20EDTA%20solubile%20in%20acqua,0%2C2%25[\/vc_table][vc_column_text]<\/p>\n<div class=\"page\" title=\"Page 76\">\n<div class=\"layoutArea\">\n<div class=\"column\">\n<p>Rame (Cu), Ferro (Fe), Manganese (Mn) e Zinco (Zn) chelati con EDTA sono stabili nell\u2019intervallo di pH da 4 a 8.<\/p>\n<\/div>\n<\/div>\n<\/div>\n<p>[\/vc_column_text][vc_column_text]<\/p>\n<div title=\"Page 6\">\n<div class=\"page\" title=\"Page 8\">\n<div class=\"section\">\n<div class=\"layoutArea\">\n<div class=\"column\">\n<h3>DOSI DI APPLICAZIONE<\/h3>\n<\/div>\n<\/div>\n<\/div>\n<\/div>\n<\/div>\n<p>[\/vc_column_text][vc_table vc_table_theme=&#8221;classic_blue&#8221;]UTILIZZO,kg%20per%201000%20Lt%20di%20H2O,Quantita%CC%80%20totale|Intervallo%20ogni%201-3%20giorni,0%2C5%20-%201%2C5%20kg%2F1000%20Lt,Pieno%20campo%3A%2060%20kg%2Fha|Intervallo%20ogni%207-14%20giorni,5%20-%2015%20kg%2F1000%20Lt,Serra%3A%208%20-%2012%20g%2Fm2[\/vc_table][vc_row_inner][vc_column_inner width=&#8221;1\/6&#8243;][vc_icon icon_fontawesome=&#8221;fa fa-certificate&#8221;][\/vc_column_inner][vc_column_inner width=&#8221;5\/6&#8243;][vc_custom_heading text=&#8221;Concime CE&#8221; use_theme_fonts=&#8221;yes&#8221;][vc_custom_heading text=&#8221;Conforme al Reg. CE n. 2003\/2003 del 13 ottobre 2003&#8243; font_container=&#8221;tag:p|text_align:left&#8221; use_theme_fonts=&#8221;yes&#8221;][\/vc_column_inner][\/vc_row_inner][\/vc_column][\/vc_row]<\/p>\n","protected":false},"excerpt":{"rendered":"<p><strong>FORMULAZIONE: Microgranulare WDG<\/strong><\/p>\n<p>Complesso chimico basato su materie prime di elevata qualit\u00e0. Indicato per avere una solubilit\u00e0 totale ed immediata senza residui. Esenti da cloruri, solfati e carbonati oltre che sodio contengono microelementi EDTA per ottenere un effetto sistemico dopo il trattamento fogliare. Per le sue doti, \u00e8 eccezionale usate anche in fertirrigazione dove sono apprezzate le risultanze immediate e durature.<\/p>\n","protected":false},"featured_media":675,"template":"","meta":[],"product_cat":[29],"product_tag":[],"_links":{"self":[{"href":"https:\/\/www.opengreen.it\/it\/wp-json\/wp\/v2\/product\/682"}],"collection":[{"href":"https:\/\/www.opengreen.it\/it\/wp-json\/wp\/v2\/product"}],"about":[{"href":"https:\/\/www.opengreen.it\/it\/wp-json\/wp\/v2\/types\/product"}],"wp:featuredmedia":[{"embeddable":true,"href":"https:\/\/www.opengreen.it\/it\/wp-json\/wp\/v2\/media\/675"}],"wp:attachment":[{"href":"https:\/\/www.opengreen.it\/it\/wp-json\/wp\/v2\/media?parent=682"}],"wp:term":[{"taxonomy":"product_cat","embeddable":true,"href":"https:\/\/www.opengreen.it\/it\/wp-json\/wp\/v2\/product_cat?post=682"},{"taxonomy":"product_tag","embeddable":true,"href":"https:\/\/www.opengreen.it\/it\/wp-json\/wp\/v2\/product_tag?post=682"}],"curies":[{"name":"wp","href":"https:\/\/api.w.org\/{rel}","templated":true}]}}