{"id":672,"date":"2017-09-20T16:31:58","date_gmt":"2017-09-20T14:31:58","guid":{"rendered":"https:\/\/www.opengreen.it\/?post_type=product&#038;p=672"},"modified":"2025-01-13T16:47:17","modified_gmt":"2025-01-13T15:47:17","slug":"matrix-10-46","status":"publish","type":"product","link":"https:\/\/www.opengreen.it\/it\/prodotto\/matrix-10-46\/","title":{"rendered":"Matrix 10.46"},"content":{"rendered":"<p>[vc_row][vc_column][vc_column_text]<\/p>\n<div class=\"page\" title=\"Page 6\">\n<div class=\"page\" title=\"Page 60\">\n<div class=\"layoutArea\">\n<div class=\"column\">\n<p><strong>CARATTERISTICHE<\/strong><\/p>\n<div class=\"page\" title=\"Page 85\">\n<div class=\"layoutArea\">\n<div class=\"column\">\n<p>MATRIX 10-46 \u00e8 un concime binario dall\u2019elevato tenore in Fosforo e trova valida applicazione nelle concimazioni \u201clocalizzate\u201d, in fase di trapianto o di semina delle colture.<br \/>\nIl Fosforo \u00e8 presente in una forma completamente e prontamente assimilabile dall\u2019apparato radicale, per cui modeste quantit\u00e0 di prodotto, impiegate in localizzazione, sono sufficienti a soddisfare le esigenze in P2O5 delle colture.<\/p>\n<p>MATRIX 10-46 favorisce una pronta rizogenesi, stimola lo sviluppo del germoglio, migliora la \u201cpartenza\u201d delle piante, in particolare nei terreni \u201cfreddi\u201d e calcarei. I microelementi Mn e Zn svolgono pure un\u2019intensa azione \u201cstarter\u201d, accentuando la funzione plastica propria del formulato.<\/p>\n<p>MATRIX 10-46 \u00e8 un concime a bassa conducibilit\u00e0 e a reazione fisiologicamente acida; non \u00e8 in alcun modo tossico a livello radicale. Nel prodotto sono stati inseriti attivatori dell\u2019assorbimento dell\u2019azoto.<\/p>\n<\/div>\n<\/div>\n<\/div>\n<\/div>\n<\/div>\n<\/div>\n<\/div>\n<p>[\/vc_column_text][\/vc_column][\/vc_row][vc_row njt-role=&#8221;not-logged-in&#8221;][vc_column][vc_column_text njt-role=&#8221;not-logged-in&#8221;]<strong>Altre informazioni su questo prodotto sono disponibili esclusivamente per gli utenti che hanno effettuato la registrazione e il login al nostro sito. Per visualizzarli effettua il <a href=\"https:\/\/www.opengreen.it\/login\/\">login<\/a> o la <a href=\"https:\/\/www.opengreen.it\/registration\/\">registrazione<\/a>.<\/strong>[\/vc_column_text][\/vc_column][\/vc_row][vc_row njt-role=&#8221;logged-in&#8221;][vc_column][vc_column_text]<\/p>\n<div title=\"Page 6\">\n<div class=\"page\" title=\"Page 8\">\n<div class=\"section\">\n<div class=\"layoutArea\">\n<div class=\"column\">\n<h3>CONCIME CE<br \/>\nConcime NP 10-46 con Manganese (Mn), Ferro (Fe) e Zinco (Zn)<\/h3>\n<\/div>\n<\/div>\n<\/div>\n<\/div>\n<\/div>\n<p>[\/vc_column_text][vc_table]COMPOSIZIONE,|Azoto%20(N)%20totale,10%25|di%20cui%3A%20Azoto%20(N)%20ammoniacale,10%25|Anidride%20Fosforica%20(P2O5)%20solubile%20in%20acqua%0Ae%20citrato%20ammonico,46%25|Anidride%20Fosforica%20(P2O5)%20solubile%20in%20acqua,44%25|Anidride%20solforica%20(SO3),5%25|Zinco%20(Zn),1.6%25|Manganese%20(Mn),0%2C07%25|Ferro%20(Fe),0%2C7%25[\/vc_table][vc_column_text]<\/p>\n<div class=\"page\" title=\"Page 60\">\n<div class=\"layoutArea\">\n<div class=\"column\">\n<p>Estratto acquoso ottenuto per estrazione acida di alghe brune ed estratti vegetali provenienti dall\u2019industria agroalimentare.<\/p>\n<p>Il prodotto \u00e8 stabile a temperature e pressioni ordinarie. Conservare a temperatura compresa tra 3\u00b0C e 35\u00b0C. Il prodotto non \u00e8 combustibile.<\/p>\n<p>Materie prime: estratti vegetali provenienti dall\u2019industria agroalimentare ed alghe brune.<\/p>\n<\/div>\n<\/div>\n<\/div>\n<p>[\/vc_column_text][vc_column_text]<\/p>\n<div title=\"Page 6\">\n<div class=\"page\" title=\"Page 8\">\n<div class=\"section\">\n<div class=\"layoutArea\">\n<div class=\"column\">\n<h3>DOSI D&#8217;IMPIEGO E MODALIT\u00c0 D&#8217;USO<\/h3>\n<\/div>\n<\/div>\n<\/div>\n<\/div>\n<\/div>\n<p>[\/vc_column_text][vc_column_text]<\/p>\n<div class=\"page\" title=\"Page 85\">\n<div class=\"layoutArea\">\n<div class=\"column\">\n<p>MATRIX 10-46 si impiega alla semina di qualsiasi coltura, al trapianto delle colture ortofloricole e arboree in genere e nella messa a dimora delle colture frutticole.<\/p>\n<\/div>\n<\/div>\n<\/div>\n<p>[\/vc_column_text][vc_table][bg#eeee22]In%20localizzazione%20alla%20semina,[bg#eeee22]|Grano%2C%20Mais%2C%20Sorgo%2C%20Riso,15-30%20Kg%2Fha|Barbabietole%2C%20Cotone%2C%20Girasole%2C%20Soia,30-35%20Kg-ha|Pomodoro%2C%20Patata%2C%20Radicchio%20e%20orticole%20in%20genere,30-35%20Kg%2Fha[\/vc_table][vc_table][bg#eeee22]In%20localizzazione%20al%20trapianto,[bg#eeee22]|Orticole%20in%20pieno%20campo%20(pomodoro%2C%20melanzana%2C%20zucchino%2C%20peperone%2C%20cetriolo%2C%20ecc),25-35%20Kg%2Fha|Melone%2C%20Anguria%2C%20Fragola,20-30%20Kg%2Fha|Tabacco,25-35%20Kg%2Fha|Orticole%20in%20serra%3A%20non%20superare,2-3%20Kg%2F1000%20mq|Floricole%20in%20pieno%20campo,20-30%20Kg%2Fha[\/vc_table][vc_column_text]<\/p>\n<div class=\"page\" title=\"Page 85\">\n<div class=\"layoutArea\">\n<div class=\"column\">\n<div class=\"page\" title=\"Page 85\">\n<div class=\"layoutArea\">\n<div class=\"column\">\n<p>E\u2019 consigliabile distribuire il formulato nel solco in prossimit\u00e0 dell\u2019apparato radicale delle plantule.<\/p>\n<div class=\"page\" title=\"Page 85\">\n<div class=\"layoutArea\">\n<div class=\"column\">\n<p>N.B. Per orticole a \u201ctrapianto fitto\u201d (insalate, lattughe, bietacosta, ecc ..) si consiglia di distribuire MATRIX 10-46 su tutta la fascia interessata dal trapianto alla dose di 20-30 Kg\/1000 mq.<\/p>\n<\/div>\n<\/div>\n<\/div>\n<\/div>\n<\/div>\n<\/div>\n<\/div>\n<\/div>\n<\/div>\n<p>[\/vc_column_text][vc_table][bg#eeee22]Messa%20a%20dimora%20di%20colture%20arboree,[bg#eeee22]|Vite,10-15%20gr%2Fceppo|Actinidia,10-15%20gr%2Fceppo|Melo%2C%20Pero%2C%20Pesco%20%2C%20ecc.,15-30%20gr%2Fceppo|Olivo%2C%20Agrumi,15-30%20gr%2Fceppo|Colture%20arboree%20da%20legno,20-40%20gr%2Fceppo[\/vc_table][vc_column_text]<\/p>\n<div class=\"page\" title=\"Page 85\">\n<div class=\"layoutArea\">\n<div class=\"column\">\n<div class=\"page\" title=\"Page 85\">\n<div class=\"layoutArea\">\n<div class=\"column\">\n<div class=\"page\" title=\"Page 85\">\n<div class=\"layoutArea\">\n<div class=\"column\">\n<p>Si consiglia di localizzare MATRIX 10-46 in prossimit\u00e0 delle radici.<\/p>\n<\/div>\n<\/div>\n<\/div>\n<\/div>\n<\/div>\n<\/div>\n<\/div>\n<\/div>\n<\/div>\n<p>[\/vc_column_text][vc_column_text]<\/p>\n<div class=\"page\" title=\"Page 85\">\n<div class=\"layoutArea\">\n<div class=\"column\">\n<div class=\"page\" title=\"Page 85\">\n<div class=\"layoutArea\">\n<div class=\"column\">\n<div class=\"page\" title=\"Page 85\">\n<div class=\"layoutArea\">\n<div class=\"column\">\n<div class=\"page\" title=\"Page 85\">\n<div class=\"layoutArea\">\n<div class=\"column\">\n<p><strong>Integrazione substrati di coltura<\/strong><br \/>\nMiscelazione in modo uniforme 500-700 gr. per ogni mc. di terricciati o torbe.<\/p>\n<\/div>\n<\/div>\n<\/div>\n<\/div>\n<\/div>\n<\/div>\n<\/div>\n<\/div>\n<\/div>\n<\/div>\n<\/div>\n<\/div>\n<p>[\/vc_column_text][\/vc_column][\/vc_row]<\/p>\n","protected":false},"excerpt":{"rendered":"<h3>Per cereali<\/h3>\n<p>Concime binario dall\u2019elevato tenore in Fosforo e trova valida applicazione nelle concimazioni \u201clocalizzate\u201d, in fase di trapianto o di semina delle colture. Concime a bassa conducibilit\u00e0 ed a reazione fisiologicamente acida; non \u00e8 tossico a livello radicale. Nel prodotto sono stati inseriti attivatori dell\u2019assorbimento dell\u2019azoto.<\/p>\n<p><strong><em>COLTURE:<\/em><\/strong> grano, mais, sorgo, riso, barbabietola, cotone, girasole, soia, pomodoro, patata, radicchio e orticole in genere, orticole in pieno campo (pomodoro, melanzana, zucchino, peperone, cetriolo, ecc), melone, anguria, fragola, tabacco, floricole in pieno campo, vite actinidia, melo, pero, pesco, olivo, agrumi, colture arboree da legno.<\/p>\n","protected":false},"featured_media":673,"template":"","meta":[],"product_cat":[26],"product_tag":[],"_links":{"self":[{"href":"https:\/\/www.opengreen.it\/it\/wp-json\/wp\/v2\/product\/672"}],"collection":[{"href":"https:\/\/www.opengreen.it\/it\/wp-json\/wp\/v2\/product"}],"about":[{"href":"https:\/\/www.opengreen.it\/it\/wp-json\/wp\/v2\/types\/product"}],"wp:featuredmedia":[{"embeddable":true,"href":"https:\/\/www.opengreen.it\/it\/wp-json\/wp\/v2\/media\/673"}],"wp:attachment":[{"href":"https:\/\/www.opengreen.it\/it\/wp-json\/wp\/v2\/media?parent=672"}],"wp:term":[{"taxonomy":"product_cat","embeddable":true,"href":"https:\/\/www.opengreen.it\/it\/wp-json\/wp\/v2\/product_cat?post=672"},{"taxonomy":"product_tag","embeddable":true,"href":"https:\/\/www.opengreen.it\/it\/wp-json\/wp\/v2\/product_tag?post=672"}],"curies":[{"name":"wp","href":"https:\/\/api.w.org\/{rel}","templated":true}]}}