{"id":653,"date":"2017-09-20T15:07:00","date_gmt":"2017-09-20T13:07:00","guid":{"rendered":"https:\/\/www.opengreen.it\/?post_type=product&#038;p=653"},"modified":"2025-01-13T16:47:15","modified_gmt":"2025-01-13T15:47:15","slug":"livingland","status":"publish","type":"product","link":"https:\/\/www.opengreen.it\/it\/prodotto\/livingland\/","title":{"rendered":"Livingland"},"content":{"rendered":"<p>[vc_row][vc_column][vc_column_text]<\/p>\n<div class=\"page\" title=\"Page 6\">\n<p><strong>CARATTERISTICHE<\/strong><\/p>\n<div class=\"page\" title=\"Page 68\">\n<div class=\"layoutArea\">\n<div class=\"column\">\n<p>Livingland \u00e8 un fertilizzante organico\/biopromotore di nuova concezione. Attraverso un attento controllo della presenza di batteri utili quali Streptomyces 109 UFC\/g e Trichoderma 109 UFC\/g, Livingland pemette di espletare una maggiore attivit\u00e0 a livello della rizosfera, grazie alla produzione di sostanze utili all&#8217;attivit\u00e0 di assimilazione della pianta.<br \/>\nPartendo da una matrice organica nobile, caratterizzata da un\u2019alta qualit\u00e0 del carbonio organico, da un elevato tasso di umicazione ed un ottimale rapporto carbonio\/azoto, Livingland consente gi\u00e0 di per s\u00e8 di raggiungere le massime performance, con il ripristino della fertilit\u00e0 biologica, fisica e chimica del terreno. La vera novit\u00e0 di questo prodotto consiste nell\u2019aver integrato alla matrice organica alcune componenti che ne esaltano l\u2019attivit\u00e0. Infatti, attraverso un sofisticato procedimento, siamo stati in grado di incorporare nella formulazione: alghe, acidi umici, batteri, resine catalizzatrici, idroretentore (sostanza con grande ca- pacit\u00e0 di ritenzione idrica) e microelementi quali Manganese, Zinco, Boro e Molibdeno. Tutte queste componenti, con un\u2019azione sinergica tra loro, concorrono ad apportare nelle colture diversi benefici, quali:<\/p>\n<p>\u2022 Miglioramento dell\u2019attivit\u00e0 del suolo.<br \/>\n\u2022 Forte sviluppo dell\u2019apparato radicale.<br \/>\n\u2022 Stimolazione dell\u2019attivit\u00e0 della microfauna batterica nel suolo.<br \/>\n\u2022 Miglioramento dello stato fisico del terreno, aumentando la circolazione dell\u2019aria.<br \/>\n\u2022 Aumento della capacit\u00e0 di ritenzione e conservazione dell\u2019acqua.<br \/>\n\u2022 Maggiore disponibilit\u00e0 degli elementi presenti nel terreno (permettendo una riduzione delle concimazioni minerali).<\/p>\n<p>Livingland \u00e8 esente da nematodi, salmonelle e coliformi, inoltre \u00e8 assolutamente in linea con la normativa di legge riguardante il contenuto di metalli pesanti.<\/p><\/div>\n<\/div>\n<\/div>\n<\/div>\n<p>[\/vc_column_text][\/vc_column][\/vc_row][vc_row njt-role=&#8221;not-logged-in&#8221;][vc_column][vc_column_text njt-role=&#8221;not-logged-in&#8221;]<strong>Altre informazioni su questo prodotto sono disponibili esclusivamente per gli utenti che hanno effettuato la registrazione e il login al nostro sito. Per visualizzarli effettua il <a href=\"https:\/\/www.opengreen.it\/login\/\">login<\/a> o la <a href=\"https:\/\/www.opengreen.it\/registration\/\">registrazione<\/a>.<\/strong>[\/vc_column_text][\/vc_column][\/vc_row][vc_row njt-role=&#8221;logged-in&#8221;][vc_column][vc_column_text]<\/p>\n<div title=\"Page 6\">\n<div class=\"page\" title=\"Page 8\">\n<div class=\"section\">\n<div class=\"layoutArea\">\n<div class=\"column\">\n<h3>CONCIME ORGANICO<br \/>\nOrganico\/Bioinduttore ad alta ritenzione idrica<\/h3>\n<\/div>\n<\/div>\n<\/div>\n<\/div>\n<\/div>\n<p>[\/vc_column_text][vc_table]COMPOSIZIONE,|Umidita%CC%80,15%25|ph,7%2C9%25|Carbonio%20(C)%20organico%20di%20origine%20biologica%20s.s.,25%25|Acidi%20fulvici%20sul%20s.s.,7%25|Azoto%20(N)%20organico%20sul%20s.s.,2%25|Rapporto%20C%2FN,12|Salinit%C3%A0,6%2C30%20dS%2Fm[\/vc_table][vc_column_text]<\/p>\n<div class=\"page\" title=\"Page 68\">\n<div class=\"layoutArea\">\n<div class=\"column\">\n<p><strong>Materie prime:\u00a0<\/strong>Miscela composta di materiali vegetali; letame bovino, avicolo ed equino.<\/div>\n<\/div>\n<\/div>\n<p>[\/vc_column_text][vc_column_text]<\/p>\n<div class=\"page\" title=\"Page 6\">\n<p><strong>DOSI DI APPLICAZIONI<\/strong><\/p>\n<div class=\"page\" title=\"Page 68\">\n<div class=\"layoutArea\">\n<div class=\"column\">\n<p>Da 800 a 1200 kg per ettaro, secondo le esigenze.<\/p>\n<p>300 Kg per ettaro presemina grano.<\/p>\n<p><strong>CONSIGLI<\/strong><\/p>\n<p>Per la presenza di batteri attivi (Carica Batterica Aerobica 883.240.000 UFC\/gr; Carica Batterica Anaerobica 70.020.000 UFC\/gr), se ne sconsiglia la distribuzione in caso di temperature tendenti a 0\u00b0 o superiori a 40\u00b0.<\/p><\/div>\n<div class=\"page\" title=\"Page 68\">\n<div class=\"layoutArea\">\n<div class=\"column\">\n<p>Disponibile in sacchi da 25 kg e Big bags.<\/p><\/div>\n<\/div>\n<\/div>\n<\/div>\n<\/div>\n<\/div>\n<p>[\/vc_column_text][vc_row_inner][vc_column_inner width=&#8221;1\/6&#8243;][vc_icon icon_fontawesome=&#8221;fa fa-leaf&#8221; color=&#8221;custom&#8221; custom_color=&#8221;#addd44&#8243;][\/vc_column_inner][vc_column_inner width=&#8221;5\/6&#8243;][vc_custom_heading text=&#8221;Ammesso in Agricoltura Biologica&#8221; use_theme_fonts=&#8221;yes&#8221;][vc_custom_heading text=&#8221;Conforme al Reg. CE n. 834\/2007 del 28 giugno 2007&#8243; font_container=&#8221;tag:p|text_align:left&#8221; use_theme_fonts=&#8221;yes&#8221;][\/vc_column_inner][\/vc_row_inner][\/vc_column][\/vc_row]<\/p>\n","protected":false},"excerpt":{"rendered":"<p><strong>&#8211; AMMESSO IN AGRICOLTURA BIOLOGICA \u2013 <\/strong><\/p>\n<p>Fertilizzante organico\/biopromotore di nuova concezione. Livingland permette di espletare una maggiore attivit\u00e0 a livello della rizosfera, grazie alla produzione di sostanze utili all\u2019attivit\u00e0 di assimilazione della pianta. Grazie alle sue componenti, questo prodotto migliora l\u2019attivit\u00e0 del suolo, stimola l\u2019attivit\u00e0 della microfauna batterica nel suolo, migliora lo stato fisico del terreno, aumentando la circolazione dell\u2019aria.<\/p>\n<p><strong><em>COLTURE:<\/em><\/strong> su tutte le colture.<\/p>\n","protected":false},"featured_media":655,"template":"","meta":[],"product_cat":[26],"product_tag":[],"_links":{"self":[{"href":"https:\/\/www.opengreen.it\/it\/wp-json\/wp\/v2\/product\/653"}],"collection":[{"href":"https:\/\/www.opengreen.it\/it\/wp-json\/wp\/v2\/product"}],"about":[{"href":"https:\/\/www.opengreen.it\/it\/wp-json\/wp\/v2\/types\/product"}],"wp:featuredmedia":[{"embeddable":true,"href":"https:\/\/www.opengreen.it\/it\/wp-json\/wp\/v2\/media\/655"}],"wp:attachment":[{"href":"https:\/\/www.opengreen.it\/it\/wp-json\/wp\/v2\/media?parent=653"}],"wp:term":[{"taxonomy":"product_cat","embeddable":true,"href":"https:\/\/www.opengreen.it\/it\/wp-json\/wp\/v2\/product_cat?post=653"},{"taxonomy":"product_tag","embeddable":true,"href":"https:\/\/www.opengreen.it\/it\/wp-json\/wp\/v2\/product_tag?post=653"}],"curies":[{"name":"wp","href":"https:\/\/api.w.org\/{rel}","templated":true}]}}