{"id":652,"date":"2017-09-20T15:05:39","date_gmt":"2017-09-20T13:05:39","guid":{"rendered":"https:\/\/www.opengreen.it\/?post_type=product&#038;p=652"},"modified":"2025-01-13T16:47:15","modified_gmt":"2025-01-13T15:47:15","slug":"tricodema","status":"publish","type":"product","link":"https:\/\/www.opengreen.it\/it\/prodotto\/tricodema\/","title":{"rendered":"Tricodema"},"content":{"rendered":"<p>[vc_row][vc_column][vc_column_text]<\/p>\n<div class=\"page\" title=\"Page 6\">\n<div class=\"page\" title=\"Page 58\">\n<div class=\"layoutArea\">\n<div class=\"column\">\n<p><strong>CARATTERISTICHE<\/strong><\/p>\n<p>Il prodotto consente nel terreno un&#8217;attivit\u00e0 biologica elevata e lo sviluppo dell\u2019apparato radicale. In particolare, a pH sub acido, lo sviluppo di funghi, molto benefici per le piante, quali quelli appartenenti al Genere Trichoderma Viride, Harzianum e Clonosta- chys Rosea (endofita), anche a concentrazioni oltre 108 UFC\/g. E\u2019 noto che questi funghi hanno la capacit\u00e0 di contrastare funghi fitopatogeni, quali Fusarium, Pythium, Armillaria, Phytophora, Sclerotinia, Rhizoctonia Solani ecc&#8230; ed anche batteri, attraverso vari meccanismi naturali, oltre alle propriet\u00e0 di stimolare la crescita delle piante e di degradare residui organici nel terreno, inclusi residui di fitofarmaci. Quando il prodotto \u00e8 applicato al terreno o a substrati, consente di assicurare loro condizioni di salubrit\u00e0 e fertilit\u00e0 elevate.<\/p>\n<\/div>\n<\/div>\n<\/div>\n<\/div>\n<p>[\/vc_column_text][\/vc_column][\/vc_row][vc_row njt-role=&#8221;not-logged-in&#8221;][vc_column][vc_column_text njt-role=&#8221;not-logged-in&#8221;]<strong>Altre informazioni su questo prodotto sono disponibili esclusivamente per gli utenti che hanno effettuato la registrazione e il login al nostro sito. Per visualizzarli effettua il <a href=\"https:\/\/www.opengreen.it\/login\/\">login<\/a> o la <a href=\"https:\/\/www.opengreen.it\/registration\/\">registrazione<\/a>.<\/strong>[\/vc_column_text][\/vc_column][\/vc_row][vc_row njt-role=&#8221;logged-in&#8221;][vc_column][vc_column_text]<\/p>\n<div title=\"Page 6\">\n<div class=\"page\" title=\"Page 8\">\n<div class=\"section\">\n<div class=\"layoutArea\">\n<div class=\"column\">\n<h3>Ai termini del d.Lgs 75\/2010<br \/>\nPRODOTTO AD AZIONE SPECIFICA INOCULO DI FUNGHI MICORRIZICI<\/h3>\n<div class=\"page\" title=\"Page 58\">\n<div class=\"layoutArea\">\n<div class=\"column\">\n<p>Tipo di ammendante organico: ammendante vegetale semplice non compostato<\/p>\n<\/div>\n<\/div>\n<\/div>\n<\/div>\n<\/div>\n<\/div>\n<\/div>\n<\/div>\n<p>[\/vc_column_text][vc_table]COMPOSIZIONE,p%2Fp|Contenuto%20in%20Micorrize,1%25|Contenuto%20in%20batteri%20della%20rizosfera,10(6)%20UFC%2Fg|Contenuto%20in%20Thricoderma,10(6)%20UFC%2Fg[\/vc_table][vc_column_text]<\/p>\n<div class=\"page\" title=\"Page 58\">\n<div class=\"layoutArea\">\n<div class=\"column\">\n<p>Altri componenti: Il prodotto non contiene organismi geneticamente modificati ed organismi patogeni (salmonella, coliformi fecali, mesofili aerobici e uova di nematodi)<\/p>\n<p>Il prodotto \u00e8 stabile a temperature e pressioni ordinarie. Conservare a temperatura compresa tra 4\u00b0C e 30\u00b0C. Il prodotto non \u00e8 combustibile.<\/p>\n<p>Materie prime: inoculo di funghi micorrizici.<\/p>\n<\/div>\n<\/div>\n<\/div>\n<p>[\/vc_column_text][vc_column_text]<\/p>\n<div title=\"Page 6\">\n<div class=\"page\" title=\"Page 8\">\n<div class=\"section\">\n<div class=\"layoutArea\">\n<div class=\"column\">\n<h3>DOSI DI APPLICAZIONE<\/h3>\n<\/div>\n<\/div>\n<\/div>\n<\/div>\n<\/div>\n<p>[\/vc_column_text][vc_column_text]<\/p>\n<div class=\"page\" title=\"Page 6\">\n<p>VIVAIO E COLTURE FUORI TERRA: Somministrare nei substrati: 100 g\/mc<\/p>\n<div class=\"page\" title=\"Page 58\">\n<div class=\"layoutArea\">\n<div class=\"column\">\n<p>SERRA: Somministrare nel terreno prima di semina o trapianto: 200 g\/1000 mq.<\/p>\n<p>PIENO CAMPO: Somministrare nei terreni prima di semina o trapianto, 1-2 kg\/ha.<\/p>\n<p>ALBERATURE A DIMORA: Somministrare su radici di alberature interrate o nude (sospensione 1\/100-1\/500)<\/p>\n<p>TECNICHE: Irrigazione, Fertirrigazione, Palo iniettore, Concia radici.<\/p>\n<\/div>\n<\/div>\n<\/div>\n<\/div>\n<p>[\/vc_column_text][vc_column_text]<\/p>\n<div title=\"Page 6\">\n<div class=\"page\" title=\"Page 8\">\n<div class=\"section\">\n<div class=\"layoutArea\">\n<div class=\"column\">\n<h3>ALTRE INFORMAZIONI<\/h3>\n<\/div>\n<\/div>\n<\/div>\n<\/div>\n<\/div>\n<p>[\/vc_column_text][vc_column_text]<\/p>\n<div class=\"page\" title=\"Page 6\">\n<div class=\"page\" title=\"Page 58\">\n<div class=\"layoutArea\">\n<div class=\"column\">\n<div class=\"page\" title=\"Page 58\">\n<div class=\"layoutArea\">\n<div class=\"column\">\n<p>Conservazione e Shelf-life: In luogo fresco la shelf-life \u00e8 di due anni.<\/p>\n<p>Limitazioni di responsabilit\u00e0 e avvertenze: Le analisi sono relative al prodotto all\u2019origine. Essendo un prodotto anche organico non contenente stabilizzanti chimici, il medesimo potrebbe subire qualche variazione nei titoli. Il prodotto non contiene OGM e non contiene sostanze nocive, ma non \u00e8 un prodotto alimentare e non va ingerito. In caso di contatto con pelle e occhi lavare abbondantemente con acqua potabile.<\/p>\n<\/div>\n<\/div>\n<\/div>\n<\/div>\n<\/div>\n<\/div>\n<\/div>\n<p>[\/vc_column_text][vc_row_inner][vc_column_inner width=&#8221;1\/6&#8243;][vc_icon icon_fontawesome=&#8221;fa fa-certificate&#8221;][\/vc_column_inner][vc_column_inner width=&#8221;5\/6&#8243;][vc_custom_heading text=&#8221;Concime&#8221; use_theme_fonts=&#8221;yes&#8221;][vc_custom_heading text=&#8221;Conforme al DLn\u00b0 75\/ 2010 del 29 aprile 2010.&#8221; font_container=&#8221;tag:p|text_align:left&#8221; use_theme_fonts=&#8221;yes&#8221;][\/vc_column_inner][\/vc_row_inner][vc_row_inner][vc_column_inner width=&#8221;1\/6&#8243;][vc_icon icon_fontawesome=&#8221;fa fa-leaf&#8221; color=&#8221;custom&#8221; custom_color=&#8221;#addd44&#8243;][\/vc_column_inner][vc_column_inner width=&#8221;5\/6&#8243;][vc_custom_heading text=&#8221;Ammesso in Agricoltura Biologica&#8221; use_theme_fonts=&#8221;yes&#8221;][vc_custom_heading text=&#8221;Conforme al Reg. CE n. 834\/2007 del 28 giugno 2007&#8243; font_container=&#8221;tag:p|text_align:left&#8221; use_theme_fonts=&#8221;yes&#8221;][\/vc_column_inner][\/vc_row_inner][\/vc_column][\/vc_row]<\/p>\n","protected":false},"excerpt":{"rendered":"<p><strong>&#8211; AMMESSO IN AGRICOLTURA BIOLOGICA \u2013 <\/strong><strong>\u00a0<\/strong><\/p>\n<p><strong>FORMULAZIONE: Liquido<\/strong><\/p>\n<p>Il prodotto consente nel terreno un\u2019attivit\u00e0 biologica elevata e lo sviluppo dell\u2019apparato radicale. Quando il prodotto \u00e8 applicato al terreno o a substrati, consente di assicurare loro condizioni di salubrit\u00e0 e fertilit\u00e0 elevate.<\/p>\n<p><strong><em>COLTURE:<\/em><\/strong> Vivaio e colture fuori terra, Serra, Alberature a dimora.<\/p>\n","protected":false},"featured_media":654,"template":"","meta":[],"product_cat":[25],"product_tag":[],"_links":{"self":[{"href":"https:\/\/www.opengreen.it\/it\/wp-json\/wp\/v2\/product\/652"}],"collection":[{"href":"https:\/\/www.opengreen.it\/it\/wp-json\/wp\/v2\/product"}],"about":[{"href":"https:\/\/www.opengreen.it\/it\/wp-json\/wp\/v2\/types\/product"}],"wp:featuredmedia":[{"embeddable":true,"href":"https:\/\/www.opengreen.it\/it\/wp-json\/wp\/v2\/media\/654"}],"wp:attachment":[{"href":"https:\/\/www.opengreen.it\/it\/wp-json\/wp\/v2\/media?parent=652"}],"wp:term":[{"taxonomy":"product_cat","embeddable":true,"href":"https:\/\/www.opengreen.it\/it\/wp-json\/wp\/v2\/product_cat?post=652"},{"taxonomy":"product_tag","embeddable":true,"href":"https:\/\/www.opengreen.it\/it\/wp-json\/wp\/v2\/product_tag?post=652"}],"curies":[{"name":"wp","href":"https:\/\/api.w.org\/{rel}","templated":true}]}}