{"id":647,"date":"2017-09-20T12:13:22","date_gmt":"2017-09-20T10:13:22","guid":{"rendered":"https:\/\/www.opengreen.it\/?post_type=product&#038;p=647"},"modified":"2025-01-13T16:47:15","modified_gmt":"2025-01-13T15:47:15","slug":"resalt","status":"publish","type":"product","link":"https:\/\/www.opengreen.it\/it\/prodotto\/resalt\/","title":{"rendered":"Resalt"},"content":{"rendered":"<p>[vc_row][vc_column][vc_column_text]<\/p>\n<div class=\"page\" title=\"Page 6\">\n<div class=\"page\" title=\"Page 54\">\n<div class=\"section\">\n<div class=\"layoutArea\">\n<div class=\"column\">\n<p><strong>CARATTERISTICHE<\/strong><\/p>\n<\/div>\n<div class=\"column\"><\/div>\n<\/div>\n<div class=\"layoutArea\">\n<div class=\"column\">\n<p>RESALT \u00e8 un biostimolante da applicare in fase avanzata della coltura, per predisporre la pianta a raggiungere le migliori performance produttive, sia in termini di quantit\u00e0 che qualit\u00e0.<br \/>\nStimola la divisione cellulare e di conseguenza contribuisce all\u2019aumento della pezzatura.<br \/>\nIl suo impiego permette inoltre lo stimolo di attivit\u00e0 metaboliche volte a favorire la distensione cellulare, con benefici sull\u2019aspetto del frutto, colore, sapore e alte rese produttive.<\/p>\n<\/div>\n<\/div>\n<\/div>\n<\/div>\n<\/div>\n<p>[\/vc_column_text][\/vc_column][\/vc_row][vc_row njt-role=&#8221;not-logged-in&#8221;][vc_column][vc_column_text njt-role=&#8221;not-logged-in&#8221;]<strong>Altre informazioni su questo prodotto sono disponibili esclusivamente per gli utenti che hanno effettuato la registrazione e il login al nostro sito. Per visualizzarli effettua il <a href=\"https:\/\/www.opengreen.it\/login\/\">login<\/a> o la <a href=\"https:\/\/www.opengreen.it\/registration\/\">registrazione<\/a>.<\/strong>[\/vc_column_text][\/vc_column][\/vc_row][vc_row njt-role=&#8221;logged-in&#8221;][vc_column][vc_column_text]<\/p>\n<div title=\"Page 6\">\n<div class=\"page\" title=\"Page 8\">\n<div class=\"section\">\n<div class=\"layoutArea\">\n<div class=\"column\">\n<h3>BIOSTIMOLANTE<br \/>\nProdotto ad azione specifica<\/h3>\n<div class=\"page\" title=\"Page 54\">\n<div class=\"section\">\n<div class=\"layoutArea\">\n<div class=\"column\">\n<p>Estratto liquido di erba medica, alghe e melasso<\/p>\n<\/div>\n<\/div>\n<\/div>\n<\/div>\n<\/div>\n<\/div>\n<\/div>\n<\/div>\n<\/div>\n<p>[\/vc_column_text][vc_table]COMPOSIZIONE,p%2Fp|Azoto%20(N)%20totale,1%2C5%25|Azoto%20(N)%20organico,1%2C5%25|Carbonio%20organico%20(C)%20di%20origine%20biologica,15%25|Ossido%20di%20Potassio%20(K2O)%20solubile%20in%20acqua,6%25|Betaine,1%25|Fenilalanina,1%25|Metionina,1%25[\/vc_table][vc_column_text]<\/p>\n<div title=\"Page 6\">\n<div class=\"page\" title=\"Page 8\">\n<div class=\"section\">\n<div class=\"layoutArea\">\n<div class=\"column\">\n<h3>MODALIT\u00c0 E DOSI DI APPLICAZIONE<\/h3>\n<\/div>\n<\/div>\n<\/div>\n<\/div>\n<\/div>\n<p>[\/vc_column_text][vc_column_text]<\/p>\n<div class=\"page\" title=\"Page 6\">\n<div class=\"page\" title=\"Page 54\">\n<div class=\"section\">\n<div class=\"layoutArea\">\n<div class=\"column\">\n<p>CONCIMAZIONE FOGLIARE:<\/p>\n<p>Orticole e seminativi: 2 Kg\/ha dalla fioritura ad intervalli e ripetere ad intervalli di 7 &#8211; 10 giorni. Frutticole: 3 Kg\/ha 2 &#8211; 3 trattamenti a partire dalla fioritura ogni 7 giorni.<\/p>\n<\/div>\n<\/div>\n<\/div>\n<\/div>\n<\/div>\n<p>[\/vc_column_text][vc_row_inner][vc_column_inner width=&#8221;1\/6&#8243;][vc_icon icon_fontawesome=&#8221;fa fa-leaf&#8221; color=&#8221;custom&#8221; custom_color=&#8221;#addd44&#8243;][\/vc_column_inner][vc_column_inner width=&#8221;5\/6&#8243;][vc_custom_heading text=&#8221;Ammesso in Agricoltura Biologica&#8221; use_theme_fonts=&#8221;yes&#8221;][vc_custom_heading text=&#8221;Conforme al Reg. CE n. 834\/2007 del 28 giugno 2007&#8243; font_container=&#8221;tag:p|text_align:left&#8221; use_theme_fonts=&#8221;yes&#8221;][\/vc_column_inner][\/vc_row_inner][\/vc_column][\/vc_row][:]<\/p>\n","protected":false},"excerpt":{"rendered":"<h3>Favorisce la maturazione, colorazione e sapore dei frutti<\/h3>\n<p><strong>&#8211; AMMESSO IN AGRICOLTURA BIOLOGICA \u2013 <\/strong><strong>\u00a0<\/strong><\/p>\n<p><strong>FORMULAZIONE: Liquido<\/strong><\/p>\n<p>Biostimolante da applicare in fase avanzata della coltura, per predisporre la pianta a raggiungere le migliori performance produttive, sia in termini di quantit\u00e0 che qualit\u00e0. Il suo impiego permette inoltre lo stimolo di attivit\u00e0 metaboliche volte a favorire la distensione cellulare, con benefici sull\u2019aspetto del frutto, colore, sapore e alte rese produttive.<\/p>\n<p><strong><em>COLTURE:<\/em><\/strong> Orticole e Seminativi, Frutticole.<\/p>\n<p>[:]<\/p>\n","protected":false},"featured_media":640,"template":"","meta":[],"product_cat":[24],"product_tag":[],"_links":{"self":[{"href":"https:\/\/www.opengreen.it\/it\/wp-json\/wp\/v2\/product\/647"}],"collection":[{"href":"https:\/\/www.opengreen.it\/it\/wp-json\/wp\/v2\/product"}],"about":[{"href":"https:\/\/www.opengreen.it\/it\/wp-json\/wp\/v2\/types\/product"}],"wp:featuredmedia":[{"embeddable":true,"href":"https:\/\/www.opengreen.it\/it\/wp-json\/wp\/v2\/media\/640"}],"wp:attachment":[{"href":"https:\/\/www.opengreen.it\/it\/wp-json\/wp\/v2\/media?parent=647"}],"wp:term":[{"taxonomy":"product_cat","embeddable":true,"href":"https:\/\/www.opengreen.it\/it\/wp-json\/wp\/v2\/product_cat?post=647"},{"taxonomy":"product_tag","embeddable":true,"href":"https:\/\/www.opengreen.it\/it\/wp-json\/wp\/v2\/product_tag?post=647"}],"curies":[{"name":"wp","href":"https:\/\/api.w.org\/{rel}","templated":true}]}}