{"id":638,"date":"2017-09-20T11:38:56","date_gmt":"2017-09-20T09:38:56","guid":{"rendered":"https:\/\/www.opengreen.it\/?post_type=product&#038;p=638"},"modified":"2025-01-13T16:47:14","modified_gmt":"2025-01-13T15:47:14","slug":"verbel","status":"publish","type":"product","link":"https:\/\/www.opengreen.it\/it\/prodotto\/verbel\/","title":{"rendered":"Verbel"},"content":{"rendered":"<p>[vc_row][vc_column][vc_column_text]<\/p>\n<div class=\"page\" title=\"Page 6\">\n<p><strong>CARATTERISTICHE<\/strong><\/p>\n<div class=\"page\" title=\"Page 46\">\n<div class=\"layoutArea\">\n<div class=\"column\">\n<ul>\n<li>Controllo efficace delle fisiopatie nutrizionali.<\/li>\n<li>Permette di far superare al vegetale stress pedoclimatici dannosi alla pianta e quindi alla produzione.<\/li>\n<li>Prodotto universale per flessibilit\u00e0, scatto, velocit\u00e0, agilit\u00e0.<\/li>\n<li>Entra nella pianta in sole 3-6 ore.<\/li>\n<li>Concorre all\u2019aumento della produzione.<\/li>\n<li>Sviluppa le dimensioni del frutto.<\/li>\n<li>Migliora le caratteristiche organolettiche.<\/li>\n<li>Rende pi\u00f9 costante il calibro dei frutti.<\/li>\n<li>Aumenta il grado brix dei frutti.<\/li>\n<\/ul>\n<\/div>\n<\/div>\n<\/div>\n<\/div>\n<p>[\/vc_column_text][\/vc_column][\/vc_row][vc_row njt-role=&#8221;not-logged-in&#8221;][vc_column][vc_column_text njt-role=&#8221;not-logged-in&#8221;]<strong>Altre informazioni su questo prodotto sono disponibili esclusivamente per gli utenti che hanno effettuato la registrazione e il login al nostro sito. Per visualizzarli effettua il <a href=\"https:\/\/www.opengreen.it\/login\/\">login<\/a> o la <a href=\"https:\/\/www.opengreen.it\/registration\/\">registrazione<\/a>.<\/strong>[\/vc_column_text][\/vc_column][\/vc_row][vc_row njt-role=&#8221;logged-in&#8221;][vc_column][vc_column_text]<\/p>\n<div class=\"page\" title=\"Page 6\">\n<div class=\"page\" title=\"Page 46\">\n<div class=\"layoutArea\">\n<div class=\"column\">\n<p><strong>BIOINDUTTORE<\/strong><br \/>\n<strong> Amminoacidi, L.Amminoacidi, Proteine, Vitamine, Chelati naturali<\/strong><\/p>\n<\/div>\n<\/div>\n<\/div>\n<div class=\"page\" title=\"Page 46\">\n<div class=\"layoutArea\">\n<div class=\"column\">\n<p>COMPONENTI<\/p>\n<p>\u2022 Amminoacidi<br \/>\n\u2022 L. Amminoacidi<br \/>\n\u2022 Proteine<br \/>\n\u2022 Vitamine<br \/>\n\u2022 Microelementi chelati naturalmente<\/p>\n<\/div>\n<\/div>\n<\/div>\n<\/div>\n<p>[\/vc_column_text][vc_column_text]<\/p>\n<div class=\"page\" title=\"Page 6\">\n<div class=\"page\" title=\"Page 46\">\n<div class=\"layoutArea\">\n<div class=\"column\">\n<div class=\"page\" title=\"Page 46\">\n<div class=\"layoutArea\">\n<div class=\"column\">\n<p><strong>INFORMAZIONI CHIMICO-FISICHE<\/strong><\/p>\n<\/div>\n<\/div>\n<\/div>\n<ul>\n<li>Nome chimico: Amminoacidi, L.Amminoacidi, proteine, vitamine, chelati naturali<\/li>\n<li>Tipo di prodotto sigla internazionale: Bioinduttore<\/li>\n<li>Aspetto: liquido marrone scuro<\/li>\n<li>Densit\u00e0 volumetrica: 1300 Kg\/mc<\/li>\n<li>pH 1%: 7,0<\/li>\n<li>Odore: nessuno<\/li>\n<li>Componenti naturali: Mais, soia.<\/li>\n<\/ul>\n<\/div>\n<\/div>\n<\/div>\n<\/div>\n<p>[\/vc_column_text][vc_column_text]<\/p>\n<div title=\"Page 6\">\n<div class=\"page\" title=\"Page 8\">\n<div class=\"section\">\n<div class=\"layoutArea\">\n<div class=\"column\">\n<h3>DOSI DI APPLICAZIONE<\/h3>\n<\/div>\n<\/div>\n<\/div>\n<\/div>\n<\/div>\n<p>[\/vc_column_text][vc_table vc_table_theme=&#8221;classic_green&#8221;]Trattamento%20fogliare,g%2Fhl,kg%2Fha|Cereali,300-400,3-4|Vite,150-250,1%2C5-2%2C5|Olivo,150-250,1%2C5-2%2C5|Pomacee,150-250,1%2C5-2%2C5|Actinidia,150-250,1%2C5-2%2C5|Drupacee,150-250,1%2C5-2%2C5|Agrumi,150-250,1%2C5-2%2C5|Ornamentali,150-250,1%2C5-2%2C5|Vivai,150-250,1%2C5-2%2C5|Fragole,150-250,1%2C5-2%2C5|Orticoltura,150-250,1%2C5-2%2C5[\/vc_table][vc_column_text]<\/p>\n<div class=\"page\" title=\"Page 46\">\n<div class=\"layoutArea\">\n<div class=\"column\">\n<p><strong>Fertirrigazione:<\/strong><\/p>\n<\/div>\n<\/div>\n<div class=\"layoutArea\">\n<div class=\"column\">\n<p>Universalmente a kg 10-20 \/ha somministrato 3-5 volte durante il ciclo vegetativo.<\/p>\n<\/div>\n<\/div>\n<\/div>\n<p>[\/vc_column_text][vc_row_inner][vc_column_inner width=&#8221;1\/6&#8243;][vc_icon icon_fontawesome=&#8221;fa fa-envira&#8221; color=&#8221;custom&#8221; custom_color=&#8221;#68b32d&#8221;][\/vc_column_inner][vc_column_inner width=&#8221;5\/6&#8243;][vc_custom_heading text=&#8221;Trattamento Fogliare&#8221; use_theme_fonts=&#8221;yes&#8221;][vc_custom_heading text=&#8221;Specializzato. Impiegabile anche con bassi volumi d\u2019acqua&#8221; font_container=&#8221;tag:p|text_align:left&#8221; use_theme_fonts=&#8221;yes&#8221;][\/vc_column_inner][\/vc_row_inner][vc_row_inner][vc_column_inner width=&#8221;1\/6&#8243;][vc_icon icon_fontawesome=&#8221;fa fa-tree&#8221; color=&#8221;custom&#8221; custom_color=&#8221;#9e6219&#8243;][\/vc_column_inner][vc_column_inner width=&#8221;5\/6&#8243;][vc_custom_heading text=&#8221; Trattamento radicale e fertirrigazione&#8221; use_theme_fonts=&#8221;yes&#8221;][vc_custom_heading text=&#8221;Consigliato a 15-30 Kg\/ ha dal trapianto in poi&#8221; font_container=&#8221;tag:p|text_align:left&#8221; use_theme_fonts=&#8221;yes&#8221;][\/vc_column_inner][\/vc_row_inner][vc_row_inner][vc_column_inner width=&#8221;1\/6&#8243;][vc_icon icon_fontawesome=&#8221;fa fa-tint&#8221; color=&#8221;custom&#8221; custom_color=&#8221;#22d6ca&#8221;][\/vc_column_inner][vc_column_inner width=&#8221;5\/6&#8243;][vc_custom_heading text=&#8221; Trattamento goccia a goccia&#8221; use_theme_fonts=&#8221;yes&#8221;][vc_custom_heading text=&#8221;Consigliato&#8221; font_container=&#8221;tag:p|text_align:left&#8221; use_theme_fonts=&#8221;yes&#8221;][\/vc_column_inner][\/vc_row_inner][\/vc_column][\/vc_row]<\/p>\n","protected":false},"excerpt":{"rendered":"<h3>Migliora l&#8217;equilibrio vegeto produttivo<\/h3>\n<p><strong>FORMULAZIONE: Liquido<\/strong><\/p>\n<p>Permette di far superare al vegetale stress pedoclimatici dannosi alla pianta e quindi alla produzione. Prodotto universale per flessibilit\u00e0, scatto, velocit\u00e0, agilit\u00e0. Migliora le caratteristiche organolettiche e rende pi\u00f9 costante il calibro dei frutti.<\/p>\n<p><strong><em>COLTURE:<\/em><\/strong> Cereali, Vite, Olivo, Pomacee, Actinidia, Drupacee, Agrumi, Ornamentali, Vivai, Fragole, Orticoltura.<\/p>\n","protected":false},"featured_media":631,"template":"","meta":[],"product_cat":[23],"product_tag":[],"_links":{"self":[{"href":"https:\/\/www.opengreen.it\/it\/wp-json\/wp\/v2\/product\/638"}],"collection":[{"href":"https:\/\/www.opengreen.it\/it\/wp-json\/wp\/v2\/product"}],"about":[{"href":"https:\/\/www.opengreen.it\/it\/wp-json\/wp\/v2\/types\/product"}],"wp:featuredmedia":[{"embeddable":true,"href":"https:\/\/www.opengreen.it\/it\/wp-json\/wp\/v2\/media\/631"}],"wp:attachment":[{"href":"https:\/\/www.opengreen.it\/it\/wp-json\/wp\/v2\/media?parent=638"}],"wp:term":[{"taxonomy":"product_cat","embeddable":true,"href":"https:\/\/www.opengreen.it\/it\/wp-json\/wp\/v2\/product_cat?post=638"},{"taxonomy":"product_tag","embeddable":true,"href":"https:\/\/www.opengreen.it\/it\/wp-json\/wp\/v2\/product_tag?post=638"}],"curies":[{"name":"wp","href":"https:\/\/api.w.org\/{rel}","templated":true}]}}