{"id":630,"date":"2017-09-20T10:56:35","date_gmt":"2017-09-20T08:56:35","guid":{"rendered":"https:\/\/www.opengreen.it\/?post_type=product&#038;p=630"},"modified":"2025-01-13T16:47:13","modified_gmt":"2025-01-13T15:47:13","slug":"newstar-6-12-0","status":"publish","type":"product","link":"https:\/\/www.opengreen.it\/it\/prodotto\/newstar-6-12-0\/","title":{"rendered":"Newstart 6.12.0"},"content":{"rendered":"<p>[vc_row][vc_column][vc_column_text]<\/p>\n<div class=\"page\" title=\"Page 6\">\n<div class=\"page\" title=\"Page 37\">\n<div class=\"layoutArea\">\n<div class=\"column\">\n<p><strong>CARATTERISTICHE<\/strong><\/p>\n<p>Newstart 6.12.0 \u00e8 un concime organo-minerale ad elevato contenuto di Aminoacidi. E\u2019 un equilibratore nutrizionale che stimola l\u2019attivit\u00e0 metabolica della pianta, con efficacia particolarmente rapida, soprattutto nelle fasi iniziali; \u00e8 indicato principalmente per tutte le colture trapiantate o seminate in suoli freddi, producendo un evidente effetto starter.<\/p>\n<\/div>\n<\/div>\n<\/div>\n<\/div>\n<p>[\/vc_column_text][\/vc_column][\/vc_row][vc_row njt-role=&#8221;not-logged-in&#8221;][vc_column][vc_column_text njt-role=&#8221;not-logged-in&#8221;]<strong>Altre informazioni su questo prodotto sono disponibili esclusivamente per gli utenti che hanno effettuato la registrazione e il login al nostro sito. Per visualizzarli effettua il <a href=\"https:\/\/www.opengreen.it\/login\/\">login<\/a> o la <a href=\"https:\/\/www.opengreen.it\/registration\/\">registrazione<\/a>.<\/strong>[\/vc_column_text][\/vc_column][\/vc_row][vc_row njt-role=&#8221;logged-in&#8221;][vc_column][vc_column_text]<\/p>\n<div title=\"Page 6\">\n<div class=\"page\" title=\"Page 8\">\n<div class=\"section\">\n<div class=\"layoutArea\">\n<div class=\"column\">\n<h3>CONCIME<br \/>\nConcime Organo-Minerale NP 6.12 in sospensione<\/h3>\n<\/div>\n<\/div>\n<\/div>\n<\/div>\n<\/div>\n<p>[\/vc_column_text][vc_table]COMPOSIZIONE,p%2Fp|Azoto%20(N)%20totale,6%25|di%20cui%3A%20Azoto%20(N)%20organico,0%2C6%25|di%20cui%3A%20Azoto%20(N)%20ammoniacale,0%2C4%25|di%20cui%3A%20Azoto%20(N)%20ureico,5%25|Anidride%20fosforica%20(P2O5)%20totale,12%25|Anidride%20fosforica%20(P2O5)%20solubile%20in%20acqua%20da%20acido%20ortofosforico,12%25|Carbonio%20organico%20(C)%20di%20origine%20biologica,3%2C6%25[\/vc_table][vc_column_text]<\/p>\n<div class=\"page\" title=\"Page 37\">\n<div class=\"layoutArea\">\n<div class=\"column\">\n<p><strong>Concimi minerali<\/strong>: acido fosforico<\/p>\n<p><strong>Componenti organiche<\/strong>: Borlanda fluida<\/p>\n<p>Il prodotto \u00e8 stabile a temperature e pressioni ordinarie. Conservare a temperatura compresa tra 5\u00b0C e 40\u00b0C. Il prodotto non \u00e8 combustibile.<\/p>\n<\/div>\n<\/div>\n<\/div>\n<p>[\/vc_column_text][vc_column_text]<\/p>\n<div class=\"page\" title=\"Page 37\">\n<div class=\"layoutArea\">\n<div class=\"column\">\n<div class=\"page\" title=\"Page 37\">\n<div class=\"layoutArea\">\n<div class=\"column\">\n<p><strong>DOSI DI APPLICAZIONE<\/strong><\/p>\n<p>Colture industriali, grano, pomodoro, patata, mais, localizzazione al trapianto o alla semina in un solo intervento: 40-50 kg\/ha.<\/p>\n<p>LA SCELTA DEL DOSAGGIO \u00c8 SEMPRE IN FUNZIONE DI DIVERSI FATTORI: et\u00e0 delle piante, stadio fenologico, temperatura, tipo di suolo, capacit\u00e0 idrica di campo, avversit\u00e0 climatiche, ecc&#8230; Il dosaggio pu\u00f2 essere variato in incremento o diminuizione.<\/p>\n<\/div>\n<\/div>\n<\/div>\n<\/div>\n<\/div>\n<\/div>\n<p>[\/vc_column_text][vc_row_inner][vc_column_inner width=&#8221;1\/6&#8243;][vc_icon icon_fontawesome=&#8221;fa fa-certificate&#8221;][\/vc_column_inner][vc_column_inner width=&#8221;5\/6&#8243;][vc_custom_heading text=&#8221;Concime CE&#8221; use_theme_fonts=&#8221;yes&#8221;][vc_custom_heading text=&#8221;Conforme al Reg. CE n. 2003\/2003 del 13 ottobre 2003&#8243; font_container=&#8221;tag:p|text_align:left&#8221; use_theme_fonts=&#8221;yes&#8221;][\/vc_column_inner][\/vc_row_inner][\/vc_column][\/vc_row][:]<\/p>\n","protected":false},"excerpt":{"rendered":"<h3>Favorisce l&#8217;effetto starter e una migliore radicazione<\/h3>\n<p><strong>FORMULAZIONE: Liquido<\/strong><\/p>\n<p>\u00c8 un concime organo-minerale ad elevato contenuto di aminoacidi. \u00c8 un equilibratore nutrizionale che stimola l\u2019attivit\u00e0 metabolica della pianta, con efficacia particolarmente rapida, soprattutto nelle fasi iniziali.<\/p>\n<p><strong><em>COLTURE:<\/em><\/strong> Colture industriali, Grano, Pomodoro, Patata, Mais.<\/p>\n<p>[:]<\/p>\n","protected":false},"featured_media":991,"template":"","meta":[],"product_cat":[22],"product_tag":[],"_links":{"self":[{"href":"https:\/\/www.opengreen.it\/it\/wp-json\/wp\/v2\/product\/630"}],"collection":[{"href":"https:\/\/www.opengreen.it\/it\/wp-json\/wp\/v2\/product"}],"about":[{"href":"https:\/\/www.opengreen.it\/it\/wp-json\/wp\/v2\/types\/product"}],"wp:featuredmedia":[{"embeddable":true,"href":"https:\/\/www.opengreen.it\/it\/wp-json\/wp\/v2\/media\/991"}],"wp:attachment":[{"href":"https:\/\/www.opengreen.it\/it\/wp-json\/wp\/v2\/media?parent=630"}],"wp:term":[{"taxonomy":"product_cat","embeddable":true,"href":"https:\/\/www.opengreen.it\/it\/wp-json\/wp\/v2\/product_cat?post=630"},{"taxonomy":"product_tag","embeddable":true,"href":"https:\/\/www.opengreen.it\/it\/wp-json\/wp\/v2\/product_tag?post=630"}],"curies":[{"name":"wp","href":"https:\/\/api.w.org\/{rel}","templated":true}]}}