{"id":627,"date":"2017-09-20T10:49:45","date_gmt":"2017-09-20T08:49:45","guid":{"rendered":"https:\/\/www.opengreen.it\/?post_type=product&#038;p=627"},"modified":"2025-01-13T16:47:13","modified_gmt":"2025-01-13T15:47:13","slug":"jet-46","status":"publish","type":"product","link":"https:\/\/www.opengreen.it\/it\/prodotto\/jet-46\/","title":{"rendered":"Jet 46"},"content":{"rendered":"<p>[vc_row][vc_column][vc_column_text]<\/p>\n<div class=\"page\" title=\"Page 6\">\n<div class=\"page\" title=\"Page 36\">\n<div class=\"layoutArea\">\n<div class=\"column\">\n<p><strong>CARATTERISTICHE<\/strong><\/p>\n<p>JET 46 \u00e8 un fertilizzante costituito da diverse forme di azoto, di cui una parte \u00e8 a pronto effetto ed una \u00e8 a rilascio controllato. In questo modo, si ottiene il risultato di intervenire sulla coltura con una efficacia immediata per la presenza di azoto prontamente assimilabile, rendendo poi e cace il prodotto anche nelle 4-6 settimane successive.<br \/>\nJET 46 contiene anche un&#8217;alta quota di zolfo, mesoelemento essenziale per la vita delle piante, in quanto entra nella costituzione di molti amminoacidi (metionina e cistina) e di conseguenza entra in tutte le proteine. JET 46 contribuisce quindi all\u2019innalzamento del peso specifico e quindi ad una migliore qualit\u00e0 dei raccolti.<\/p>\n<p>JET 46 \u00e8 particolarmente indicato sui cereali a paglia, grano tenero, grano duro, orzo, ed \u00e8 applicabile per via fogliare, anche in abbinamento ai trattamenti fungicidi o diserbanti.<\/p>\n<\/div>\n<\/div>\n<\/div>\n<\/div>\n<p>[\/vc_column_text][\/vc_column][\/vc_row][vc_row njt-role=&#8221;not-logged-in&#8221;][vc_column][vc_column_text njt-role=&#8221;not-logged-in&#8221;]<strong>Altre informazioni su questo prodotto sono disponibili esclusivamente per gli utenti che hanno effettuato la registrazione e il login al nostro sito. Per visualizzarli effettua il <a href=\"https:\/\/www.opengreen.it\/login\/\">login<\/a> o la <a href=\"https:\/\/www.opengreen.it\/registration\/\">registrazione<\/a>.<\/strong>[\/vc_column_text][\/vc_column][\/vc_row][vc_row njt-role=&#8221;logged-in&#8221;][vc_column][vc_column_text]<\/p>\n<div title=\"Page 6\">\n<div class=\"page\" title=\"Page 8\">\n<div class=\"section\">\n<div class=\"layoutArea\">\n<div class=\"column\">\n<h3>CONCIME CE<br \/>\nFluido minerale semplice &#8211; Soluzione di concime azotato con Urea-Formaldeide contenente zolfo<\/h3>\n<\/div>\n<\/div>\n<\/div>\n<\/div>\n<\/div>\n<p>[\/vc_column_text][vc_table]COMPOSIZIONE,p%2Fp|Azoto%20(N)%20totale,21%25|di%20cui%3A%20Azoto%20(N)%20ureico,6%2C6%25|di%20cui%3A%20Azoto%20(N)%20dell%E2%80%99urea%20formaldeide,9%2C6%25|di%20cui%3A%20Azoto%20(N)%20ammoniacale,4%2C8%25|Anidride%20solforica%20(SO3)%20solubile%20in%20acqua,25%25[\/vc_table][vc_column_text]<\/p>\n<div title=\"Page 6\">\n<div class=\"page\" title=\"Page 8\">\n<div class=\"section\">\n<div class=\"layoutArea\">\n<div class=\"column\">\n<h3>DOSI DI APPLICAZIONE<\/h3>\n<\/div>\n<\/div>\n<\/div>\n<\/div>\n<\/div>\n<p>[\/vc_column_text][vc_table][bg#eeee22]Trattamento%20fogliare,[bg#eeee22]Epoca,[bg#eeee22]kg%2Fha|Mais%2C%20riso%2C%20girasole%2C%20sorgo,Post-emergenza,5%20-%2020|Cereali%20a%20paglia,Inizio%20levata,4%20-%2018|Tappeti%20erbosi,Post-emergenza,8[\/vc_table][vc_column_text]Per tappeti erbosi e cereali a paglia si consiglia di utilizzare soluzioni al massimo del 25% in acqua.<\/p>\n<div class=\"page\" title=\"Page 36\">\n<div class=\"layoutArea\">\n<div class=\"column\">\n<p><strong> Note<\/strong>: \u00e8 possibile utilizzare JET 46 a 4-6 Kg\/Ha per via fogliare su cereali, mais, colture industriali, leguminose anche in associazione con molti erbicidi. Aggiungere prodotti fitosanitari solo dopo aver miscelato JET 46 nel volume di acqua desiderato e previa consultazione delle compatibilit\u00e0 chimiche dei prodotti. In ogni caso seguire sempre le indicazioni riportate in etichetta del prodotto fitosanitario che si intende miscelare.<\/p>\n<\/div>\n<\/div>\n<\/div>\n<p>[\/vc_column_text][vc_row_inner][vc_column_inner width=&#8221;1\/6&#8243;][vc_icon icon_fontawesome=&#8221;fa fa-envira&#8221; color=&#8221;custom&#8221; custom_color=&#8221;#68b32d&#8221;][\/vc_column_inner][vc_column_inner width=&#8221;5\/6&#8243;][vc_custom_heading text=&#8221;Trattamento Fogliare&#8221; use_theme_fonts=&#8221;yes&#8221;][vc_custom_heading text=&#8221;Specializzato&#8221; font_container=&#8221;tag:p|text_align:left&#8221; use_theme_fonts=&#8221;yes&#8221;][\/vc_column_inner][\/vc_row_inner][vc_row_inner][vc_column_inner width=&#8221;1\/6&#8243;][vc_icon icon_fontawesome=&#8221;fa fa-tree&#8221; color=&#8221;custom&#8221; custom_color=&#8221;#9e6219&#8243;][\/vc_column_inner][vc_column_inner width=&#8221;5\/6&#8243;][vc_custom_heading text=&#8221; Trattamento radicale e fertirrigazione&#8221; use_theme_fonts=&#8221;yes&#8221;][vc_custom_heading text=&#8221;Sconsigliato&#8221; font_container=&#8221;tag:p|text_align:left&#8221; use_theme_fonts=&#8221;yes&#8221;][\/vc_column_inner][\/vc_row_inner][vc_row_inner][vc_column_inner width=&#8221;1\/6&#8243;][vc_icon icon_fontawesome=&#8221;fa fa-tint&#8221; color=&#8221;custom&#8221; custom_color=&#8221;#22d6ca&#8221;][\/vc_column_inner][vc_column_inner width=&#8221;5\/6&#8243;][vc_custom_heading text=&#8221; Trattamento goccia a goccia&#8221; use_theme_fonts=&#8221;yes&#8221;][vc_custom_heading text=&#8221;Possibile&#8221; font_container=&#8221;tag:p|text_align:left&#8221; use_theme_fonts=&#8221;yes&#8221;][\/vc_column_inner][\/vc_row_inner][vc_row_inner][vc_column_inner width=&#8221;1\/6&#8243;][vc_icon icon_fontawesome=&#8221;fa fa-certificate&#8221;][\/vc_column_inner][vc_column_inner width=&#8221;5\/6&#8243;][vc_custom_heading text=&#8221;Concime CE&#8221; use_theme_fonts=&#8221;yes&#8221;][vc_custom_heading text=&#8221;Conforme al Reg. CE n. 2003\/2003 del 13 ottobre 2003&#8243; font_container=&#8221;tag:p|text_align:left&#8221; use_theme_fonts=&#8221;yes&#8221;][\/vc_column_inner][\/vc_row_inner][\/vc_column][\/vc_row][:]<\/p>\n","protected":false},"excerpt":{"rendered":"<h3>Azoto a cessione graduale e zolfo per aumentare le proteine ed il peso specifico<\/h3>\n<p><strong>FORMULAZIONE: Liquido<\/strong><\/p>\n<p>Fertilizzante costituito da diverse forme di azoto, di cui una parte a pronto effetto ed una a rilascio controllato. Jet 46 contiene anche un\u2019alta quota di zolfo, meso elemento essenziale per la vita delle piante. Contribuisce all\u2019innalzamento del peso specifico e quindi ad una migliore qualit\u00e0 dei raccolti.<\/p>\n<p><strong><em>COLTURE:<\/em><\/strong> Mais, Riso, Girasole, Sorgo, Cereali a paglia, Tappeti erbosi.<\/p>\n<p>[:]<\/p>\n","protected":false},"featured_media":991,"template":"","meta":[],"product_cat":[22],"product_tag":[],"_links":{"self":[{"href":"https:\/\/www.opengreen.it\/it\/wp-json\/wp\/v2\/product\/627"}],"collection":[{"href":"https:\/\/www.opengreen.it\/it\/wp-json\/wp\/v2\/product"}],"about":[{"href":"https:\/\/www.opengreen.it\/it\/wp-json\/wp\/v2\/types\/product"}],"wp:featuredmedia":[{"embeddable":true,"href":"https:\/\/www.opengreen.it\/it\/wp-json\/wp\/v2\/media\/991"}],"wp:attachment":[{"href":"https:\/\/www.opengreen.it\/it\/wp-json\/wp\/v2\/media?parent=627"}],"wp:term":[{"taxonomy":"product_cat","embeddable":true,"href":"https:\/\/www.opengreen.it\/it\/wp-json\/wp\/v2\/product_cat?post=627"},{"taxonomy":"product_tag","embeddable":true,"href":"https:\/\/www.opengreen.it\/it\/wp-json\/wp\/v2\/product_tag?post=627"}],"curies":[{"name":"wp","href":"https:\/\/api.w.org\/{rel}","templated":true}]}}