{"id":624,"date":"2017-09-20T10:30:03","date_gmt":"2017-09-20T08:30:03","guid":{"rendered":"https:\/\/www.opengreen.it\/?post_type=product&#038;p=624"},"modified":"2025-01-13T16:47:12","modified_gmt":"2025-01-13T15:47:12","slug":"zinc-ls","status":"publish","type":"product","link":"https:\/\/www.opengreen.it\/it\/prodotto\/zinc-ls\/","title":{"rendered":"Zinc LS"},"content":{"rendered":"<p>[vc_row][vc_column][vc_column_text]<\/p>\n<div class=\"page\" title=\"Page 6\">\n<p><strong>CARATTERISTICHE<\/strong><\/p>\n<div class=\"page\" title=\"Page 19\">\n<div class=\"layoutArea\">\n<div class=\"column\">\n<p>Moderno complesso LS in forma liquida. Indicato per controllare la carenza di zinco per via radicale e fogliare. E\u2019 tra i pi\u00f9 veloci ad innalzare il livello di zinco nelle piante aumentando la resistenza al freddo. ZINC LS \u00e8 un prodotto puro in quanto non contiene solventi. Non presenta fitotossicit\u00e0. Molto gentile sulla foglia pur avendo un efficacia eccezionale. Trattamenti da effettuare ogni 15-20 gg fino alla scomparsa della carenza. ZINC LS presenta un grado di complessazione superiore al 93%. Massima delicatezza sulla foglia; acidi carbossilici.<\/p>\n<\/div>\n<\/div>\n<\/div>\n<\/div>\n<p>[\/vc_column_text][\/vc_column][\/vc_row][vc_row njt-role=&#8221;not-logged-in&#8221;][vc_column][vc_column_text njt-role=&#8221;not-logged-in&#8221;]<strong>Altre informazioni su questo prodotto sono disponibili esclusivamente per gli utenti che hanno effettuato la registrazione e il login al nostro sito. Per visualizzarli effettua il <a href=\"https:\/\/www.opengreen.it\/login\/\">login<\/a> o la <a href=\"https:\/\/www.opengreen.it\/registration\/\">registrazione<\/a>.<\/strong>[\/vc_column_text][\/vc_column][\/vc_row][vc_row njt-role=&#8221;logged-in&#8221;][vc_column][vc_column_text]<\/p>\n<div title=\"Page 6\">\n<div class=\"page\" title=\"Page 8\">\n<div class=\"section\">\n<div class=\"layoutArea\">\n<div class=\"column\">\n<h3>CONCIME CE Complesso di Zinco con Acido Lignosolfonico (Zn-LS)<\/h3>\n<\/div>\n<\/div>\n<\/div>\n<\/div>\n<\/div>\n<p>[\/vc_column_text][vc_table]COMPOSIZIONE,p%2Fp|Zinco%20(Zn)%20solubile%20in%20acqua,14%2C0%25%20%2B%2F-0%2C3|Zinco%20(Zn)%20totale%20complessato%20LS,13%2C0%25%20%2B%2F-0%2C3[\/vc_table][vc_column_text]<\/p>\n<div class=\"page\" title=\"Page 19\">\n<div class=\"layoutArea\">\n<div class=\"column\">\n<p><strong>Materie prime:<\/strong> Ligninsolfonato di Zinco (Zn-LS)<\/p>\n<\/div>\n<\/div>\n<\/div>\n<p>[\/vc_column_text][vc_column_text]<\/p>\n<div class=\"page\" title=\"Page 6\">\n<div class=\"page\" title=\"Page 19\">\n<div class=\"layoutArea\">\n<div class=\"column\">\n<div class=\"page\" title=\"Page 19\">\n<div class=\"layoutArea\">\n<div class=\"column\">\n<p><strong>INFORMAZIONI CHIMICO-FISICHE<\/strong><\/p>\n<\/div>\n<\/div>\n<\/div>\n<ul>\n<li>Nome chimico: Ligninsolfonato di Zinco<\/li>\n<li>Tipo di chelato sigla internazionale: Zn-LS<\/li>\n<li>Aspetto: liquido marrone<\/li>\n<li>Densit\u00e0 volumetrica: 1410 kg\/mc<\/li>\n<li>pH 1%: 4,3<\/li>\n<li>Elettroconducibilit\u00e0 1\u2030 (\u03bcS\/cm): 600<\/li>\n<li>Stabilit\u00e0 frazione chelata: pH 4 -8<\/li>\n<\/ul>\n<\/div>\n<\/div>\n<\/div>\n<\/div>\n<p>[\/vc_column_text][vc_column_text]<\/p>\n<div title=\"Page 6\">\n<div class=\"page\" title=\"Page 8\">\n<div class=\"section\">\n<div class=\"layoutArea\">\n<div class=\"column\">\n<h3>DOSI DI APPLICAZIONE<\/h3>\n<\/div>\n<\/div>\n<\/div>\n<\/div>\n<\/div>\n<p>[\/vc_column_text][vc_table vc_table_theme=&#8221;classic_pink&#8221;]Coltura,Fogliare%20(kg%2Fha)%20*,Fertirrigazione%20(kg%2Fha)|Pomacee,0%2C8%20-%201%2C5,8%20-%2015|Drupacee,0%2C8%20-%201%2C5,8%20-%2015|Kiwi%2C%20Olivo,0%2C8%20-%201%2C5,8%20-%2015|Agrumi,0%2C8%20-%201%2C5,8%20-%2015|Vite%20e%20ornamentali,0%2C8%20-%201%2C5,8%20-%2015|Orticole%20e%20ornamentali,0%2C8%20-%201%2C5,8%20-%2015[\/vc_table][vc_column_text]<\/p>\n<div class=\"page\" title=\"Page 19\">\n<div class=\"layoutArea\">\n<div class=\"column\">\n<p><strong>*fino a tre trattamenti per ciclo<\/strong><\/p>\n<\/div>\n<\/div>\n<\/div>\n<p>[\/vc_column_text][vc_row_inner][vc_column_inner width=&#8221;1\/6&#8243;][vc_icon icon_fontawesome=&#8221;fa fa-envira&#8221; color=&#8221;custom&#8221; custom_color=&#8221;#68b32d&#8221;][\/vc_column_inner][vc_column_inner width=&#8221;5\/6&#8243;][vc_custom_heading text=&#8221;Trattamento Fogliare&#8221; use_theme_fonts=&#8221;yes&#8221;][vc_custom_heading text=&#8221;Consigliato. Impiegabile anche a bassi volumi d\u2019acqua&#8221; font_container=&#8221;tag:p|text_align:left&#8221; use_theme_fonts=&#8221;yes&#8221;][\/vc_column_inner][\/vc_row_inner][vc_row_inner][vc_column_inner width=&#8221;1\/6&#8243;][vc_icon icon_fontawesome=&#8221;fa fa-tree&#8221; color=&#8221;custom&#8221; custom_color=&#8221;#9e6219&#8243;][\/vc_column_inner][vc_column_inner width=&#8221;5\/6&#8243;][vc_custom_heading text=&#8221; Trattamento radicale e fertirrigazione&#8221; use_theme_fonts=&#8221;yes&#8221;][vc_custom_heading text=&#8221;Consigliato&#8221; font_container=&#8221;tag:p|text_align:left&#8221; use_theme_fonts=&#8221;yes&#8221;][\/vc_column_inner][\/vc_row_inner][vc_row_inner][vc_column_inner width=&#8221;1\/6&#8243;][vc_icon icon_fontawesome=&#8221;fa fa-tint&#8221; color=&#8221;custom&#8221; custom_color=&#8221;#22d6ca&#8221;][\/vc_column_inner][vc_column_inner width=&#8221;5\/6&#8243;][vc_custom_heading text=&#8221; Trattamento goccia a goccia&#8221; use_theme_fonts=&#8221;yes&#8221;][vc_custom_heading text=&#8221;Consigliato&#8221; font_container=&#8221;tag:p|text_align:left&#8221; use_theme_fonts=&#8221;yes&#8221;][\/vc_column_inner][\/vc_row_inner][vc_row_inner][vc_column_inner width=&#8221;1\/6&#8243;][vc_icon icon_fontawesome=&#8221;fa fa-certificate&#8221;][\/vc_column_inner][vc_column_inner width=&#8221;5\/6&#8243;][vc_custom_heading text=&#8221;Concime CE&#8221; use_theme_fonts=&#8221;yes&#8221;][vc_custom_heading text=&#8221;Conforme al Reg. CE n. 2003\/2003 del 13 ottobre 2003&#8243; font_container=&#8221;tag:p|text_align:left&#8221; use_theme_fonts=&#8221;yes&#8221;][\/vc_column_inner][\/vc_row_inner][vc_row_inner][vc_column_inner width=&#8221;1\/6&#8243;][vc_icon icon_fontawesome=&#8221;fa fa-leaf&#8221; color=&#8221;custom&#8221; custom_color=&#8221;#addd44&#8243;][\/vc_column_inner][vc_column_inner width=&#8221;5\/6&#8243;][vc_custom_heading text=&#8221;Ammesso in Agricoltura Biologica&#8221; use_theme_fonts=&#8221;yes&#8221;][vc_custom_heading text=&#8221;Conforme al Reg. CE n. 834\/2007 del 28 giugno 2007&#8243; font_container=&#8221;tag:p|text_align:left&#8221; use_theme_fonts=&#8221;yes&#8221;][\/vc_column_inner][\/vc_row_inner][\/vc_column][\/vc_row][:]<\/p>\n","protected":false},"excerpt":{"rendered":"<h3>Complesso di Zinco con Acido Lignosolfonico<\/h3>\n<p><strong>&#8211; AMMESSO IN AGRICOLTURA BIOLOGICA \u2013 <\/strong><strong>\u00a0<\/strong><\/p>\n<p><strong>FORMULAZIONE: Liquido<\/strong><\/p>\n<p>Prodotto in forma liquida indicato per controllare la carenza di zinco per via radicale e fogliare. \u00c8 tra i pi\u00f9 veloci ad innalzare il livello di zinco nelle piante aumentando la resistenza al freddo. \u00c8 un prodotto puro in quanto non contiene solventi. Molto gentile sulla foglia pur avendo un efficacia eccezionale. No presenta fitotossicit\u00e0.<\/p>\n<p><strong><em>COLTURE:<\/em><\/strong> Pomacee, Drupacee, Kiwi, Olivo, Agrumi, Vite e ornamentali, Orticole e ornamentali.<\/p>\n<p>[:]<\/p>\n","protected":false},"featured_media":592,"template":"","meta":[],"product_cat":[20],"product_tag":[],"_links":{"self":[{"href":"https:\/\/www.opengreen.it\/it\/wp-json\/wp\/v2\/product\/624"}],"collection":[{"href":"https:\/\/www.opengreen.it\/it\/wp-json\/wp\/v2\/product"}],"about":[{"href":"https:\/\/www.opengreen.it\/it\/wp-json\/wp\/v2\/types\/product"}],"wp:featuredmedia":[{"embeddable":true,"href":"https:\/\/www.opengreen.it\/it\/wp-json\/wp\/v2\/media\/592"}],"wp:attachment":[{"href":"https:\/\/www.opengreen.it\/it\/wp-json\/wp\/v2\/media?parent=624"}],"wp:term":[{"taxonomy":"product_cat","embeddable":true,"href":"https:\/\/www.opengreen.it\/it\/wp-json\/wp\/v2\/product_cat?post=624"},{"taxonomy":"product_tag","embeddable":true,"href":"https:\/\/www.opengreen.it\/it\/wp-json\/wp\/v2\/product_tag?post=624"}],"curies":[{"name":"wp","href":"https:\/\/api.w.org\/{rel}","templated":true}]}}