{"id":618,"date":"2017-09-20T09:59:25","date_gmt":"2017-09-20T07:59:25","guid":{"rendered":"https:\/\/www.opengreen.it\/?post_type=product&#038;p=618"},"modified":"2025-01-13T16:47:12","modified_gmt":"2025-01-13T15:47:12","slug":"magnesium-ls","status":"publish","type":"product","link":"https:\/\/www.opengreen.it\/it\/prodotto\/magnesium-ls\/","title":{"rendered":"Magnesium LS"},"content":{"rendered":"<p>[vc_row][vc_column][vc_column_text]<strong>CARATTERISTICHE<\/strong><\/p>\n<p>Moderno complesso LS in forma liquida. Indicato per controllare la carenza di magnesio per via radicale e foglia- re. E\u2019 tra i piu\u0300 veloci ad innalzare il livello di magnesio nelle piante. MAGNESIUM LS e\u0300 un prodotto puro in quanto non contiene solventi. Non presenta fitotossicita\u0300. Molto gentile sulla foglia pur avendo un efficacia eccezionale. Trattamenti da effettuare ogni 15-20 gg fino alla scomparsa della carenza. MAGNESIUM LS presenta un grado di complessazione superiore al 93%. Massima delicatezza sulla foglia; acidi carbossilici.[\/vc_column_text][\/vc_column][\/vc_row][vc_row njt-role=&#8221;not-logged-in&#8221;][vc_column][vc_column_text njt-role=&#8221;not-logged-in&#8221;]<strong>Altre informazioni su questo prodotto sono disponibili esclusivamente per gli utenti che hanno effettuato la registrazione e il login al nostro sito. Per visualizzarli effettua il <a href=\"https:\/\/www.opengreen.it\/login\/\">login<\/a> o la <a href=\"https:\/\/www.opengreen.it\/registration\/\">registrazione<\/a>.<\/strong>[\/vc_column_text][\/vc_column][\/vc_row][vc_row njt-role=&#8221;logged-in&#8221;][vc_column][vc_column_text]<\/p>\n<div title=\"Page 6\">\n<div class=\"page\" title=\"Page 8\">\n<div class=\"section\">\n<div class=\"layoutArea\">\n<div class=\"column\">\n<h3>CONCIME<br \/>\nComplesso di Magnesio con Acido Lignosolfonico (Mg-LS)<\/h3>\n<\/div>\n<\/div>\n<\/div>\n<\/div>\n<\/div>\n<p>[\/vc_column_text][vc_table]COMPOSIZIONE,p%2Fp|Magnesio%20(MgO)%20solubile%20in%20acqua,9%25%20%2B%2F-0%2C3|Magnesio%20(MgO)%20totale%20complessato%20LS,8%2C5%25%20%2B%2F-0%2C3[\/vc_table][vc_column_text]<\/p>\n<div class=\"page\" title=\"Page 6\">\n<div class=\"page\" title=\"Page 17\">\n<div class=\"layoutArea\">\n<div class=\"column\">\n<div class=\"page\" title=\"Page 17\">\n<div class=\"layoutArea\">\n<div class=\"column\">\n<div class=\"page\" title=\"Page 16\">\n<div class=\"section\">\n<div class=\"layoutArea\">\n<div class=\"column\">\n<div class=\"page\" title=\"Page 17\">\n<div class=\"layoutArea\">\n<div class=\"column\">\n<p><strong>INFORMAZIONI CHIMICO-FISICHE<\/strong><\/p>\n<ul>\n<li>Nome chimico: Ligninsolfonato di Magnesio<\/li>\n<li>Tipo di chelato sigla internazionale: Mg-LS<\/li>\n<li>Aspetto: liquido marrone<\/li>\n<li>Densita\u0300 volumetrica: 1250 kg\/mc<\/li>\n<li>pH 1%: 4,5<\/li>\n<li>Elettroconducibilita\u0300 1\u2030 (\u03bcS\/cm): 730<\/li>\n<li>Stabilita\u0300 frazione chelata: pH 4 -8<\/li>\n<\/ul>\n<\/div>\n<\/div>\n<\/div>\n<\/div>\n<\/div>\n<\/div>\n<\/div>\n<\/div>\n<\/div>\n<\/div>\n<\/div>\n<\/div>\n<\/div>\n<\/div>\n<p>[\/vc_column_text][vc_column_text]<\/p>\n<div title=\"Page 6\">\n<div class=\"page\" title=\"Page 8\">\n<div class=\"section\">\n<div class=\"layoutArea\">\n<div class=\"column\">\n<h3>DOSI DI APPLICAZIONE<\/h3>\n<\/div>\n<\/div>\n<\/div>\n<\/div>\n<\/div>\n<p>[\/vc_column_text][vc_table vc_table_theme=&#8221;classic_pink&#8221;]Colture,Fogliare%20(kg%2Fha)%20*,Fertirrigazione%20(kg%2Fha)|Pomacee,1%2C5%20-%202,10%20-%2020|Drupacee,1%2C5%20-%202,10%20-%2020|Kiwi%2C%20Olivo,1%2C5%20-%202,10%20-%2020|Agrumi,1%2C5%20-%202,10%20-%2020|Vite%20e%20ornamentali,1%2C5%20-%202,10%20-%2020|Orticole%20e%20ornamentali,1%2C5%20-%202,10%20-%2020[\/vc_table][vc_column_text]<\/p>\n<div class=\"page\" title=\"Page 17\">\n<div class=\"layoutArea\">\n<div class=\"column\">\n<p><strong>*fino a tre trattamenti per ciclo<\/strong><\/p>\n<\/div>\n<\/div>\n<\/div>\n<p>[\/vc_column_text][vc_row_inner][vc_column_inner width=&#8221;1\/6&#8243;][vc_icon icon_fontawesome=&#8221;fa fa-envira&#8221; color=&#8221;custom&#8221; custom_color=&#8221;#68b32d&#8221;][\/vc_column_inner][vc_column_inner width=&#8221;5\/6&#8243;][vc_custom_heading text=&#8221;Trattamento fogliare&#8221; use_theme_fonts=&#8221;yes&#8221;][vc_custom_heading text=&#8221;Consigliato. Impiegabile anche con bassi volumi d\u2019acqua.&#8221; font_container=&#8221;tag:p|text_align:left&#8221; use_theme_fonts=&#8221;yes&#8221;][\/vc_column_inner][\/vc_row_inner][vc_row_inner][vc_column_inner width=&#8221;1\/6&#8243;][vc_icon icon_fontawesome=&#8221;fa fa-tree&#8221; color=&#8221;custom&#8221; custom_color=&#8221;#9e6219&#8243;][\/vc_column_inner][vc_column_inner width=&#8221;5\/6&#8243;][vc_custom_heading text=&#8221;Trattamento radicale e fertirrigazione&#8221; use_theme_fonts=&#8221;yes&#8221;][vc_custom_heading text=&#8221;Consigliato&#8221; font_container=&#8221;tag:p|text_align:left&#8221; use_theme_fonts=&#8221;yes&#8221;][\/vc_column_inner][\/vc_row_inner][vc_row_inner][vc_column_inner width=&#8221;1\/6&#8243;][vc_icon icon_fontawesome=&#8221;fa fa-tint&#8221; color=&#8221;custom&#8221; custom_color=&#8221;#22d6ca&#8221;][\/vc_column_inner][vc_column_inner width=&#8221;5\/6&#8243;][vc_custom_heading text=&#8221;Trattamento goccia a goccia&#8221; use_theme_fonts=&#8221;yes&#8221;][vc_custom_heading text=&#8221;Consigliato&#8221; font_container=&#8221;tag:p|text_align:left&#8221; use_theme_fonts=&#8221;yes&#8221;][\/vc_column_inner][\/vc_row_inner][vc_row_inner][vc_column_inner width=&#8221;1\/6&#8243;][vc_icon icon_fontawesome=&#8221;fa fa-certificate&#8221;][\/vc_column_inner][vc_column_inner width=&#8221;5\/6&#8243;][vc_custom_heading text=&#8221;Concime&#8221; use_theme_fonts=&#8221;yes&#8221;][vc_custom_heading text=&#8221;Conforme al DL n\u00b0 75\/ 2010 del 29 aprile 2010.&#8221; font_container=&#8221;tag:p|text_align:left&#8221; use_theme_fonts=&#8221;yes&#8221;][\/vc_column_inner][\/vc_row_inner][\/vc_column][\/vc_row][:]<\/p>\n","protected":false},"excerpt":{"rendered":"<h3>FERTILIZZANTE<br \/>\nComplesso di magnesio con acido lignosolfonico (Mn &#8211; LS)<\/h3>\n<p><strong>FORMULAZIONE: Liquido<\/strong><\/p>\n<p>Prodotto in forma liquida, indicato per controllare la carenza di magnesio per via radicale e fogliare. \u00c8 tra i pi\u00f9 veloci ad innalzare il livello di magnesio nelle piante. Non contiene solventi e non presenta fitotossicit\u00e0. Massima delicatezza sulla foglia, efficienza eccezionale.<\/p>\n<p><strong><em>COLTURE:<\/em><\/strong> Pomacee, Drupacee, Kiwi, Olivo, Agrumi, Vite e ornamentali, Orticole e ornamentali.<\/p>\n<p>[:]<\/p>\n","protected":false},"featured_media":592,"template":"","meta":[],"product_cat":[20],"product_tag":[],"_links":{"self":[{"href":"https:\/\/www.opengreen.it\/it\/wp-json\/wp\/v2\/product\/618"}],"collection":[{"href":"https:\/\/www.opengreen.it\/it\/wp-json\/wp\/v2\/product"}],"about":[{"href":"https:\/\/www.opengreen.it\/it\/wp-json\/wp\/v2\/types\/product"}],"wp:featuredmedia":[{"embeddable":true,"href":"https:\/\/www.opengreen.it\/it\/wp-json\/wp\/v2\/media\/592"}],"wp:attachment":[{"href":"https:\/\/www.opengreen.it\/it\/wp-json\/wp\/v2\/media?parent=618"}],"wp:term":[{"taxonomy":"product_cat","embeddable":true,"href":"https:\/\/www.opengreen.it\/it\/wp-json\/wp\/v2\/product_cat?post=618"},{"taxonomy":"product_tag","embeddable":true,"href":"https:\/\/www.opengreen.it\/it\/wp-json\/wp\/v2\/product_tag?post=618"}],"curies":[{"name":"wp","href":"https:\/\/api.w.org\/{rel}","templated":true}]}}