{"id":607,"date":"2017-09-19T18:23:14","date_gmt":"2017-09-19T16:23:14","guid":{"rendered":"https:\/\/www.opengreen.it\/?post_type=product&#038;p=607"},"modified":"2025-01-13T16:47:11","modified_gmt":"2025-01-13T15:47:11","slug":"supermicro","status":"publish","type":"product","link":"https:\/\/www.opengreen.it\/it\/prodotto\/supermicro\/","title":{"rendered":"Supermicro"},"content":{"rendered":"<p>[vc_row][vc_column][vc_column_text]<strong>CARATTERISTICHE<\/strong><\/p>\n<p>SUPERMICRO e\u0300 una miscela di microelementi, interamente chelati, che agiscono in modo sinergico per risolvere le microcarenze multiple della pianta. Per la sua formulazione sono stati scelti i migliori agenti chelanti per ogni singolo elemento. Cio\u0300 rende la sua efficacia particolarmente elevata anche nelle condizioni piu\u0300 difficili grazie anche alla sua ottima solubilita\u0300 ed alla velocita\u0300 di assorbimento e traslocazione nei tessuti della pianta. SUPERMICRO e\u0300 utilizzabile per le applicazioni fogliari, per le applicazioni al terreno ed in fertirrigazione. Il suo impiego e\u0300 consigliato in orticoltura, floricoltura, frutticoltura e colture industriali in tutte le situazioni di carenza evidente ed occulta di microelementi ed in particolar modo nelle situazioni di difficile assorbimento dei microelementi dovute alle difficili condizioni fisico-chimiche del terreno (pH elevato, salinita\u0300, squilibrio tra gli elementi, ecc..) o in situazioni di stress vegetativi. In prossimita\u0300 della raccolta migliora notevolmente le caratteristiche organolettiche della pro- duzione (colore, sapore, odore) e la conservabilita\u0300 dei frutti.[\/vc_column_text][\/vc_column][\/vc_row][vc_row njt-role=&#8221;not-logged-in&#8221;][vc_column][vc_column_text njt-role=&#8221;not-logged-in&#8221;]<strong>Altre informazioni su questo prodotto sono disponibili esclusivamente per gli utenti che hanno effettuato la registrazione e il login al nostro sito. Per visualizzarli effettua il <a href=\"https:\/\/www.opengreen.it\/login\/\">login<\/a> o la <a href=\"https:\/\/www.opengreen.it\/registration\/\">registrazione<\/a>.<\/strong>[\/vc_column_text][\/vc_column][\/vc_row][vc_row njt-role=&#8221;logged-in&#8221;][vc_column][vc_column_text]<\/p>\n<div title=\"Page 6\">\n<div class=\"page\" title=\"Page 8\">\n<div class=\"section\">\n<div class=\"layoutArea\">\n<div class=\"column\">\n<h3>CONCIME CE<br \/>\nCONCIME A BASE DI MICROELEMENTI<\/h3>\n<\/div>\n<\/div>\n<\/div>\n<\/div>\n<\/div>\n<p>[\/vc_column_text][vc_table]COMPOSIZIONE,p%2Fp|Boro%20(B)%20solubile%20in%20acqua,1%2C30%25|Cobalto%20(Co)%20solubile%20in%20acqua%20e%20interamente%20chelato%20con%20EDTA,0%2C04%25|Rame%20(Cu)%20solubile%20in%20acqua%20e%20interamente%20chelato%20con%20EDTA,0%2C45%25|Ferro%20(Fe)%20solubile%20in%20acqua%20e%20interamente%20chelato%20con%20EDTA,1%2C75%25|Manganese%20(Mn)%20solubile%20in%20acqua%20e%20interamente%20chelato%20con%20EDTA,2%2C20%25|Molibdeno%20(Mo)%20solubile%20in%20acqua,0%2C09%25|Zinco%20(Zn)%20solubile%20in%20acqua%20e%20interamente%20chelato%20con%20EDTA,1%2C30%25[\/vc_table][vc_column_text]<\/p>\n<div title=\"Page 6\">\n<div class=\"page\" title=\"Page 8\">\n<div class=\"section\">\n<div class=\"layoutArea\">\n<div class=\"column\">\n<h3>DOSI DI APPLICAZIONE<\/h3>\n<\/div>\n<\/div>\n<\/div>\n<\/div>\n<\/div>\n<p>[\/vc_column_text][vc_table vc_table_theme=&#8221;classic_pink&#8221;]Colture,Fogliare,Fertirrigazione|Orticoltura%20e%20floricoltura,100%20-%20200%20g%2FHl,1%20-%202%20g%2Fmq|Frutticoltura,100%20-%20200%20g%2FHl,50%20-%20100%20g%2Fpianta|Viticoltura,200%20-%20300%20g%2FHl,40%20-%2080%20g%2Fpianta|Fragola,100%20-%20200%20g%2FHl,2%20-%203%20g%2Fpianta|Colture%20industriali%20e%20Cereali,200%20-%20300%20g%2FHl,3%20-%205%20kg%2FHa[\/vc_table][vc_column_text]<\/p>\n<div class=\"page\" title=\"Page 13\">\n<div class=\"layoutArea\">\n<div class=\"column\">\n<div class=\"page\" title=\"Page 26\">\n<div class=\"layoutArea\">\n<div class=\"column\">\n<div class=\"page\" title=\"Page 13\">\n<div class=\"layoutArea\">\n<div class=\"column\">\n<p><strong>Miscibilita\u0300<\/strong>:<\/p>\n<p>SUPERMICRO e\u0300 compatibile con i piu\u0300 comuni concimi fogliari e fitofarmaci ad esclusione degli olii bianchi, dei prodotti a base di zolfi e dei prodotti a reazione alcalina. Si raccomanda comunque di effettuare dei saggi preliminari prima di utilizzare il prodotto in miscela con altri formulati. Nelle applicazioni fogliari si consiglia di effettuare i trattamenti nelle ore piu\u0300 fresche della giornata. In ambiente protetto utilizzare i dosaggi minori.<\/p>\n<\/div>\n<\/div>\n<\/div>\n<\/div>\n<\/div>\n<\/div>\n<\/div>\n<\/div>\n<\/div>\n<p>[\/vc_column_text][vc_row_inner][vc_column_inner width=&#8221;1\/6&#8243;][vc_icon icon_fontawesome=&#8221;fa fa-envira&#8221; color=&#8221;custom&#8221; custom_color=&#8221;#68b32d&#8221;][\/vc_column_inner][vc_column_inner width=&#8221;5\/6&#8243;][vc_custom_heading text=&#8221;Trattamento fogliare&#8221; use_theme_fonts=&#8221;yes&#8221;][vc_custom_heading text=&#8221;Consigliato. Impiegabile anche con bassi volumi d\u2019acqua.&#8221; font_container=&#8221;tag:p|text_align:left&#8221; use_theme_fonts=&#8221;yes&#8221;][\/vc_column_inner][\/vc_row_inner][vc_row_inner][vc_column_inner width=&#8221;1\/6&#8243;][vc_icon icon_fontawesome=&#8221;fa fa-tree&#8221; color=&#8221;custom&#8221; custom_color=&#8221;#9e6219&#8243;][\/vc_column_inner][vc_column_inner width=&#8221;5\/6&#8243;][vc_custom_heading text=&#8221;Trattamento radicale e fertirrigazione&#8221; use_theme_fonts=&#8221;yes&#8221;][vc_custom_heading text=&#8221;Consigliato&#8221; font_container=&#8221;tag:p|text_align:left&#8221; use_theme_fonts=&#8221;yes&#8221;][\/vc_column_inner][\/vc_row_inner][vc_row_inner][vc_column_inner width=&#8221;1\/6&#8243;][vc_icon icon_fontawesome=&#8221;fa fa-tint&#8221; color=&#8221;custom&#8221; custom_color=&#8221;#22d6ca&#8221;][\/vc_column_inner][vc_column_inner width=&#8221;5\/6&#8243;][vc_custom_heading text=&#8221;Trattamento goccia a goccia&#8221; use_theme_fonts=&#8221;yes&#8221;][vc_custom_heading text=&#8221;Consigliato&#8221; font_container=&#8221;tag:p|text_align:left&#8221; use_theme_fonts=&#8221;yes&#8221;][\/vc_column_inner][\/vc_row_inner][vc_row_inner][vc_column_inner width=&#8221;1\/6&#8243;][vc_icon icon_fontawesome=&#8221;fa fa-certificate&#8221;][\/vc_column_inner][vc_column_inner width=&#8221;5\/6&#8243;][vc_custom_heading text=&#8221;Concime CE&#8221; use_theme_fonts=&#8221;yes&#8221;][vc_custom_heading text=&#8221;Conforme al Reg. CEn. 2003\/ 2003 del 13 ottobre 2003&#8243; font_container=&#8221;tag:p|text_align:left&#8221; use_theme_fonts=&#8221;yes&#8221;][\/vc_column_inner][\/vc_row_inner][vc_row_inner][vc_column_inner width=&#8221;1\/6&#8243;][vc_icon icon_fontawesome=&#8221;fa fa-leaf&#8221; color=&#8221;custom&#8221; custom_color=&#8221;#addd44&#8243;][\/vc_column_inner][vc_column_inner width=&#8221;5\/6&#8243;][vc_custom_heading text=&#8221;Ammesso in Agricoltura Biologica&#8221; use_theme_fonts=&#8221;yes&#8221;][vc_custom_heading text=&#8221;Conforme al Reg. CEn. 834\/ 2007 del 28 giugno 2007&#8243; font_container=&#8221;tag:p|text_align:left&#8221; use_theme_fonts=&#8221;yes&#8221;][\/vc_column_inner][\/vc_row_inner][\/vc_column][\/vc_row][:]<\/p>\n","protected":false},"excerpt":{"rendered":"<h3>Sinergia tra i microelementi pi\u00f9 importanti<\/h3>\n<p><strong>FORMULAZIONE: Microgranulare WDG<\/strong><\/p>\n<p>Prodotto studiato per risolvere le micro carenze multiple della pianta. SUPERMICRO \u00e8 utilizzabile per le applicazioni fogliari, per applicazioni al terreno e in fertirrigazione. Ottima solubilit\u00e0 e velocit\u00e0 di assorbimento e traslocazione nei tessuti della pianta.<\/p>\n<p><strong><em>COLTURE:<\/em><\/strong> Orticoltura e floricoltura, Frutticoltura, Viticoltura, Fragola, Colture industriali e Cereali.<\/p>\n<p>[:]<\/p>\n","protected":false},"featured_media":592,"template":"","meta":[],"product_cat":[20],"product_tag":[],"_links":{"self":[{"href":"https:\/\/www.opengreen.it\/it\/wp-json\/wp\/v2\/product\/607"}],"collection":[{"href":"https:\/\/www.opengreen.it\/it\/wp-json\/wp\/v2\/product"}],"about":[{"href":"https:\/\/www.opengreen.it\/it\/wp-json\/wp\/v2\/types\/product"}],"wp:featuredmedia":[{"embeddable":true,"href":"https:\/\/www.opengreen.it\/it\/wp-json\/wp\/v2\/media\/592"}],"wp:attachment":[{"href":"https:\/\/www.opengreen.it\/it\/wp-json\/wp\/v2\/media?parent=607"}],"wp:term":[{"taxonomy":"product_cat","embeddable":true,"href":"https:\/\/www.opengreen.it\/it\/wp-json\/wp\/v2\/product_cat?post=607"},{"taxonomy":"product_tag","embeddable":true,"href":"https:\/\/www.opengreen.it\/it\/wp-json\/wp\/v2\/product_tag?post=607"}],"curies":[{"name":"wp","href":"https:\/\/api.w.org\/{rel}","templated":true}]}}