{"id":603,"date":"2017-09-19T18:07:37","date_gmt":"2017-09-19T16:07:37","guid":{"rendered":"https:\/\/www.opengreen.it\/?post_type=product&#038;p=603"},"modified":"2025-01-13T16:47:10","modified_gmt":"2025-01-13T15:47:10","slug":"incas","status":"publish","type":"product","link":"https:\/\/www.opengreen.it\/it\/prodotto\/incas\/","title":{"rendered":"Incas"},"content":{"rendered":"<p>[vc_row][vc_column][vc_column_text]<\/p>\n<div class=\"page\" title=\"Page 6\"><strong>CARATTERISTICHE\u00a0<\/strong><\/div>\n<div title=\"Page 6\">\n<div class=\"page\" title=\"Page 24\">\n<div class=\"layoutArea\">\n<div class=\"column\">\n<p>Complesso chimico chelato in cui lo zinco 1% \u00e8 chimicamente unito al manganese 3% tramite un legame EDTA che lo rende estremamente stabile. INCAS \u00e8 caratterizzato sia da una elevata azione biologica, sia da una lunga persistenza sulle foglie. INCAS esercita una benefica azione sulla vegetazione e nella biologia delle piante trattate oltre a stimolare meccanismi di protezione endogena. La formulazione liquida, pronta all\u2019uso, \u00e8 costituita in modo che possa entrare nella foglia con maggior facilit\u00e0 e grande velocit\u00e0 d\u2019azione.<\/p>\n<p>Il tipo di formulazione non permette la formazione di gocce che provocano ustioni sulla foglia. Inoltre non consente il dilava- mento.<\/p>\n<ul>\n<li>Controlla efficacemente le fisiopatie nutrizionali.<\/li>\n<li>Universalmente utilizzato per controllare la carenza di manganese e zinco per via fogliare e per fertirrigazione.<\/li>\n<li>Distribuire a carenza riconosciuta ogni 8 giorni fino alla scomparsa del sintomo.<\/li>\n<li>Il prodotto \u00e8 SISTEMICO; penetra nell\u2019interno della foglia e non viene dilavato.<\/li>\n<li>Prodotto idoneo in agricoltura biologica.<\/li>\n<\/ul>\n<\/div>\n<\/div>\n<\/div>\n<\/div>\n<p>[\/vc_column_text][\/vc_column][\/vc_row][vc_row njt-role=&#8221;not-logged-in&#8221;][vc_column][vc_column_text njt-role=&#8221;not-logged-in&#8221;]<strong>Altre informazioni su questo prodotto sono disponibili esclusivamente per gli utenti che hanno effettuato la registrazione e il login al nostro sito. Per visualizzarli effettua il <a href=\"https:\/\/www.opengreen.it\/login\/\">login<\/a> o la <a href=\"https:\/\/www.opengreen.it\/registration\/\">registrazione<\/a>.<\/strong>[\/vc_column_text][\/vc_column][\/vc_row][vc_row njt-role=&#8221;logged-in&#8221;][vc_column][vc_column_text]<\/p>\n<div title=\"Page 6\">\n<div class=\"page\" title=\"Page 8\">\n<div class=\"section\">\n<div class=\"layoutArea\">\n<div class=\"column\">\n<h3>CONCIME CE<br \/>\nChelato di Manganese e Zinco con EDTA<\/h3>\n<\/div>\n<\/div>\n<\/div>\n<\/div>\n<\/div>\n<p>[\/vc_column_text][vc_table]COMPOSIZIONE,p%2Fp|Manganese%20(Mn)%20solubile%20in%20acqua,3%25%20%2B%2F-0%2C4|Manganese%20(Mn)%20solubile%20in%20acqua,3%25%20%2B%2F-0%2C4|Zinco%20(Zn)%20solubile%20in%20acqua,1%2C0%25%20%2B%2F-0%2C4|Zinco%20(Zn)%20chelato%20con%20EDTA,1%2C0%25%20%2B%2F-0%2C4[\/vc_table][vc_column_text]<\/p>\n<div class=\"page\" title=\"Page 6\">\n<div class=\"page\" title=\"Page 24\">\n<div class=\"layoutArea\">\n<div class=\"column\">\n<p><strong>INFORMAZIONI CHIMICO-FISICHE<\/strong><\/p>\n<ul>\n<li>Nome chimico: Ethylendiaminetetracetic acid, Manganese and Zinc complex<\/li>\n<li>Tipo di chelato sigla internazionale: EDTA<\/li>\n<li>Aspetto: liquido rosato<\/li>\n<li>Densit\u00e0 volumetrica: 1150 Kg\/mc<\/li>\n<li>pH 1%: 6,5<\/li>\n<li>Odore: leggermente EDTA<\/li>\n<\/ul>\n<\/div>\n<\/div>\n<\/div>\n<\/div>\n<p>[\/vc_column_text][vc_column_text]<\/p>\n<div title=\"Page 6\">\n<div class=\"page\" title=\"Page 8\">\n<div class=\"section\">\n<div class=\"layoutArea\">\n<div class=\"column\">\n<h3>DOSI DI APPLICAZIONE<\/h3>\n<\/div>\n<\/div>\n<\/div>\n<\/div>\n<\/div>\n<p>[\/vc_column_text][vc_table vc_table_theme=&#8221;classic_blue&#8221;]Trattamento%20fogliare,g%2Fhl,kg%2Fha|Melone,200-300,2-3|Pomodoro,300-500,3-5|Floricole,200-300,2-3|Orticoltura,300-400,3-4|Vite,300-500,3-5|Olivo,500-600,5-6|Barbabietola,200-400,2-4|Pomacee%20e%20Drupacee,300-500,3-5[\/vc_table][vc_column_text]<strong>Fertirrigazione<\/strong>: Universalmente a kg 10-15 \/ha.<\/p>\n<p><strong>Nota<\/strong>: In via fogliare usare il prodotto nelle ore pi\u00f9 fresche della giornata.<\/p>\n<div class=\"page\" title=\"Page 24\"><\/div>\n<p>[\/vc_column_text][vc_row_inner][vc_column_inner width=&#8221;1\/6&#8243;][vc_icon icon_fontawesome=&#8221;fa fa-envira&#8221; color=&#8221;custom&#8221; custom_color=&#8221;#68b32d&#8221;][\/vc_column_inner][vc_column_inner width=&#8221;5\/6&#8243;][vc_custom_heading text=&#8221;Trattamento Fogliare&#8221; use_theme_fonts=&#8221;yes&#8221;][vc_custom_heading text=&#8221;Consigliato. Impiegabile anche con bassi volumi d\u2019acqua&#8221; font_container=&#8221;tag:p|text_align:left&#8221; use_theme_fonts=&#8221;yes&#8221;][\/vc_column_inner][\/vc_row_inner][vc_row_inner][vc_column_inner width=&#8221;1\/6&#8243;][vc_icon icon_fontawesome=&#8221;fa fa-tree&#8221; color=&#8221;custom&#8221; custom_color=&#8221;#9e6219&#8243;][\/vc_column_inner][vc_column_inner width=&#8221;5\/6&#8243;][vc_custom_heading text=&#8221; Trattamento radicale e fertirrigazione&#8221; use_theme_fonts=&#8221;yes&#8221;][vc_custom_heading text=&#8221;Possibile sotto consiglio tecnico&#8221; font_container=&#8221;tag:p|text_align:left&#8221; use_theme_fonts=&#8221;yes&#8221;][\/vc_column_inner][\/vc_row_inner][vc_row_inner][vc_column_inner width=&#8221;1\/6&#8243;][vc_icon icon_fontawesome=&#8221;fa fa-tint&#8221; color=&#8221;custom&#8221; custom_color=&#8221;#22d6ca&#8221;][\/vc_column_inner][vc_column_inner width=&#8221;5\/6&#8243;][vc_custom_heading text=&#8221; Trattamento goccia a goccia&#8221; use_theme_fonts=&#8221;yes&#8221;][vc_custom_heading text=&#8221;Possibile sotto consiglio tecnico&#8221; font_container=&#8221;tag:p|text_align:left&#8221; use_theme_fonts=&#8221;yes&#8221;][\/vc_column_inner][\/vc_row_inner][vc_row_inner][vc_column_inner width=&#8221;1\/6&#8243;][vc_icon icon_fontawesome=&#8221;fa fa-certificate&#8221;][\/vc_column_inner][vc_column_inner width=&#8221;5\/6&#8243;][vc_custom_heading text=&#8221;Concime CE&#8221; use_theme_fonts=&#8221;yes&#8221;][vc_custom_heading text=&#8221;Conforme al Reg. CE n. 2003\/2003 del 13 ottobre 2003&#8243; font_container=&#8221;tag:p|text_align:left&#8221; use_theme_fonts=&#8221;yes&#8221;][\/vc_column_inner][\/vc_row_inner][vc_row_inner][vc_column_inner width=&#8221;1\/6&#8243;][vc_icon icon_fontawesome=&#8221;fa fa-leaf&#8221; color=&#8221;custom&#8221; custom_color=&#8221;#addd44&#8243;][\/vc_column_inner][vc_column_inner width=&#8221;5\/6&#8243;][vc_custom_heading text=&#8221;Ammesso in Agricoltura Biologica&#8221; use_theme_fonts=&#8221;yes&#8221;][vc_custom_heading text=&#8221;Conforme al Reg. CE n. 834\/2007 del 28 giugno 2007&#8243; font_container=&#8221;tag:p|text_align:left&#8221; use_theme_fonts=&#8221;yes&#8221;][\/vc_column_inner][\/vc_row_inner][\/vc_column][\/vc_row]<\/p>\n","protected":false},"excerpt":{"rendered":"<h3>Supporta la pianta nei momenti di stress<\/h3>\n<p><strong>&#8211; AMMESSO IN AGRICOLTURA BIOLOGICA \u2013 <\/strong><strong>\u00a0<\/strong><\/p>\n<p><strong>FORMULAZIONE: Liquido<\/strong><\/p>\n<p>Complesso chimico chelato. \u00c8 caratterizzato sia da un\u2019elevata azione biologica che da una lunga persistenza sulle foglie. Formulazione liquida pronta all\u2019uso. Controlla efficacemente le fisiopatie nutrizionali. Prodotto idoneo in agricoltura biologica.<\/p>\n<p><strong><em>COLTURE:<\/em><\/strong> Melone, Pomodoro, Floricole, Orticoltura, Vite, Olivo, Barbabietola, Agrumi, Pesco, Mele e Pere.<\/p>\n","protected":false},"featured_media":604,"template":"","meta":[],"product_cat":[21],"product_tag":[],"_links":{"self":[{"href":"https:\/\/www.opengreen.it\/it\/wp-json\/wp\/v2\/product\/603"}],"collection":[{"href":"https:\/\/www.opengreen.it\/it\/wp-json\/wp\/v2\/product"}],"about":[{"href":"https:\/\/www.opengreen.it\/it\/wp-json\/wp\/v2\/types\/product"}],"wp:featuredmedia":[{"embeddable":true,"href":"https:\/\/www.opengreen.it\/it\/wp-json\/wp\/v2\/media\/604"}],"wp:attachment":[{"href":"https:\/\/www.opengreen.it\/it\/wp-json\/wp\/v2\/media?parent=603"}],"wp:term":[{"taxonomy":"product_cat","embeddable":true,"href":"https:\/\/www.opengreen.it\/it\/wp-json\/wp\/v2\/product_cat?post=603"},{"taxonomy":"product_tag","embeddable":true,"href":"https:\/\/www.opengreen.it\/it\/wp-json\/wp\/v2\/product_tag?post=603"}],"curies":[{"name":"wp","href":"https:\/\/api.w.org\/{rel}","templated":true}]}}