{"id":2981,"date":"2025-06-23T10:49:40","date_gmt":"2025-06-23T08:49:40","guid":{"rendered":"https:\/\/www.opengreen.it\/?post_type=product&#038;p=2981"},"modified":"2025-06-23T10:49:40","modified_gmt":"2025-06-23T08:49:40","slug":"diadema-5-10-18","status":"publish","type":"product","link":"https:\/\/www.opengreen.it\/it\/prodotto\/diadema-5-10-18\/","title":{"rendered":"Diadema 5.10.18"},"content":{"rendered":"<p>[vc_row][vc_column][vc_column_text]CONCIME INORGANICO SOLIDO COMPOSTO A BASE DI MACROELEMENTI<br \/>\nNPK (CaO, MgO, SO3) 5-10-18 (11-2-22)<\/p>\n<p>COMPOSIZIONE<br \/>\n\u2022 Azoto (N) totale &#8211; 5,0%<br \/>\n\u2022 Azoto sotto forma ammoniacale &#8211; 3,5%<br \/>\n\u2022 Azoto sotto forma ureica &#8211; 1,5%<br \/>\n\u2022 Anidride fosforica (P2O5) totale &#8211; 10,0%<\/p>\n<p>\u2022 Anidride fosforica (P2O5) idrosolubile &#8211; 4,0%<\/p>\n<p>\u2022 Anidride fosforica (P2O5) solubile in citrato ammonico neutro &#8211; 5,0%<\/p>\n<p>\u2022 Anidride fosforica (P2O5) solubile in acido formico &#8211; 7,5%<\/p>\n<p>\u2022 Ossido di potassio (K2O) idrosolubile &#8211; 18,0%<br \/>\n\u2022 Ossido di calcio (CaO) totale &#8211; 11,0%<br \/>\n\u2022 Ossido di calcio (CaO) idrosolubile &#8211; 6,0%<br \/>\n\u2022 Ossido di magnesio (MgO) totale &#8211; 2,0%<br \/>\n\u2022 Ossido di magnesio (MgO) idrosolubile &#8211; 1,5%<br \/>\n\u2022 Anidride solforica (SO3) totale &#8211; 22,0%<\/p>\n<p>\u2022 Anidride solforica (SO3) idrosolubile &#8211; 20,0%<\/p>\n<p>Ingredienti: cloruro potassico1 (7447-40-7), fosfato naturale1 (65996-94-3), solfato ammonico1 (7783-20-2), solfato di calcio1 (10101-41-4), fosfato biammonico1 (7783-28-0), perfosfato semplice1 (8011-76-5)<\/p>\n<p>1CMC1 Sostanze e miscele a base di materiale grezzo.<\/p>\n<p>Granulometria: granuli, il 90% del prodotto passa attraverso un setaccio da 4,5 mm.[\/vc_column_text][\/vc_column][\/vc_row][vc_row][vc_column][vc_column_text]<\/p>\n<h3>Dosi di Applicazione<\/h3>\n<table border=\"1\" cellpadding=\"8\" cellspacing=\"0\" style=\"width: 100%; font-family: Arial, sans-serif;\">\n<thead>\n<tr style=\"background-color: #f9c400; font-weight: bold;\">\n<th>COLTURE<\/th>\n<th>DOSAGGI (Kg\/ha)<\/th>\n<th>EPOCA<\/th>\n<\/tr>\n<\/thead>\n<tbody style=\"background-color: #fffacd;\">\n<tr>\n<td>Cereali<\/td>\n<td>300 \u2013 600<\/td>\n<td>Pre-semina<\/td>\n<\/tr>\n<tr>\n<td>Soia \/ Girasole<\/td>\n<td>300 \u2013 500<\/td>\n<td>Pre-semina<\/td>\n<\/tr>\n<tr>\n<td>Frutticole \/ uva da tavola e da vino<\/td>\n<td>400 \u2013 600<\/td>\n<td>Post-raccolta \/ ripresa vegetativa<\/td>\n<\/tr>\n<tr>\n<td>Medica<\/td>\n<td>350 \u2013 550<\/td>\n<td>Pre-semina<\/td>\n<\/tr>\n<\/tbody>\n<\/table>\n<p><\/p>\n<p style=\"font-family: Arial, sans-serif;\">\n  <strong>Epoca di impiego e frequenza:<\/strong><br \/>  Applicare il prodotto in un\u2019unica somministrazione o frazionandolo durante tutto il ciclo colturale, in funzione dello stato vegetativo e\/o al manifestarsi di eventuali carenze.\n<\/p>\n<p>[\/vc_column_text][\/vc_column][\/vc_row]<\/p>\n","protected":false},"excerpt":{"rendered":"<p>DIADEMA 5.10.18 \u00e8 un fertilizzante complesso granulare. La composizione del prodotto si ottiene attraverso l\u2019unione di<br \/>\ntutti gli elementi nello stesso granulo, ed \u00e8 particolarmente indicato per le colture di alta qualit\u00e0. Il granulo \u00e8 composto<br \/>\nda azoto, fosforo e potassio altamente solubili in grado di sciogliersi da solo anche con l\u2019uso di acqua in piccole quantit\u00e0.<\/p>\n<p>Questo complesso in forma granulare, permette una distribuzione ottimale degli elementi presenti, azoto, fosforo e potas-<br \/>\nsio. La presenza di questi elementi, rende DIADEMA 5.10.18 indicato per tutti i tipi di colture ed in particolare per quelle<\/p>\n<p>orticole e frutticole, dove l\u2019obiettivo fondamentale \u00e8 l\u2019ottenimento di un prodotto fi nale di grande valore. La presenza<br \/>\nelevata di potassio e altre componenti fondamentali, calcio, magnesio, SO3<\/p>\n<p>, in percentuali signifi cative e altamente solubili<\/p>\n<p>rende DIADEMA 5.10.18 un fertilizzante ideale per migliorare le caratteristiche organolettiche delle colture.<\/p>\n","protected":false},"featured_media":655,"template":"","meta":[],"product_cat":[26],"product_tag":[],"_links":{"self":[{"href":"https:\/\/www.opengreen.it\/it\/wp-json\/wp\/v2\/product\/2981"}],"collection":[{"href":"https:\/\/www.opengreen.it\/it\/wp-json\/wp\/v2\/product"}],"about":[{"href":"https:\/\/www.opengreen.it\/it\/wp-json\/wp\/v2\/types\/product"}],"wp:featuredmedia":[{"embeddable":true,"href":"https:\/\/www.opengreen.it\/it\/wp-json\/wp\/v2\/media\/655"}],"wp:attachment":[{"href":"https:\/\/www.opengreen.it\/it\/wp-json\/wp\/v2\/media?parent=2981"}],"wp:term":[{"taxonomy":"product_cat","embeddable":true,"href":"https:\/\/www.opengreen.it\/it\/wp-json\/wp\/v2\/product_cat?post=2981"},{"taxonomy":"product_tag","embeddable":true,"href":"https:\/\/www.opengreen.it\/it\/wp-json\/wp\/v2\/product_tag?post=2981"}],"curies":[{"name":"wp","href":"https:\/\/api.w.org\/{rel}","templated":true}]}}