{"id":2980,"date":"2025-06-23T10:41:46","date_gmt":"2025-06-23T08:41:46","guid":{"rendered":"https:\/\/www.opengreen.it\/?post_type=product&#038;p=2980"},"modified":"2025-06-23T10:41:46","modified_gmt":"2025-06-23T08:41:46","slug":"gardenia-12-12-17-cs","status":"publish","type":"product","link":"https:\/\/www.opengreen.it\/it\/prodotto\/gardenia-12-12-17-cs\/","title":{"rendered":"Gardenia 12.12.17 CS"},"content":{"rendered":"<p>[vc_row][vc_column][vc_column_text]CONCIME MINERALE COMPOSTO<br \/>\nConcime NPK (Mg-S) 12.12.17 (2-34)<\/p>\n<p>COMPOSIZIONE<br \/>\n\u2022 Azoto (N) totale &#8211; 12%<br \/>\n\u2022 Azoto (N) ammoniacale &#8211; 10%<br \/>\n\u2022 Azoto (N) ureico &#8211; 2%<br \/>\n\u2022 Anidride fosforica (P2O5) solubile in citrato ammonico neutro e in acqua &#8211; 12%<\/p>\n<p>\u2022 Anidride fosforica (P2O5) solubile in acqua &#8211; 11%<\/p>\n<p>\u2022 Ossido di potassio (K2O) solubile in acqua &#8211; 17%<br \/>\n\u2022 Ossido di magnesio (MgO) totale &#8211; 2%<br \/>\n\u2022 Ossido di magnesio (MgO) solubile in acqua &#8211; 1,5%<br \/>\n\u2022 Anidride solforica (SO3) totale &#8211; 24%<\/p>\n<p>\u2022 Anidride solforica (SO3) solubile in acqua &#8211; 22%[\/vc_column_text][\/vc_column][\/vc_row][vc_row][vc_column][vc_column_text]<\/p>\n<h3>Dosi di Applicazione<\/h3>\n<table border=\"1\" cellpadding=\"8\" cellspacing=\"0\" style=\"width: 100%; font-family: Arial, sans-serif;\">\n<thead>\n<tr style=\"background-color: #f9c400; font-weight: bold;\">\n<th>COLTURE<\/th>\n<th>EPOCA<\/th>\n<th>DOSI<\/th>\n<\/tr>\n<\/thead>\n<tbody style=\"background-color: #fffacd;\">\n<tr>\n<td>Mais &#8211; Sorgo<\/td>\n<td>Presemina<\/td>\n<td>300 \u2013 400 Kg\/ha<\/td>\n<\/tr>\n<tr>\n<td>Grano tenero e duro<\/td>\n<td>Presemina<\/td>\n<td>300 \u2013 400 Kg\/ha<\/td>\n<\/tr>\n<tr>\n<td>Soia<\/td>\n<td>Presemina<\/td>\n<td>200 \u2013 300 Kg\/ha<\/td>\n<\/tr>\n<tr>\n<td>Pomodoro<\/td>\n<td>Presemina<\/td>\n<td>300 \u2013 400 Kg\/ha<\/td>\n<\/tr>\n<tr>\n<td>Barbabietola<\/td>\n<td>Presemina<\/td>\n<td>300 \u2013 400 Kg\/ha<\/td>\n<\/tr>\n<tr>\n<td>Orticole &#8211; Frutticole<\/td>\n<td>Presemina<\/td>\n<td>400 \u2013 500 Kg\/ha<\/td>\n<\/tr>\n<tr>\n<td>Vite<\/td>\n<td>Ripresa vegetativa<\/td>\n<td>350 \u2013 450 Kg\/ha<\/td>\n<\/tr>\n<\/tbody>\n<\/table>\n<p>[\/vc_column_text][\/vc_column][\/vc_row]<\/p>\n","protected":false},"excerpt":{"rendered":"<p>GARDENIA 12.12.17 CS \u00e8 un fertilizzante complesso granulare. La composizione del prodotto si ottiene attraverso l\u2019unione<br \/>\ndi tutti gli elementi nello stesso granulo, ed \u00e8 particolarmente indicato per le colture di alta qualit\u00e0. Il granulo \u00e8 composto<br \/>\nda azoto, fosforo e potassio altamente solubili in grado di sciogliersi da solo anche con l\u2019uso di acqua in piccole quantit\u00e0.<\/p>\n<p>Questo complesso in forma granulare, permette una distribuzione ottimale degli elementi presenti, azoto, fosforo e po-<br \/>\ntassio. La presenza di questi elementi, rende GARDENIA 12.12.17 CS indicato per tutti i tipi di colture ed in particolare per<\/p>\n<p>quelle orticole e frutticole, dove l\u2019obiettivo fondamentale \u00e8 l\u2019ottenimento di un prodotto fi nale di grande valore. L\u2019azoto,<\/p>\n<p>il fosforo, il potassio e l\u2019aggiunta di magnesio nello stesso granulo, rendono questo fertilizzante adatto a prevenire la ca-<br \/>\nrenza di nutrienti.<\/p>\n","protected":false},"featured_media":655,"template":"","meta":[],"product_cat":[26],"product_tag":[],"_links":{"self":[{"href":"https:\/\/www.opengreen.it\/it\/wp-json\/wp\/v2\/product\/2980"}],"collection":[{"href":"https:\/\/www.opengreen.it\/it\/wp-json\/wp\/v2\/product"}],"about":[{"href":"https:\/\/www.opengreen.it\/it\/wp-json\/wp\/v2\/types\/product"}],"wp:featuredmedia":[{"embeddable":true,"href":"https:\/\/www.opengreen.it\/it\/wp-json\/wp\/v2\/media\/655"}],"wp:attachment":[{"href":"https:\/\/www.opengreen.it\/it\/wp-json\/wp\/v2\/media?parent=2980"}],"wp:term":[{"taxonomy":"product_cat","embeddable":true,"href":"https:\/\/www.opengreen.it\/it\/wp-json\/wp\/v2\/product_cat?post=2980"},{"taxonomy":"product_tag","embeddable":true,"href":"https:\/\/www.opengreen.it\/it\/wp-json\/wp\/v2\/product_tag?post=2980"}],"curies":[{"name":"wp","href":"https:\/\/api.w.org\/{rel}","templated":true}]}}