{"id":2977,"date":"2025-06-23T10:21:57","date_gmt":"2025-06-23T08:21:57","guid":{"rendered":"https:\/\/www.opengreen.it\/?post_type=product&#038;p=2977"},"modified":"2025-06-23T10:24:10","modified_gmt":"2025-06-23T08:24:10","slug":"livingland-plus","status":"publish","type":"product","link":"https:\/\/www.opengreen.it\/it\/prodotto\/livingland-plus\/","title":{"rendered":"LIVINGLAND PLUS"},"content":{"rendered":"<p>[vc_row][vc_column][vc_column_text]SUBSTRATO DI COLTIVAZIONE<br \/>\nSubstrato di coltivazione misto<\/p>\n<p>COMPOSIZIONE<br \/>\n\u2022 pH (in H2O) &#8211; 7,9<br \/>\n\u2022 Conducibilit\u00e0 elettrica &#8211; 1 dS\/m<br \/>\n\u2022 Densit\u00e0 apparente secca &#8211; 800 kg\/m3<br \/>\n\u2022 Porosit\u00e0 totale &#8211; 2% (v\/v)<br \/>\n\u2022 Azoto (N) organico sul secco &#8211; 2%<br \/>\n\u2022 Carbonio (C) organico di origine biologica sul secco &#8211; 25%<br \/>\n\u2022 Volume commerciale &#8211; 1.35 L (pari a 1 kg)<\/p>\n<p>Componenti: ammendante compostato misto, inoculo di funghi micorrizici.<br \/>\nCONSENTITO IN AGRICOLTURA BIOLOGICA<br \/>\nMaterie prime: ammendante compostato misto, inoculo di funghi micorrizici.<br \/>\nProdotto ottenuto unicamente a partire da ammendanti e prodotti ad azione specifi ca \u201cConsentiti in agricoltura biologica\u201d.<br \/>\n&#8211; Attivato con consorzio microbico a base di micorrize &#8211; endomicorrize &#8211; rizobatteri.[\/vc_column_text][\/vc_column][\/vc_row][vc_row][vc_column][vc_column_text]<\/p>\n<h3>Dosi di applicazioni<\/h3>\n<table border=\"1\" cellpadding=\"8\" cellspacing=\"0\" style=\"background-color: yellow; font-family: Arial, sans-serif; width: 100%;\">\n<thead>\n<tr style=\"font-weight: bold;\">\n<th>TIPOLOGIA<\/th>\n<th>DOSI<\/th>\n<th>COLTURE \/ NOTE<\/th>\n<\/tr>\n<\/thead>\n<tbody style=\"background-color: #fffacd;\">\n<tr>\n<td>Applicazione generale<\/td>\n<td>500\u20131200 Kg\/ha<\/td>\n<td>Tutte le colture (orticole, frutticole, vite)<\/td>\n<\/tr>\n<tr>\n<td>Pre-semina<br \/>Agricoltura Convenzionale<\/td>\n<td>300\u2013500 Kg\/ha<\/td>\n<td>Grano, mais, soia, colza, girasole, erba medica<\/td>\n<\/tr>\n<tr>\n<td>Pre-semina<br \/>Agricoltura Biologica<\/td>\n<td>500\u2013700 Kg\/ha<\/td>\n<td>Grano, mais, soia, colza, girasole, erba medica<\/td>\n<\/tr>\n<\/tbody>\n<\/table>\n<p><\/p>\n<h4>Consigli<\/h4>\n<p style=\"font-family: Arial, sans-serif;\">\n  Per la presenza di batteri attivi (Carica Batterica Aerobica: <strong>883.240.000 UFC\/gr<\/strong>; Carica Batterica Anaerobica: <strong>70.020.000 UFC\/gr<\/strong>),<br \/>  se ne sconsiglia la distribuzione in caso di <strong>temperature inferiori a 0\u00b0C o superiori a 40\u00b0C<\/strong>.\n<\/p>\n<p>[\/vc_column_text][\/vc_column][\/vc_row]<\/p>\n","protected":false},"excerpt":{"rendered":"<p>LIVINGLAND PLUS \u00e8 un fertilizzante organico\/biopromotore di nuova concezione. Attraverso un attento controllo della presenza di<br \/>\nbatteri utili, permette di espletare una maggiore attivit\u00e0 a livello della rizosfera, grazie alla produzione di sostanze necessarie all\u2019attivit\u00e0<br \/>\ndi assimilazione della pianta. Inoltre, la presenza al suolo di Azospirillum Brasilense, batteri eterotrofi in grado di fi ssare l\u2019azoto in modo<\/p>\n<p>associativo sfruttando gli essudati radicali, Bacillus Megaterium, batteri solubilizzatori del fosforo, Streptomyces e funghi quali Tricho-<br \/>\nderma, migliorano le attivit\u00e0 nutritive, favorendo l\u2019assimilazione dei macroelementi N,P,K presenti nel suolo. Partendo da una matrice<\/p>\n<p>organica nobile, caratterizzata da un\u2019alta qualit\u00e0 del carbonio organico, da un elevato tasso di umifi cazione ed un ottimale rapporto<\/p>\n<p>carbonio\/azoto, LIVINGLAND PLUS consente gi\u00e0 di per s\u00e9 di raggiungere le massime performance, con il ripristino della fertilit\u00e0 biolo-<br \/>\ngica, fi sica e chimica del terreno. La vera novit\u00e0 di questo prodotto consiste nell\u2019aver utilizzato matrici organiche in grado di esaltare le<\/p>\n<p>attivit\u00e0 di: acidi umici, batteri, resine catalizzatrici ed una grande capacit\u00e0 di ritenzione idrica. Tutte queste componenti, con un\u2019azione<br \/>\nsinergica tra loro, concorrono ad apportare nelle colture diversi benefi ci, quali:<br \/>\n\u2022 Miglioramento dell\u2019attivit\u00e0 del suolo.<br \/>\n\u2022 Forte sviluppo dell\u2019apparato radicale.<br \/>\n\u2022 Stimolazione dell\u2019attivit\u00e0 della microfauna batterica nel suolo.<br \/>\n\u2022 Miglioramento dello stato fi sico del terreno, aumentando la circolazione dell\u2019aria.<br \/>\n\u2022 Aumento della capacit\u00e0 di ritenzione e conservazione dell\u2019acqua.<br \/>\n\u2022 Maggiore disponibilit\u00e0 degli elementi presenti nel terreno (permettendo una riduzione delle concimazioni minerali).<br \/>\nLIVINGLAND PLUS \u00e8 esente da nematodi, salmonelle e coliformi, inoltre \u00e8 assolutamente in linea con la normativa di legge riguardante<br \/>\nil contenuto di metalli pesanti.<\/p>\n","protected":false},"featured_media":655,"template":"","meta":[],"product_cat":[26],"product_tag":[],"_links":{"self":[{"href":"https:\/\/www.opengreen.it\/it\/wp-json\/wp\/v2\/product\/2977"}],"collection":[{"href":"https:\/\/www.opengreen.it\/it\/wp-json\/wp\/v2\/product"}],"about":[{"href":"https:\/\/www.opengreen.it\/it\/wp-json\/wp\/v2\/types\/product"}],"wp:featuredmedia":[{"embeddable":true,"href":"https:\/\/www.opengreen.it\/it\/wp-json\/wp\/v2\/media\/655"}],"wp:attachment":[{"href":"https:\/\/www.opengreen.it\/it\/wp-json\/wp\/v2\/media?parent=2977"}],"wp:term":[{"taxonomy":"product_cat","embeddable":true,"href":"https:\/\/www.opengreen.it\/it\/wp-json\/wp\/v2\/product_cat?post=2977"},{"taxonomy":"product_tag","embeddable":true,"href":"https:\/\/www.opengreen.it\/it\/wp-json\/wp\/v2\/product_tag?post=2977"}],"curies":[{"name":"wp","href":"https:\/\/api.w.org\/{rel}","templated":true}]}}