{"id":2291,"date":"2024-03-22T17:20:08","date_gmt":"2024-03-22T16:20:08","guid":{"rendered":"https:\/\/www.opengreen.it\/?post_type=product&#038;p=2291"},"modified":"2025-01-13T16:47:28","modified_gmt":"2025-01-13T15:47:28","slug":"naturland-n","status":"publish","type":"product","link":"https:\/\/www.opengreen.it\/it\/prodotto\/naturland-n\/","title":{"rendered":"NATURLAND N"},"content":{"rendered":"","protected":false},"excerpt":{"rendered":"<p>NATURLAND N \u00e8 un substrato di concimazione misto\/biopromotore di nuova concezione. Attraverso un attento controllo della presenza di batteri<br \/>\nutili, permette di espletare una maggiore attivit\u00e0 a livello della rizosfera, grazie alla produzione di sostanze necessarie all\u2019attivit\u00e0 di assimilazione della<br \/>\npianta. Inoltre, la presenza di Bacillus pseudomicoides e Batterio azotofi ssatore, batteri eterotrofi in grado di fi ssare l\u2019azoto in modo associativo sfruttando gli essudati radicali, migliorano le attivit\u00e0 nutritive, favorendo l\u2019assimilazione dei macroelementi presenti nel suolo. Partendo da una matrice<br \/>\norganica nobile, caratterizzata da un\u2019alta qualit\u00e0 del carbonio organico, da un elevato tasso di umifi cazione ed un ottimale rapporto carbonio\/azoto,<br \/>\nNATURLAND N consente gi\u00e0 di per s\u00e9 di raggiungere le massime performance, con il ripristino della fertilit\u00e0 biologica, fi sica e chimica del terreno. La<br \/>\nvera novit\u00e0 di questo prodotto consiste nell\u2019aver utilizzato matrici organiche in grado di esaltare le attivit\u00e0 di: acidi umici, batteri, resine catalizzatrici<br \/>\ned una grande capacit\u00e0 di ritenzione idrica. Tutte queste componenti, con un\u2019azione sinergica tra loro, concorrono ad apportare nelle colture diversi<br \/>\nbenefi ci, quali:<br \/>\n\u2022 Miglioramento dell\u2019attivit\u00e0 del suolo.<br \/>\n\u2022 Forte sviluppo dell\u2019apparato radicale.<br \/>\n\u2022 Stimolazione dell\u2019attivit\u00e0 della microfauna batterica nel suolo.<br \/>\n\u2022 Miglioramento dello stato fi sico del terreno, aumentando la circolazione dell\u2019aria.<br \/>\n\u2022 Aumento della capacit\u00e0 di ritenzione e conservazione dell\u2019acqua.<br \/>\n\u2022 Maggiore disponibilit\u00e0 degli elementi presenti nel terreno (permettendo una riduzione delle concimazioni minerali).<br \/>\nNATURLAND N \u00e8 esente da nematodi, salmonelle e coliformi, inoltre \u00e8 assolutamente in linea con la normativa di legge<br \/>\nriguardante il contenuto di metalli pesanti.<\/p>\n","protected":false},"featured_media":655,"template":"","meta":[],"product_cat":[26],"product_tag":[],"_links":{"self":[{"href":"https:\/\/www.opengreen.it\/it\/wp-json\/wp\/v2\/product\/2291"}],"collection":[{"href":"https:\/\/www.opengreen.it\/it\/wp-json\/wp\/v2\/product"}],"about":[{"href":"https:\/\/www.opengreen.it\/it\/wp-json\/wp\/v2\/types\/product"}],"wp:featuredmedia":[{"embeddable":true,"href":"https:\/\/www.opengreen.it\/it\/wp-json\/wp\/v2\/media\/655"}],"wp:attachment":[{"href":"https:\/\/www.opengreen.it\/it\/wp-json\/wp\/v2\/media?parent=2291"}],"wp:term":[{"taxonomy":"product_cat","embeddable":true,"href":"https:\/\/www.opengreen.it\/it\/wp-json\/wp\/v2\/product_cat?post=2291"},{"taxonomy":"product_tag","embeddable":true,"href":"https:\/\/www.opengreen.it\/it\/wp-json\/wp\/v2\/product_tag?post=2291"}],"curies":[{"name":"wp","href":"https:\/\/api.w.org\/{rel}","templated":true}]}}