{"id":2266,"date":"2024-03-22T16:19:34","date_gmt":"2024-03-22T15:19:34","guid":{"rendered":"https:\/\/www.opengreen.it\/?post_type=product&#038;p=2266"},"modified":"2025-01-13T16:47:26","modified_gmt":"2025-01-13T15:47:26","slug":"havoc","status":"publish","type":"product","link":"https:\/\/www.opengreen.it\/it\/prodotto\/havoc\/","title":{"rendered":"HAVOC"},"content":{"rendered":"<p>[vc_row][vc_column][vc_column_text]Tipo di ammendante organico: ammendante vegetale semplice non compostato<br \/>\nContenuto in Micorrize &#8212;&#8212;&#8212;&#8212;&#8212;&#8212;&#8212;&#8212;&#8212;&#8212;&#8212;&#8212;&#8212;- 1%<br \/>\n(Glomus mosseae, Glomus intraradices)<br \/>\nContenuto in batteri (PGPR) della rizosfera &#8212;&#8212;&#8212;&#8212;&#8212; &gt; 109<br \/>\nUFC\/g[\/vc_column_text][\/vc_column][\/vc_row]<\/p>\n","protected":false},"excerpt":{"rendered":"<p>HAVOC \u00e8 studiato per ridurre i residui colturali che provocano infezioni ovvero tutti quei materiali che non vengono asportati a fi ne ciclo<br \/>\ncolturale come stoppie, foglie, radici, semi persi dopo la trebbiatura, scarti di potature, frutti caduti, ecc..<br \/>\nIn tutti i casi appena dopo la semina, trapianto o ripresa vegetativa, l\u2019infezione riparte ed i patogeni aggrediscono la coltura con una pressione<br \/>\ne una virulenza pi\u00f9 importante perch\u00e9 ripartono su una base ricca di inoculo lasciato dalla coltura precedente. Pi\u00f9 residui ci sono e pi\u00f9 l\u2019attacco sar\u00e0 pesante; ecco perch\u00e9 \u00e8 indispensabile intervenire prima della messa a dimora della nuova coltura; nei casi delle colture arboree \u00e8<br \/>\nimportante prevedere un intervento autunnale alla fi ne della caduta foglie e una ripetizione alla ripresa vegetativa mentre per i cereali a paglia<br \/>\n\u00e8 indispensabile l\u2019intervento prima dell\u2019interramento dei residui. Un\u2019applicazione indispensabile \u00e8 nei casi delle semine con minime lavorazioni o addirittura su sodo. In questi casi si pu\u00f2 facilmente intuire la carica patogena sui residui colturali, che andr\u00e0 ad attaccare la nuova coltura.<\/p>\n","protected":false},"featured_media":654,"template":"","meta":[],"product_cat":[25],"product_tag":[],"_links":{"self":[{"href":"https:\/\/www.opengreen.it\/it\/wp-json\/wp\/v2\/product\/2266"}],"collection":[{"href":"https:\/\/www.opengreen.it\/it\/wp-json\/wp\/v2\/product"}],"about":[{"href":"https:\/\/www.opengreen.it\/it\/wp-json\/wp\/v2\/types\/product"}],"wp:featuredmedia":[{"embeddable":true,"href":"https:\/\/www.opengreen.it\/it\/wp-json\/wp\/v2\/media\/654"}],"wp:attachment":[{"href":"https:\/\/www.opengreen.it\/it\/wp-json\/wp\/v2\/media?parent=2266"}],"wp:term":[{"taxonomy":"product_cat","embeddable":true,"href":"https:\/\/www.opengreen.it\/it\/wp-json\/wp\/v2\/product_cat?post=2266"},{"taxonomy":"product_tag","embeddable":true,"href":"https:\/\/www.opengreen.it\/it\/wp-json\/wp\/v2\/product_tag?post=2266"}],"curies":[{"name":"wp","href":"https:\/\/api.w.org\/{rel}","templated":true}]}}