{"id":2252,"date":"2024-03-22T15:14:59","date_gmt":"2024-03-22T14:14:59","guid":{"rendered":"https:\/\/www.opengreen.it\/?post_type=product&#038;p=2252"},"modified":"2025-01-13T16:47:24","modified_gmt":"2025-01-13T15:47:24","slug":"record-fe-10","status":"publish","type":"product","link":"https:\/\/www.opengreen.it\/it\/prodotto\/record-fe-10\/","title":{"rendered":"RECORD FE 10"},"content":{"rendered":"<p>[vc_row][vc_column][vc_column_text]RECORD FE 10 ECORD FE 10 FORMULAZIONE: Microgranulare WDG<br \/>\nCONCIME A BASE DI MICROELEMENTI<br \/>\nComplesso di ferro (LS)<br \/>\n<strong>COMPOSIZIONE CHIMICA<\/strong><br \/>\nFerro (Fe) solubile in acqua &#8212;&#8212;&#8212;&#8212;&#8212;&#8212;&#8211; 10%<br \/>\nFerro (Fe) totale complessato con LS &#8212;&#8212;- 10%<br \/>\nDa utilizzare soltanto in caso di bisogno riconosciuto. Non superare le dosi appropriate.<br \/>\nAgente complessante: acido lignosolfonico (LS).<br \/>\nIntervallo di pH che garantisce una buona stabilit\u00e0 della frazione complessata: 1-10.<br \/>\nCONSENTITO IN AGRICOLTURA BIOLOGICA<br \/>\nMaterie prime: complesso di ferro (LS).<\/p>\n<p><strong>INFORMAZIONI CHIMICO-FISICHE<\/strong><br \/>\nNome chimico: Ligninsolfonato di Ferro<br \/>\nTipo di chelato sigla internazionale: Fe-LS<br \/>\nAspetto: microgranulo marrone wdg<br \/>\nDensit\u00e0 volumetrica: 650 Kg\/m3<br \/>\npH 1%: 3,3<br \/>\nUmidit\u00e0: 2-3%<br \/>\nSolubilit\u00e0 a 20\u00b0C: 400 g\/l<br \/>\nStabilit\u00e0 frazione chelata: pH 2-8,5<br \/>\nMetodica analitica: EN 15962\/2011[\/vc_column_text][vc_column_text]<\/p>\n<h2>Istruzioni e dosi di applicazione per la fertirrigazione<\/h2>\n<table>\n<thead>\n<tr>\n<th>Coltura<\/th>\n<th>Fertirrigazione Preventiva (g\/pianta o g\/m2)<\/th>\n<th>Fertirrigazione Curativa (g\/pianta o g\/m2)<\/th>\n<\/tr>\n<\/thead>\n<tbody>\n<tr>\n<td>Pomacee, drupacee, kiwi, olivo<\/td>\n<td>50-65 g\/pianta<\/td>\n<td>60-80 g\/pianta<\/td>\n<\/tr>\n<tr>\n<td>Agrumi<\/td>\n<td>50-90 g\/pianta<\/td>\n<td>60-110 g\/pianta<\/td>\n<\/tr>\n<tr>\n<td>Vite e ornamentali<\/td>\n<td>55-60 g\/pianta<\/td>\n<td>60-70 g\/pianta<\/td>\n<\/tr>\n<tr>\n<td>Orticole e ornamentali<\/td>\n<td>3 g\/m2<\/td>\n<td>5 g\/m2<\/td>\n<\/tr>\n<\/tbody>\n<\/table>\n<p>[\/vc_column_text][\/vc_column][\/vc_row]<\/p>\n","protected":false},"excerpt":{"rendered":"<p>La molecola LS di RECORD FE 10 \u00e8 stabile e durevole nel suolo perch\u00e9 \u00e8 complessata al 100%. E\u2019 un prodotto chelato di sintesi, in cui il ferro \u00e8 infl uenzato dalla presenza di polimeri naturali al 13%. Elevata solubilit\u00e0: 400 g\/l. Ampio intervallo di stabilit\u00e0<br \/>\ndi pH nel suolo (da 2 a 8,5). RECORD FE 10 \u00e8 una molecola innovativa, stabile con molti cationi (Ca, Mg, Zn, Cu, etc..). L\u2019alleanza<br \/>\ntra il dinamico LS ed i polimeri naturali permette fl essibilit\u00e0 di azione, migliorando l\u2019assorbimento dalle radici della pianta trattata (molecola leggera e fl essibile). RECORD FE 10 risulta un chelato perfetto in qualsiasi condizione, evita l\u2019accumulo di fenolo<br \/>\nall\u2019interno delle piante e, allo stesso tempo, controlla la dannosa clorosi ferrica.<\/p>\n","protected":false},"featured_media":592,"template":"","meta":[],"product_cat":[20],"product_tag":[],"_links":{"self":[{"href":"https:\/\/www.opengreen.it\/it\/wp-json\/wp\/v2\/product\/2252"}],"collection":[{"href":"https:\/\/www.opengreen.it\/it\/wp-json\/wp\/v2\/product"}],"about":[{"href":"https:\/\/www.opengreen.it\/it\/wp-json\/wp\/v2\/types\/product"}],"wp:featuredmedia":[{"embeddable":true,"href":"https:\/\/www.opengreen.it\/it\/wp-json\/wp\/v2\/media\/592"}],"wp:attachment":[{"href":"https:\/\/www.opengreen.it\/it\/wp-json\/wp\/v2\/media?parent=2252"}],"wp:term":[{"taxonomy":"product_cat","embeddable":true,"href":"https:\/\/www.opengreen.it\/it\/wp-json\/wp\/v2\/product_cat?post=2252"},{"taxonomy":"product_tag","embeddable":true,"href":"https:\/\/www.opengreen.it\/it\/wp-json\/wp\/v2\/product_tag?post=2252"}],"curies":[{"name":"wp","href":"https:\/\/api.w.org\/{rel}","templated":true}]}}