{"id":2247,"date":"2024-01-16T16:31:10","date_gmt":"2024-01-16T15:31:10","guid":{"rendered":"https:\/\/www.opengreen.it\/?post_type=product&#038;p=2247"},"modified":"2025-01-13T16:47:24","modified_gmt":"2025-01-13T15:47:24","slug":"algatek-plus","status":"publish","type":"product","link":"https:\/\/www.opengreen.it\/it\/prodotto\/algatek-plus\/","title":{"rendered":"Algatek Plus"},"content":{"rendered":"<p><strong>CARATTERISTICHE<\/strong><br \/>\nIl prodotto consente nel terreno un\u2019 attivit\u00e0 biologica elevata e lo sviluppo dell\u2019apparato radicale. In particolare, a pH sub acido, lo sviluppo di funghi, molto benefi ci per le piante, quali quelli appartenenti al Genere Trichoderma Viride, Harzianum e Clonostachys Rosea (endofi ta), anche a concentrazioni oltre 108 UFC\/g. E\u2019 noto che questi funghi hanno la capacit\u00e0 di contrastare funghi fi topatogeni, quali Fusarium, Pythium, Armillaria, Phytophora, Sclerotinia, Rhizoctonia Solani ecc.. ed anche batteri, attraverso vari meccanismi naturali, oltre alle propriet\u00e0 di stimolare la crescita delle piante e di degradare residui organici nel terreno, inclusi residui di fi tofarmaci. Quando il prodotto \u00e8 applicato al terreno o a substrati, consente di assicurare loro condizioni di salubrit\u00e0 e fertilit\u00e0 elevate.<\/p>\n<p><strong>ISTRUZIONI E DOSI DI APPLICAZIONE<br \/>\n<a href=\"https:\/\/www.opengreen.it\/wp-content\/uploads\/2024\/01\/algatekpluscaratteristiche.png\"><img loading=\"lazy\" class=\"alignleft size-full wp-image-2249\" src=\"https:\/\/www.opengreen.it\/wp-content\/uploads\/2024\/01\/algatekpluscaratteristiche.png\" alt=\"\" width=\"990\" height=\"233\" srcset=\"https:\/\/www.opengreen.it\/wp-content\/uploads\/2024\/01\/algatekpluscaratteristiche.png 990w, https:\/\/www.opengreen.it\/wp-content\/uploads\/2024\/01\/algatekpluscaratteristiche-300x71.png 300w, https:\/\/www.opengreen.it\/wp-content\/uploads\/2024\/01\/algatekpluscaratteristiche-768x181.png 768w, https:\/\/www.opengreen.it\/wp-content\/uploads\/2024\/01\/algatekpluscaratteristiche-600x141.png 600w\" sizes=\"(max-width: 990px) 100vw, 990px\" \/><\/a><br \/>\n<\/strong><\/p>\n<p>&nbsp;<\/p>\n<p>&nbsp;<\/p>\n<p>&nbsp;<\/p>\n<p>&nbsp;<\/p>\n<p>&nbsp;<\/p>\n<p><strong>TECNICHE<\/strong>: irrigazione, fertirrigazione, palo iniettore, concia radici.<\/p>\n<p><strong>ALTRE INFORMAZIONI<\/strong><br \/>\n<strong>Conservazione e Shelf-life<\/strong><br \/>\nIn luogo fresco la shelf-life \u00e8 di quattro anni.<\/p>\n<p><strong>Limitazioni di responsabilit\u00e0 e avvertenze<\/strong><br \/>\nLe analisi sono relative al prodotto all\u2019origine. Essendo un prodotto anche organico non contenente stabilizzanti chimici, il medesimo potrebbe subire qualche variazione nei titoli. Il prodotto non contiene OGM e non contiene sostanze nocive, ma non \u00e8 un prodotto alimentare e non va ingerito. In caso di contatto con pelle e occhi lavare abbondantemente con acqua potabile.[:][:]<\/p>\n","protected":false},"excerpt":{"rendered":"<p><strong>\u2013 AMMESSO IN AGRICOLTURA BIOLOGICA \u2013 <\/strong><strong>\u00a0<\/strong><\/p>\n<p><strong>PRODOTTO AD AZIONE SPECIFICA<\/strong><br \/>\n<em><strong>Inoculo di funghi micorrizici<\/strong><\/em><\/p>\n<p><img loading=\"lazy\" class=\"alignleft size-full wp-image-2248\" src=\"https:\/\/www.opengreen.it\/wp-content\/uploads\/2024\/01\/algatekplus.png\" alt=\"\" width=\"307\" height=\"116\" srcset=\"https:\/\/www.opengreen.it\/wp-content\/uploads\/2024\/01\/algatekplus.png 307w, https:\/\/www.opengreen.it\/wp-content\/uploads\/2024\/01\/algatekplus-300x113.png 300w\" sizes=\"(max-width: 307px) 100vw, 307px\" \/><\/p>\n<p>&nbsp;<\/p>\n<p>&nbsp;<\/p>\n<p>&nbsp;<\/p>\n<p>&nbsp;<\/p>\n<p><strong>COMPOSIZIONE CHIMICA<\/strong><br \/>\nTipo di ammendante organico: ammendante vegetale semplice non compostato<br \/>\nContenuto in Micorrize &#8212;&#8212;&#8212;&#8212;&#8212;&#8212;&#8212;&#8212;&#8212;&#8212;- 1%<br \/>\nContenuto in batteri della rizosfera &#8212;&#8212;&#8212;&#8212;&#8212; 1 x 106 UFC\/g<br \/>\nContenuto in Thricoderma &#8212;&#8212;&#8212;&#8212;&#8212;&#8212;&#8212;&#8212;&#8211; 1 x 108 UFC\/g<br \/>\nIl prodotto non contiene organismi geneticamente modifi cati ed organismi patogeni (salmonella, coliformi fecali, mesofi li aerobici e uova di nematodi).<\/p>\n<p><strong>MATERIE PRIME<\/strong>: inoculo di funghi micorrizici.[:][:]<\/p>\n","protected":false},"featured_media":654,"template":"","meta":[],"product_cat":[25],"product_tag":[],"_links":{"self":[{"href":"https:\/\/www.opengreen.it\/it\/wp-json\/wp\/v2\/product\/2247"}],"collection":[{"href":"https:\/\/www.opengreen.it\/it\/wp-json\/wp\/v2\/product"}],"about":[{"href":"https:\/\/www.opengreen.it\/it\/wp-json\/wp\/v2\/types\/product"}],"wp:featuredmedia":[{"embeddable":true,"href":"https:\/\/www.opengreen.it\/it\/wp-json\/wp\/v2\/media\/654"}],"wp:attachment":[{"href":"https:\/\/www.opengreen.it\/it\/wp-json\/wp\/v2\/media?parent=2247"}],"wp:term":[{"taxonomy":"product_cat","embeddable":true,"href":"https:\/\/www.opengreen.it\/it\/wp-json\/wp\/v2\/product_cat?post=2247"},{"taxonomy":"product_tag","embeddable":true,"href":"https:\/\/www.opengreen.it\/it\/wp-json\/wp\/v2\/product_tag?post=2247"}],"curies":[{"name":"wp","href":"https:\/\/api.w.org\/{rel}","templated":true}]}}