{"id":1859,"date":"2022-04-03T23:35:15","date_gmt":"2022-04-03T21:35:15","guid":{"rendered":"https:\/\/www.opengreen.it\/?post_type=product&#038;p=1859"},"modified":"2025-01-13T16:47:22","modified_gmt":"2025-01-13T15:47:22","slug":"elect-azosol-28","status":"publish","type":"product","link":"https:\/\/www.opengreen.it\/it\/prodotto\/elect-azosol-28\/","title":{"rendered":"Elect Azosol 28"},"content":{"rendered":"<p class=\"p1\"><strong>CARATTERISTICHE<\/strong><\/p>\n<p class=\"p1\" style=\"text-align: justify;\"><span class=\"s1\">ELECT AZOSOL 28 \u00e8 un concime solfo-azotato fluido, contenente nitrato di ammonio e urea, arricchito con zolfo sotto forma di ione tiosolfato. L\u2019applicazione di ELECT AZOSOL 28 fornisce azoto nitrico a pronto effetto insieme a indispensabili quantit\u00e0 di zolfo che, in rapporto con il metabolismo dell\u2019azoto, favorisce la migliore evoluzione delle sostanze organiche e delle forme ammoniacali e ureiche oltre ad essere catalizzatore nella sintesi della clorofilla e componente delle vitamine. La presenza di azoto nelle tre forme (nitrico, ammoniacale, ureico) e l\u2019azione di rallentamento dello zolfo sulla nitrificazione e sull\u2019enzima ureasi, garantiscono una disponibilit\u00e0 di azoto graduale e prolungata nel tempo, anche perch\u00e8 vengono enormemente ridotte le perdite per volatilizzazione e dilavamento. ELECT AZOSOL 28, applicato da solo \u00e8 indicato per tutte le colture che necessitano di elevati apporti di azoto. Inoltre, l\u2019applicazione di azoto liquido \u00e8 consigliato in tutte le fasi fenologiche in cui la richiesta dell\u2019elemento \u00e8 massima come nei primi stadi di sviluppo, durante l\u2019accrescimento vegetativo delle piante, in fioritura e allegagione. Grazie all\u2019azione riducente e acidificante operato dallo zolfo, i metalli presenti nel terreno sono resi disponibili all\u2019assorbimento radicale specialmente fosforo, ferro e magnesio).<\/span><\/p>\n<p class=\"p1\" style=\"text-align: justify;\"><strong>PROPRIETA&#8217; FISICHE E <\/strong><strong>PROPRIETA&#8217; CHIMICHE<\/strong><\/p>\n<p style=\"text-align: left;\"><strong><a href=\"https:\/\/www.opengreen.it\/wp-content\/uploads\/2022\/04\/Schermata-2022-04-03-alle-23.39.29.png\"><img loading=\"lazy\" class=\"aligncenter wp-image-1860 size-large\" src=\"https:\/\/www.opengreen.it\/wp-content\/uploads\/2022\/04\/Schermata-2022-04-03-alle-23.39.29-1024x214.png\" alt=\"\" width=\"1024\" height=\"214\" srcset=\"https:\/\/www.opengreen.it\/wp-content\/uploads\/2022\/04\/Schermata-2022-04-03-alle-23.39.29-1024x214.png 1024w, https:\/\/www.opengreen.it\/wp-content\/uploads\/2022\/04\/Schermata-2022-04-03-alle-23.39.29-300x63.png 300w, https:\/\/www.opengreen.it\/wp-content\/uploads\/2022\/04\/Schermata-2022-04-03-alle-23.39.29-768x161.png 768w, https:\/\/www.opengreen.it\/wp-content\/uploads\/2022\/04\/Schermata-2022-04-03-alle-23.39.29-1536x321.png 1536w, https:\/\/www.opengreen.it\/wp-content\/uploads\/2022\/04\/Schermata-2022-04-03-alle-23.39.29-600x126.png 600w, https:\/\/www.opengreen.it\/wp-content\/uploads\/2022\/04\/Schermata-2022-04-03-alle-23.39.29.png 1606w\" sizes=\"(max-width: 1024px) 100vw, 1024px\" \/><\/a><\/strong><\/p>\n<p style=\"text-align: left;\"><strong>DOSI E MODALITA&#8217; DI IMPIEGO<\/strong><\/p>\n<p><a href=\"https:\/\/www.opengreen.it\/wp-content\/uploads\/2022\/04\/Schermata-2022-04-03-alle-23.40.25.png\"><img loading=\"lazy\" class=\"aligncenter wp-image-1861 size-large\" src=\"https:\/\/www.opengreen.it\/wp-content\/uploads\/2022\/04\/Schermata-2022-04-03-alle-23.40.25-1024x255.png\" alt=\"\" width=\"1024\" height=\"255\" srcset=\"https:\/\/www.opengreen.it\/wp-content\/uploads\/2022\/04\/Schermata-2022-04-03-alle-23.40.25-1024x255.png 1024w, https:\/\/www.opengreen.it\/wp-content\/uploads\/2022\/04\/Schermata-2022-04-03-alle-23.40.25-300x75.png 300w, https:\/\/www.opengreen.it\/wp-content\/uploads\/2022\/04\/Schermata-2022-04-03-alle-23.40.25-768x192.png 768w, https:\/\/www.opengreen.it\/wp-content\/uploads\/2022\/04\/Schermata-2022-04-03-alle-23.40.25-1536x383.png 1536w, https:\/\/www.opengreen.it\/wp-content\/uploads\/2022\/04\/Schermata-2022-04-03-alle-23.40.25-600x150.png 600w, https:\/\/www.opengreen.it\/wp-content\/uploads\/2022\/04\/Schermata-2022-04-03-alle-23.40.25.png 1612w\" sizes=\"(max-width: 1024px) 100vw, 1024px\" \/><\/a><\/p>\n<p>&nbsp;<\/p>\n","protected":false},"excerpt":{"rendered":"<p class=\"p1\" style=\"text-align: justify;\"><strong><span class=\"s1\">CONCIME CE &#8211; Soluzione di concime azotato contenente zolfo N (SO3) 28 (6,5)<\/span><\/strong><\/p>\n<p>&nbsp;<\/p>\n","protected":false},"featured_media":0,"template":"","meta":[],"product_cat":[137],"product_tag":[],"_links":{"self":[{"href":"https:\/\/www.opengreen.it\/it\/wp-json\/wp\/v2\/product\/1859"}],"collection":[{"href":"https:\/\/www.opengreen.it\/it\/wp-json\/wp\/v2\/product"}],"about":[{"href":"https:\/\/www.opengreen.it\/it\/wp-json\/wp\/v2\/types\/product"}],"wp:attachment":[{"href":"https:\/\/www.opengreen.it\/it\/wp-json\/wp\/v2\/media?parent=1859"}],"wp:term":[{"taxonomy":"product_cat","embeddable":true,"href":"https:\/\/www.opengreen.it\/it\/wp-json\/wp\/v2\/product_cat?post=1859"},{"taxonomy":"product_tag","embeddable":true,"href":"https:\/\/www.opengreen.it\/it\/wp-json\/wp\/v2\/product_tag?post=1859"}],"curies":[{"name":"wp","href":"https:\/\/api.w.org\/{rel}","templated":true}]}}