{"id":1853,"date":"2022-04-03T23:19:06","date_gmt":"2022-04-03T21:19:06","guid":{"rendered":"https:\/\/www.opengreen.it\/?post_type=product&#038;p=1853"},"modified":"2025-01-13T16:47:22","modified_gmt":"2025-01-13T15:47:22","slug":"elect-28-slow","status":"publish","type":"product","link":"https:\/\/www.opengreen.it\/it\/prodotto\/elect-28-slow\/","title":{"rendered":"Elect 28 Slow"},"content":{"rendered":"<p class=\"p1\"><strong>CARATTERISTICHE<\/strong><\/p>\n<p class=\"p1\" style=\"text-align: justify;\"><span class=\"s1\">Il fertilizzante ELECT 28 SLOW \u00e8 molto efficace a livello fogliare, dopo il trattamento sulle foglie l\u2019azoto viene rilasciato nei giorni seguenti all\u2019intervento, grazie alla sua degradabilit\u00e0 naturale. Questa degradabilit\u00e0 \u00e8 controllata tramite delle catene polimeriche di molecole di Urea-formaldeide di lunghezze predefinite. Per via fogliare \u00e8 importante una buona quantit\u00e0 di H2O (1000 l\/ha) in modo da bagnare bene la foglia. In caso di perdite sul terreno, viene assorbito ugualmente per via radicale. ELECT 28 SLOW pu\u00f2 essere miscelato, se necessario, con fertilizzanti, fi tofarmaci, erbicidi tenendo per. presente il pH dei prodotti miscelati (non possono essere ACIDI FORTI). Con ELECT 28 SLOW rispetto ad una normale concimazione azotata, bisogna anticipare di circa 3\/4 settimane l\u2019applicazione. ELECT 28 SLOW pu. essere distribuito in presemina\/pre trapianto, in pre-emergenza o in presenza della coltura nelle fasi iniziali di crescita a tutto campo o con localizzazione per le colture sarchiate. Vista la sua forma liquida e la compatibilit. con diserbanti e fi tofarmaci di maggior impiego. Si pu. agevolmente abbinare ai medesimi con riduzione delle operazioni colturali. In ogni caso si consiglia di fare delle prove in piccola scala per valutare la compatibilit\u00e0 fisica. Nel caso dei cereali autunno vernini, si pu. applicare per via fogliare alle seguenti concentrazioni, per le altre colture meglio per fertirrigazione (ali gocciolanti) o sotto chioma. Massima assimilabilit\u00e0 sia a livello fogliare che radicale (riduzione degli apporti azotati con ELECT 28 SLOW). ELECT 28 SLOW garantisce una costante nutrizione azotata anche a basse temperature. Applicato al suolo o in fertirrigazione la sua durata si protrae per 8-12 settimane riducendo al minimo le perdite di azoto per dilavamento. ELECT 28 SLOW migliora il tenore proteico delle leguminose da granella, delle foraggere e dei cereali.<\/span><\/p>\n<p class=\"p1\" style=\"text-align: justify;\"><strong>PROPRIETA&#8217; FISICHE E <\/strong><strong>PROPRIETA&#8217; CHIMICHE<\/strong><\/p>\n<p style=\"text-align: left;\"><strong><a href=\"https:\/\/www.opengreen.it\/wp-content\/uploads\/2022\/04\/Schermata-2022-04-03-alle-23.23.15.png\"><img loading=\"lazy\" class=\"aligncenter wp-image-1854 size-large\" src=\"https:\/\/www.opengreen.it\/wp-content\/uploads\/2022\/04\/Schermata-2022-04-03-alle-23.23.15-1024x143.png\" alt=\"\" width=\"1024\" height=\"143\" srcset=\"https:\/\/www.opengreen.it\/wp-content\/uploads\/2022\/04\/Schermata-2022-04-03-alle-23.23.15-1024x143.png 1024w, https:\/\/www.opengreen.it\/wp-content\/uploads\/2022\/04\/Schermata-2022-04-03-alle-23.23.15-300x42.png 300w, https:\/\/www.opengreen.it\/wp-content\/uploads\/2022\/04\/Schermata-2022-04-03-alle-23.23.15-768x107.png 768w, https:\/\/www.opengreen.it\/wp-content\/uploads\/2022\/04\/Schermata-2022-04-03-alle-23.23.15-1536x214.png 1536w, https:\/\/www.opengreen.it\/wp-content\/uploads\/2022\/04\/Schermata-2022-04-03-alle-23.23.15-600x84.png 600w, https:\/\/www.opengreen.it\/wp-content\/uploads\/2022\/04\/Schermata-2022-04-03-alle-23.23.15.png 1608w\" sizes=\"(max-width: 1024px) 100vw, 1024px\" \/><\/a><\/strong><\/p>\n<p style=\"text-align: left;\"><strong>DOSI E MODALITA&#8217; D\u201bIMPIEGO\u00a0<\/strong><\/p>\n<p><strong><a href=\"https:\/\/www.opengreen.it\/wp-content\/uploads\/2022\/04\/Schermata-2022-04-03-alle-23.25.03.png\"><img loading=\"lazy\" class=\"aligncenter wp-image-1855 size-large\" src=\"https:\/\/www.opengreen.it\/wp-content\/uploads\/2022\/04\/Schermata-2022-04-03-alle-23.25.03-1024x293.png\" alt=\"\" width=\"1024\" height=\"293\" srcset=\"https:\/\/www.opengreen.it\/wp-content\/uploads\/2022\/04\/Schermata-2022-04-03-alle-23.25.03-1024x293.png 1024w, https:\/\/www.opengreen.it\/wp-content\/uploads\/2022\/04\/Schermata-2022-04-03-alle-23.25.03-300x86.png 300w, https:\/\/www.opengreen.it\/wp-content\/uploads\/2022\/04\/Schermata-2022-04-03-alle-23.25.03-768x220.png 768w, https:\/\/www.opengreen.it\/wp-content\/uploads\/2022\/04\/Schermata-2022-04-03-alle-23.25.03-1536x440.png 1536w, https:\/\/www.opengreen.it\/wp-content\/uploads\/2022\/04\/Schermata-2022-04-03-alle-23.25.03-600x172.png 600w, https:\/\/www.opengreen.it\/wp-content\/uploads\/2022\/04\/Schermata-2022-04-03-alle-23.25.03.png 1612w\" sizes=\"(max-width: 1024px) 100vw, 1024px\" \/><\/a><\/strong><\/p>\n<p><strong>FERTIRRIGAZIONE<\/strong><\/p>\n<ul>\n<li class=\"p1\">Peperone (tra primi e secondi fi ori) 20-40 Kg\/ha;<\/li>\n<li class=\"p1\">Carciofo (alla ripresa vegetativa estiva) 20-40 Kg\/ha;<\/li>\n<li class=\"p1\">Altre ortive (durante il ciclo vegetativo) 20-40 Kg\/ha;<\/li>\n<li class=\"p1\">Su tutte le colture (localizzato alla semina o in pieno campo ogni 40-60 giorni) 15-25 Kg\/ha.<\/li>\n<\/ul>\n","protected":false},"excerpt":{"rendered":"<p class=\"p1\" style=\"text-align: justify;\"><strong><span class=\"s1\">CONCIME CE &#8211; Soluzione di concime azotato con urea formaldeide N 28<\/span><\/strong><\/p>\n<p>&nbsp;<\/p>\n","protected":false},"featured_media":0,"template":"","meta":[],"product_cat":[137],"product_tag":[],"_links":{"self":[{"href":"https:\/\/www.opengreen.it\/it\/wp-json\/wp\/v2\/product\/1853"}],"collection":[{"href":"https:\/\/www.opengreen.it\/it\/wp-json\/wp\/v2\/product"}],"about":[{"href":"https:\/\/www.opengreen.it\/it\/wp-json\/wp\/v2\/types\/product"}],"wp:attachment":[{"href":"https:\/\/www.opengreen.it\/it\/wp-json\/wp\/v2\/media?parent=1853"}],"wp:term":[{"taxonomy":"product_cat","embeddable":true,"href":"https:\/\/www.opengreen.it\/it\/wp-json\/wp\/v2\/product_cat?post=1853"},{"taxonomy":"product_tag","embeddable":true,"href":"https:\/\/www.opengreen.it\/it\/wp-json\/wp\/v2\/product_tag?post=1853"}],"curies":[{"name":"wp","href":"https:\/\/api.w.org\/{rel}","templated":true}]}}