{"id":1830,"date":"2022-04-01T17:15:53","date_gmt":"2022-04-01T15:15:53","guid":{"rendered":"https:\/\/www.opengreen.it\/?post_type=product&#038;p=1830"},"modified":"2025-01-13T16:47:22","modified_gmt":"2025-01-13T15:47:22","slug":"open-mix","status":"publish","type":"product","link":"https:\/\/www.opengreen.it\/it\/prodotto\/open-mix\/","title":{"rendered":"Open Mix"},"content":{"rendered":"<p class=\"p1\"><strong>CARATTERISTICHE<\/strong><\/p>\n<p class=\"p1\" style=\"text-align: justify;\"><span class=\"s1\">OPENMIX \u00e8 una miscela di microelementi chelati WDG con alta solubilit\u00e0. Il prodotto \u00e8 indicato in applicazioni radicali, in fertirrigazione e\/o fogliari. L\u2019equilibrata formula \u00e8 pensata per prevenire e curare le micro carenze prevalentemente sulle colture orticole, frutticole e ornamentali e tutte le colture che possono avvantaggiarsi con l\u2019apporto di microelementi, migliorando l\u2019effi cacia metabolica delle piante. OPENMIX \u00e8 consigliato nei casi di micro carenze sovrapposte, dove \u00e8 difficile individuare un preciso elemento o pi\u00f9 elementi carenti. Pu\u00f2 essere impiegato singolarmente o in miscela con i concimi idrosolubili o liquidi. L\u2019elevata qualit\u00e0 delle materie prime garantisce un\u2019ottima solubilit\u00e0 ed efficienza, anche in condizioni di difficile assorbimento e condizioni critiche del terreno (pH-salinit\u00e0-squilibrio) ed anche in situazioni di stress vegetativo dovuto a fattori esterni. In prossimit\u00e0 della raccolta, migliora le caratteristiche organolettiche della coltura (colore, sapore, profumo) e la conservabilit\u00e0 dei frutti.<\/span><\/p>\n<p><strong>PROPRIETA&#8217; CHIMICHE <\/strong><\/p>\n<p class=\"p1\"><strong><a href=\"https:\/\/www.opengreen.it\/wp-content\/uploads\/2022\/04\/Schermata-2022-04-01-alle-17.20.00.png\"><img loading=\"lazy\" class=\"aligncenter wp-image-1831 size-medium\" src=\"https:\/\/www.opengreen.it\/wp-content\/uploads\/2022\/04\/Schermata-2022-04-01-alle-17.20.00-300x221.png\" alt=\"\" width=\"300\" height=\"221\" srcset=\"https:\/\/www.opengreen.it\/wp-content\/uploads\/2022\/04\/Schermata-2022-04-01-alle-17.20.00-300x221.png 300w, https:\/\/www.opengreen.it\/wp-content\/uploads\/2022\/04\/Schermata-2022-04-01-alle-17.20.00-768x566.png 768w, https:\/\/www.opengreen.it\/wp-content\/uploads\/2022\/04\/Schermata-2022-04-01-alle-17.20.00-600x442.png 600w, https:\/\/www.opengreen.it\/wp-content\/uploads\/2022\/04\/Schermata-2022-04-01-alle-17.20.00.png 866w\" sizes=\"(max-width: 300px) 100vw, 300px\" \/><\/a><\/strong><\/p>\n<p class=\"p1\"><strong>DOSI E MODALITA&#8217; D\u201bIMPIEGO<\/strong><\/p>\n<p><a href=\"https:\/\/www.opengreen.it\/wp-content\/uploads\/2022\/04\/Schermata-2022-04-01-alle-17.20.15.png\"><img loading=\"lazy\" class=\"aligncenter wp-image-1832 size-large\" src=\"https:\/\/www.opengreen.it\/wp-content\/uploads\/2022\/04\/Schermata-2022-04-01-alle-17.20.15-1024x265.png\" alt=\"\" width=\"1024\" height=\"265\" srcset=\"https:\/\/www.opengreen.it\/wp-content\/uploads\/2022\/04\/Schermata-2022-04-01-alle-17.20.15-1024x265.png 1024w, https:\/\/www.opengreen.it\/wp-content\/uploads\/2022\/04\/Schermata-2022-04-01-alle-17.20.15-300x78.png 300w, https:\/\/www.opengreen.it\/wp-content\/uploads\/2022\/04\/Schermata-2022-04-01-alle-17.20.15-768x199.png 768w, https:\/\/www.opengreen.it\/wp-content\/uploads\/2022\/04\/Schermata-2022-04-01-alle-17.20.15-1536x397.png 1536w, https:\/\/www.opengreen.it\/wp-content\/uploads\/2022\/04\/Schermata-2022-04-01-alle-17.20.15-600x155.png 600w, https:\/\/www.opengreen.it\/wp-content\/uploads\/2022\/04\/Schermata-2022-04-01-alle-17.20.15.png 1902w\" sizes=\"(max-width: 1024px) 100vw, 1024px\" \/><\/a><\/p>\n","protected":false},"excerpt":{"rendered":"<p class=\"p1\" style=\"text-align: justify;\"><strong><span class=\"s1\">CONCIME CE &#8211; Miscela di microelementi Boro (B) (acido), Rame (Cu) (EDTA), Ferro (Fe) (EDTA), Manganese (Mn) (EDTA), Molibdeno (Mo) (sodio) e Zinco (Zn) (EDTA).<\/span><\/strong><\/p>\n<p>&nbsp;<\/p>\n","protected":false},"featured_media":0,"template":"","meta":[],"product_cat":[137],"product_tag":[],"_links":{"self":[{"href":"https:\/\/www.opengreen.it\/it\/wp-json\/wp\/v2\/product\/1830"}],"collection":[{"href":"https:\/\/www.opengreen.it\/it\/wp-json\/wp\/v2\/product"}],"about":[{"href":"https:\/\/www.opengreen.it\/it\/wp-json\/wp\/v2\/types\/product"}],"wp:attachment":[{"href":"https:\/\/www.opengreen.it\/it\/wp-json\/wp\/v2\/media?parent=1830"}],"wp:term":[{"taxonomy":"product_cat","embeddable":true,"href":"https:\/\/www.opengreen.it\/it\/wp-json\/wp\/v2\/product_cat?post=1830"},{"taxonomy":"product_tag","embeddable":true,"href":"https:\/\/www.opengreen.it\/it\/wp-json\/wp\/v2\/product_tag?post=1830"}],"curies":[{"name":"wp","href":"https:\/\/api.w.org\/{rel}","templated":true}]}}