{"id":1790,"date":"2022-04-01T13:05:15","date_gmt":"2022-04-01T11:05:15","guid":{"rendered":"https:\/\/www.opengreen.it\/?post_type=product&#038;p=1790"},"modified":"2025-01-13T16:47:20","modified_gmt":"2025-01-13T15:47:20","slug":"geostar-10-46","status":"publish","type":"product","link":"https:\/\/www.opengreen.it\/it\/prodotto\/geostar-10-46\/","title":{"rendered":"Geostar 10.46"},"content":{"rendered":"<p><strong>CARATTERISTICHE<\/strong><\/p>\n<p class=\"p1\" style=\"text-align: justify;\"><span class=\"s1\">GEOSTAR 10-46 \u00e8 un concime binario dall\u2019elevato tenore in Fosforo e trova valida applicazione nelle concimazioni \u201clocalizzate\u201d, in fase di trapianto o di semina delle colture. Il Fosforo \u00e8 presente in una forma completamente e prontamente assimilabile dall\u2019apparato radicale, per cui modeste quantit\u00e0 di prodotto, impiegate in localizzazione, sono suffi cienti a soddisfare le esigenze in P2O5 delle colture. GEOSTAR 10-46 favorisce una pronta rizogenesi, stimola lo sviluppo del germoglio, migliora la \u201cpartenza\u201d delle piante, in particolare nei terreni \u201cfreddi\u201d e calcarei. I microelementi Mn e Zn svolgono pure un\u2019intensa azione \u201cstarter\u201d, accentuando la funzione plastica propria del formulato. GEOSTAR 10-46 \u00e8 un concime a bassa conducibilit\u00e0 e a reazione fi siologicamente acida; non \u00e8 in alcun modo tossico a livello radicale. GEOSTAR 10-46 permette di espletare una maggiore attivit\u00e0 a livello della rizosfera grazie alla presenza al suolo di Metarhizium Anisopliae che predilige le sostanze proteiche e chitiniche presenti nei corpi degli insetti terricoli, producendo spore che, se in contatto con gli insetti, germinano sui loro corpi e si sviluppano a spese degli stessi ( <span class=\"s1\">oziorinco, elateridi, diabrotica, nottue e altri sciaridi<\/span>).<\/span><\/p>\n","protected":false},"excerpt":{"rendered":"<p><strong>COMPOSIZIONE<\/strong><\/p>\n<ul>\n<li class=\"p1\">Azoto (N) totale 10% di cui: Azoto (N) ammoniacale 10%<\/li>\n<li class=\"p1\">Anidride Fosforica (P<span class=\"s1\">2<\/span>O<span class=\"s1\">5<\/span>) solubile in acqua e citrato ammonico 46%<\/li>\n<li class=\"p1\">Anidride Fosforica (P<span class=\"s1\">2<\/span>O<span class=\"s1\">5<\/span>) solubile in acqua 44%<\/li>\n<li class=\"p1\">Anidride solforica (SO<span class=\"s2\">3<\/span>) 5%<\/li>\n<li class=\"p1\">Zinco (Zn) 1,6%<\/li>\n<li class=\"p1\">Manganese (Mn) 0,07%<\/li>\n<li class=\"p1\">Ferro (Fe) 0,7%<\/li>\n<\/ul>\n","protected":false},"featured_media":655,"template":"","meta":[],"product_cat":[26],"product_tag":[],"_links":{"self":[{"href":"https:\/\/www.opengreen.it\/it\/wp-json\/wp\/v2\/product\/1790"}],"collection":[{"href":"https:\/\/www.opengreen.it\/it\/wp-json\/wp\/v2\/product"}],"about":[{"href":"https:\/\/www.opengreen.it\/it\/wp-json\/wp\/v2\/types\/product"}],"wp:featuredmedia":[{"embeddable":true,"href":"https:\/\/www.opengreen.it\/it\/wp-json\/wp\/v2\/media\/655"}],"wp:attachment":[{"href":"https:\/\/www.opengreen.it\/it\/wp-json\/wp\/v2\/media?parent=1790"}],"wp:term":[{"taxonomy":"product_cat","embeddable":true,"href":"https:\/\/www.opengreen.it\/it\/wp-json\/wp\/v2\/product_cat?post=1790"},{"taxonomy":"product_tag","embeddable":true,"href":"https:\/\/www.opengreen.it\/it\/wp-json\/wp\/v2\/product_tag?post=1790"}],"curies":[{"name":"wp","href":"https:\/\/api.w.org\/{rel}","templated":true}]}}