{"id":804,"date":"2017-09-25T16:05:30","date_gmt":"2017-09-25T14:05:30","guid":{"rendered":"https:\/\/www.opengreen.it\/registration\/"},"modified":"2025-01-13T16:46:09","modified_gmt":"2025-01-13T15:46:09","slug":"registration","status":"publish","type":"page","link":"https:\/\/www.opengreen.it\/it\/registration\/","title":{"rendered":"Registrazione"},"content":{"rendered":"<p>[vc_row full_width=&#8221;stretch_row&#8221; css=&#8221;.vc_custom_1506519215640{margin-top: 50px !important;}&#8221;][vc_column][vc_column_text]<\/p>\n<h3>OPEN GREEN<br \/>\nRegistrazione nuovo utente<\/h3>\n<p>[\/vc_column_text][vc_column_text]<\/p>\n<div class=\"page\" title=\"Page 6\">Open Green sceglie di dedicare contenuti esclusivi agli utenti registrati. Dopo aver effettuato la registrazione e il login sar\u00e0 possibile visualizzare maggiori informazioni relative ai nostri prodotti, cos\u00ec da conoscere ogni dettaglio di quello che vendiamo.<\/div>\n<div title=\"Page 6\"><\/div>\n<div title=\"Page 6\">La registrazione \u00e8 semplice, rapida e gratuita. Ti chiediamo solo di compilare questo form con i tuoi dati per permetterci di conoscere meglio i nostri clienti.<\/div>\n<p>[\/vc_column_text][\/vc_column][\/vc_row][vc_row full_width=&#8221;stretch_row&#8221;][vc_column css=&#8221;.vc_custom_1506508901116{margin-bottom: 50px !important;}&#8221;][vc_column_text]<div class=\"piereg_container pieregWrapper\"><div class=\"pieregformWrapper pieregWrapper\"><div id=\"show_pie_register_error_js\" class=\"piereg_entry-content\"><\/div><div id=\"pie_register_reg_form\"><form enctype=\"multipart\/form-data\" class=\"pie_register_reg_form\" id=\"pie_regiser_form\" method=\"post\" action=\"\/it\/wp-json\/wp\/v2\/pages\/804\" data-form=\"1\"><input type=\"hidden\" id=\"piereg_registration_form_nonce\" name=\"piereg_registration_form_nonce\" value=\"909693e824\" \/><input type=\"hidden\" name=\"_wp_http_referer\" value=\"\/it\/wp-json\/wp\/v2\/pages\/804\" \/><div class=\"fieldset \"><p id=\"piereg_pie_form_desc\" >Please fill in the form below to register.<\/p><\/div><ul id=\"pie_register\"><input type=\"hidden\" value=\"1\" name=\"form_id\" \/><li class=\"fields   pageFields_1 piereg_li_0\" ><div class=\"fieldset\"><label class=\"\" for=\"username_0\">Nome utente&nbsp;<span class=\"piereg_field_required_label\">*<\/span><\/label><input id=\"username\" name=\"username\" data-field_id=\"piereg_field_0\" class=\"input_fields  piereg_validate[required,username] piereg_username_input_field\" placeholder=\"\" type=\"text\" value=\"\" data-errormessage-value-missing=\"\"  \/><\/div><\/li><li class=\"fields   pageFields_1 piereg_li_3\" ><div class=\"fieldset\"><label>Nome&nbsp;<span class=\"piereg_field_required_label\">*<\/span><\/label><input  value=\"\" placeholder=\"\" data-field_id=\"piereg_field_3\" id=\"name_3_firstname\" name=\"first_name\" class=\"input_fields  piereg_validate[required,custom[alphabetic]] input_fields piereg_name_input_field\"   type=\"text\"  \/><\/div><div class=\"fieldset\"><label>Cognome&nbsp;<span class=\"piereg_field_required_label\">*<\/span><\/label><input  value=\"\" placeholder=\"\" id=\"name_3_lastname\" name=\"last_name\" class=\"input_fields  piereg_validate[required,custom[alphabetic]] input_fields piereg_name_input_field\"   type=\"text\"  \/><\/div><\/li><li class=\"fields   pageFields_1 piereg_li_1\" ><div class=\"fieldset\"><label class=\"\" for=\"email_1\">Email&nbsp;<span class=\"piereg_field_required_label\">*<\/span><\/label><input  id=\"email_1\" name=\"e_mail\" data-field_id=\"piereg_field_1\" class=\"input_fields  piereg_validate[required,custom[email]]\" data-errormessage-custom-error=\"\" placeholder=\"\" type=\"text\" value=\"\" \/><\/div><\/li><li class=\"fields   pageFields_1 piereg_li_4\" ><div class=\"fieldset\"><label class=\"\" for=\"phone_4\">Telefono&nbsp;<span class=\"piereg_field_required_label\">*<\/span><\/label><input  id=\"phone_4\" class=\"input_fields  piereg_validate[required,custom[phone_international]]\" data-field_id=\"piereg_field_4\"   placeholder=\"\" name=\"phone_4\" type=\"text\" value=\"\" \/><\/div><\/li><li class=\"fields   pageFields_1 piereg_li_2\" ><div class=\"fieldset\"><label class=\"\" for=\"password_2\">Password&nbsp;<span class=\"piereg_field_required_label\">*<\/span><\/label><input id=\"password_2\" name=\"password\" data-field_id=\"piereg_field_2\" class=\"input_fields  piereg_validate[minSize[8],required] prPass1\" placeholder=\"\" type=\"password\" data-errormessage-value-missing=\"\" data-errormessage-range-underflow=\"\" data-errormessage-range-overflow=\"\" autocomplete=\"off\" ><span class=\"show-hide-password-innerbtn pass-eye-reg pass-eye-reg_left_label_no_desc  eye\"><\/span><\/div><div class=\"fieldset\"><label>Conferma Password&nbsp;<span class=\"piereg_field_required_label\">*<\/span><\/label><input id=\"confirm_password_password_2\" type=\"password\" data-errormessage-value-missing=\"\" data-errormessage-range-underflow=\"\" data-errormessage-range-overflow=\"\" class=\"input_fields  piereg_validate[minSize[8],required,equals[password_2]]  prPass2\" placeholder=\"\" autocomplete=\"off\" \/><span class=\"show-hide-password-innerbtn confirm-pass-eye-reg_left_label_no_desc eye\"><\/span><input class=\"prMinimumPasswordStrengthlength\" type=\"hidden\" id=\"password_strength_meter_1\" data-id=\"1\" value=\"1\" \/><span class=\"prMinimumPasswordStrengthMessage\" id=\"password_strength_message_1\" style=\"display:none;\">Password Debole<\/span><\/li><li class=\"fields pageFields_1  piereg_li_2\"><div id=\"password_meter\" class=\"fieldset\"><label style=\"visibility: hidden;\">Password non immessa<\/label><div id=\"piereg_passwordStrength\" class=\"piereg_pass prPasswordStrengthMeter\" >Indicatore Sicurezza<\/div><\/div><\/li><li class=\"fields   pageFields_1 piereg_li_\" ><div class=\"fieldset\"><div class=\"pie_wrap_buttons\"><input name=\"pie_submit\" class=\"pie_submit\" type=\"submit\" value=\"Registrati\" \/><\/div><\/div><\/li><\/ul><\/form><\/div><\/div><\/div>[\/vc_column_text][\/vc_column][\/vc_row]<\/p>\n","protected":false},"excerpt":{"rendered":"<p>[vc_row full_width=&#8221;stretch_row&#8221; css=&#8221;.vc_custom_1506519215640{margin-top: 50px !important;}&#8221;][vc_column][vc_column_text] OPEN GREEN Registrazione nuovo utente [\/vc_column_text][vc_column_text] Open Green sceglie di dedicare contenuti esclusivi agli utenti registrati. Dopo aver effettuato la registrazione e il login sar\u00e0 possibile visualizzare maggiori informazioni relative ai nostri prodotti, cos\u00ec da conoscere ogni dettaglio di quello che vendiamo. La registrazione \u00e8 semplice, rapida e gratuita. Ti [&hellip;]<\/p>\n","protected":false},"author":9,"featured_media":0,"parent":0,"menu_order":0,"comment_status":"closed","ping_status":"closed","template":"custom-page.php","meta":[],"_links":{"self":[{"href":"https:\/\/www.opengreen.it\/it\/wp-json\/wp\/v2\/pages\/804"}],"collection":[{"href":"https:\/\/www.opengreen.it\/it\/wp-json\/wp\/v2\/pages"}],"about":[{"href":"https:\/\/www.opengreen.it\/it\/wp-json\/wp\/v2\/types\/page"}],"author":[{"embeddable":true,"href":"https:\/\/www.opengreen.it\/it\/wp-json\/wp\/v2\/users\/9"}],"replies":[{"embeddable":true,"href":"https:\/\/www.opengreen.it\/it\/wp-json\/wp\/v2\/comments?post=804"}],"version-history":[{"count":1,"href":"https:\/\/www.opengreen.it\/it\/wp-json\/wp\/v2\/pages\/804\/revisions"}],"predecessor-version":[{"id":2355,"href":"https:\/\/www.opengreen.it\/it\/wp-json\/wp\/v2\/pages\/804\/revisions\/2355"}],"wp:attachment":[{"href":"https:\/\/www.opengreen.it\/it\/wp-json\/wp\/v2\/media?parent=804"}],"curies":[{"name":"wp","href":"https:\/\/api.w.org\/{rel}","templated":true}]}}