{"id":730,"date":"2017-09-21T15:23:13","date_gmt":"2017-09-21T13:23:13","guid":{"rendered":"https:\/\/www.opengreen.it\/?page_id=730"},"modified":"2025-07-11T11:14:25","modified_gmt":"2025-07-11T09:14:25","slug":"nutrizione-specializzata","status":"publish","type":"page","link":"https:\/\/www.opengreen.it\/it\/nutrizione-specializzata\/","title":{"rendered":"Nutrizione"},"content":{"rendered":"<p>[vc_row full_width=&#8221;stretch_row&#8221; css=&#8221;.vc_custom_1489864771502{padding-top: 100px !important;padding-bottom: 35px !important;}&#8221; nt_agricom_vc_row_992_responsive=&#8221;.vc_custom_1489864771508{margin-top: 80px !important;}&#8221; nt_agricom_vc_row_768_responsive=&#8221;.vc_custom_1489864771511{padding-top: 80px !important;}&#8221; nt_agricom_vc_row_480_responsive=&#8221;.vc_custom_1489864771513{padding-top: 60px !important;}&#8221;][vc_column][vc_custom_heading text=&#8221;LA NUTRIZIONE SPECIALIZZATA&#8221; font_container=&#8221;tag:h2|font_size:3.5rem|text_align:left|color:%23333333|line_height:1.1&#8243; use_theme_fonts=&#8221;yes&#8221; el_class=&#8221;poppins&#8221; css=&#8221;.vc_custom_1506000371643{margin-bottom: 40px !important;}&#8221;][vc_row_inner][vc_column_inner width=&#8221;1\/2&#8243;][vc_custom_heading text=&#8221;RUOLO DELLA NUTRIZIONE SPECIALIZZATA&#8221; font_container=&#8221;tag:h4|font_size:1.6rem|text_align:left|color:%23333333|line_height:1.538&#8243; use_theme_fonts=&#8221;yes&#8221; el_class=&#8221;poppins&#8221;][vc_column_text]<\/p>\n<p class=\"p1\">Per la Open Green, nutrire significa apportare elementi sinergici al metabolismo basale della coltura, allo scopo di armonizzare lo sviluppo fenologico, velocizzare l\u2019accrescimento e ridurre il consumo energetico della pianta, fornendo elementi che rendono la coltura capace di risposte pi\u00f9 efficaci ai vari tipi di stress. La passione per i risultati e l\u2019innovazione, hanno permesso di sviluppare formulati innovativi, in grado di fronteggiare numerose fisiopatie, partendo da un profilo prettamente nutrizionale.<\/p>\n<p>[\/vc_column_text][\/vc_column_inner][vc_column_inner width=&#8221;1\/2&#8243;][vc_custom_heading text=&#8221;DOVE E PERCHE\u2019 APPLICARE LA NUTRIZIONE SPECIALIZZATA&#8221; font_container=&#8221;tag:h4|font_size:1.6rem|text_align:left|color:%23333333|line_height:1.538&#8243; use_theme_fonts=&#8221;yes&#8221; el_class=&#8221;poppins&#8221;][vc_column_text]<\/p>\n<p class=\"p1\">Proteomica, genomica, fenomica, hanno un ruolo sempre pi\u00f9 importante nella selezione delle materie prime. La nutrizione specializzata, armonizza lo sviluppo della pianta, implementa i piani di lotta e permette di rendere pi\u00f9 efficaci ed efficienti i piani di difesa. Alleato dei disciplinari di produzione integrata, \u00e8 uno strumento utile per ridefinire resa e qualit\u00e0 secondo gli standard richiesti dal mercato.<\/p>\n<p>[\/vc_column_text][\/vc_column_inner][\/vc_row_inner][\/vc_column][\/vc_row][vc_row css=&#8221;.vc_custom_1489702762632{margin-bottom: 35px !important;}&#8221;][vc_column offset=&#8221;vc_col-lg-12&#8243;][vc_custom_heading text=&#8221;RIDURRE L\u2019INCIDENZA DELLE VARIABILI CLIMATICHE&#8221; font_container=&#8221;tag:h4|font_size:1.6rem|text_align:left|color:%23333333|line_height:1.538&#8243; use_theme_fonts=&#8221;yes&#8221; el_class=&#8221;poppins&#8221;][vc_column_text]<\/p>\n<p class=\"p1\">I cambiamenti climatici, hanno reso le stagioni pi\u00f9 imprevedibili di un tempo. Sbalzi termici, gelate, stress idrici ripetuti e prolungati, sono causa di importanti perdite in termini quantitativi e qualitativi. La nutrizione specializzata, offre soluzioni in grado di ridurre l\u2019incidenza climatica nell\u2019arco della stagione, ottimizza il metabolismo basale della pianta, offrendo spunti di miglioramento quando la stagione non \u00e8 perfetta.<\/p>\n<p>[\/vc_column_text][\/vc_column][\/vc_row][vc_row css=&#8221;.vc_custom_1489702762632{margin-bottom: 35px !important;}&#8221;][vc_column offset=&#8221;vc_col-lg-12&#8243;][vc_custom_heading text=&#8221;STIMOLAZIONI ENDOGENE&#8221; font_container=&#8221;tag:h4|font_size:1.6rem|text_align:left|color:%23333333|line_height:1.538&#8243; use_theme_fonts=&#8221;yes&#8221; el_class=&#8221;poppins&#8221;][vc_column_text]<\/p>\n<p class=\"p1\">La nutrizione vegetale adotta nei suoi concetti, gli stessi schemi che valgono per qualsiasi essere vivente. Ogni essere vivente, vegetali compresi, sono dotati dalla natura di meccanismi endogeni per rispondere in autonomia agli eventi biotici e abiotici che possono colpire la loro vitalit\u00e0, compromettendone la produzione. Molti prodotti nutrizionali che la Open Green mette a disposizione, partono dal concetto della stimolazione della pianta a produrre o aumentarne l\u2019efficacia, di tutte quelle sostanze naturali di cui \u00e8 dotata dalla natura, in grado di rispondere agli eventi esterni, creando quelle azioni nella biologia delle piante che le possano rendere pi\u00f9 resistenti alle avversit\u00e0. Il tutto con una dieta mirata, con l\u2019utilizzo di strategie nutrizionali, che mirino a questo obbiettivo.<\/p>\n<p>[\/vc_column_text][\/vc_column][\/vc_row][vc_row css=&#8221;.vc_custom_1489702751037{margin-bottom: 35px !important;}&#8221;][vc_column width=&#8221;1\/2&#8243; offset=&#8221;vc_col-lg-6&#8243; el_class=&#8221;float-right&#8221;][vc_single_image image=&#8221;768&#8243; img_size=&#8221;full&#8221;][\/vc_column][vc_column width=&#8221;1\/2&#8243; offset=&#8221;vc_col-lg-6&#8243;][vc_custom_heading text=&#8221;RIDURRE LA PERDITA DI SOSTANZA ORGANICA&#8221; font_container=&#8221;tag:h4|font_size:1.6rem|text_align:left|color:%23333333|line_height:1.538&#8243; use_theme_fonts=&#8221;yes&#8221; el_class=&#8221;poppins&#8221;][vc_column_text]<\/p>\n<p class=\"p1\">Un argomento spesso sottovalutato, \u00e8 l\u2019impoverimento del terreno in termini di sostanza organica. La sostanza organica, contiene per sua natura, agenti complessanti utili a trattenere le unit\u00e0 fertilizzanti apportate con la concimazione di fondo, filtrare metalli pesanti, tossine e riduce l\u2019erosione del suolo. In termini pratici, una coltura estensiva erode ogni anno un valore importante in termini di sostanza organica. Un terreno povero di sostanza organica, risulta poco idoneo a trattenere i nutrienti apportati e non lo trasferisce in modo efficiente, costringendo la pianta a spendere energie extra per ottimizzare il proprio metabolismo, innalzando inevitabilmente i costi di produzione. La scienza ha da tempo dimostrato che, la sostanza organica, \u00e8 un fattore di sviluppo anche per i microrganismi utili a promuovere lo sviluppo delle colture. Spesso, nei terreni poveri di sostanza organica le concimazioni, i trattamenti e i risultati finali, sono in contraddizione. L\u2019esperienza ci insegna che, un terreno povero di sostanza organica, necessita di pi\u00f9 unit\u00e0 fertilizzanti e di pi\u00f9 trattamenti per la difesa. Integrare sostanza organica in modo localizzato o a pieno campo, \u00e8 una strategia utile anche in ottica di prevenzione, soprattutto per quelle colture dove il valore finale \u00e8 determinato da parametri qualitativi.<\/p>\n<p>[\/vc_column_text][\/vc_column][\/vc_row][vc_row css=&#8221;.vc_custom_1489864846868{padding-bottom: 85px !important;}&#8221; nt_agricom_vc_row_992_responsive=&#8221;.vc_custom_1489864846873{padding-bottom: 65px !important;}&#8221; nt_agricom_vc_row_768_responsive=&#8221;.vc_custom_1489864846876{padding-bottom: 65px !important;}&#8221; nt_agricom_vc_row_480_responsive=&#8221;.vc_custom_1489864846878{padding-bottom: 45px !important;}&#8221;][vc_column offset=&#8221;vc_col-lg-6&#8243;][vc_custom_heading text=&#8221;PRODOTTI BIOLOGICI&#8221; font_container=&#8221;tag:h4|font_size:1.6rem|text_align:left|color:%23333333|line_height:1.538&#8243; use_theme_fonts=&#8221;yes&#8221; el_class=&#8221;poppins&#8221;][vc_column_text]<\/p>\n<p class=\"p1\">L\u2019agricoltura moderna, per sopperire alla crescente necessit\u00e0 di produzioni biologiche richieste dal mercato necessita, sempre di pi\u00f9, di prodotti per la nutrizione che rispondano a tali esigenze. Open Green, ha inserito nella propria produzione, una serie di prodotti ammessi in agricoltura biologica, conformi al Reg. CE n.834\/2007 del 28 giugno 2007, che regola l\u2019immissione in commercio di tali prodotti. Open Green, mette a disposizione degli agricoltori ed ai tecnici che seguono le loro produzioni biologiche, diverse strategie che possono consentire di adottare prodotti per la nutrizione, volti a mantenere un ottimo standard produttivo elevando la qualit\u00e0 dei raccolti.<\/p>\n<p>[\/vc_column_text][vc_custom_heading text=&#8221;APPORTARE SOSTANZA ORGANICA \u00c8 IMPORTANTE? SI MA DEVE ESSERE DI QUALIT\u00c0&#8221; font_container=&#8221;tag:h4|font_size:1.6rem|text_align:left|color:%23333333|line_height:1.538&#8243; use_theme_fonts=&#8221;yes&#8221; el_class=&#8221;poppins&#8221;][vc_column_text]<\/p>\n<p class=\"p1\"><span class=\"s1\">La distribuzione della sostanza organica, pu\u00f2 rappresentare il primo vero investimento per aumentare la resa e la qualit\u00e0 di una coltura. Apportare matrici organiche prontamente disponibili, addizionate di elementi complessanti e finalizzate allo sviluppo di microrganismi utili al suolo e alla pianta, pu\u00f2 costituire un momento decisivo per il reddito aziendale. <\/span><\/p>\n<p>[\/vc_column_text][\/vc_column][vc_column offset=&#8221;vc_col-lg-6&#8243;][vc_single_image image=&#8221;771&#8243; img_size=&#8221;full&#8221;][\/vc_column][\/vc_row]<\/p>\n","protected":false},"excerpt":{"rendered":"<p>[vc_row full_width=&#8221;stretch_row&#8221; css=&#8221;.vc_custom_1489864771502{padding-top: 100px !important;padding-bottom: 35px !important;}&#8221; nt_agricom_vc_row_992_responsive=&#8221;.vc_custom_1489864771508{margin-top: 80px !important;}&#8221; nt_agricom_vc_row_768_responsive=&#8221;.vc_custom_1489864771511{padding-top: 80px !important;}&#8221; nt_agricom_vc_row_480_responsive=&#8221;.vc_custom_1489864771513{padding-top: 60px !important;}&#8221;][vc_column][vc_custom_heading text=&#8221;LA NUTRIZIONE SPECIALIZZATA&#8221; font_container=&#8221;tag:h2|font_size:3.5rem|text_align:left|color:%23333333|line_height:1.1&#8243; use_theme_fonts=&#8221;yes&#8221; el_class=&#8221;poppins&#8221; css=&#8221;.vc_custom_1506000371643{margin-bottom: 40px !important;}&#8221;][vc_row_inner][vc_column_inner width=&#8221;1\/2&#8243;][vc_custom_heading text=&#8221;RUOLO DELLA NUTRIZIONE SPECIALIZZATA&#8221; font_container=&#8221;tag:h4|font_size:1.6rem|text_align:left|color:%23333333|line_height:1.538&#8243; use_theme_fonts=&#8221;yes&#8221; el_class=&#8221;poppins&#8221;][vc_column_text] Per la Open Green, nutrire significa apportare elementi sinergici al metabolismo basale della coltura, allo scopo di armonizzare lo sviluppo fenologico, velocizzare [&hellip;]<\/p>\n","protected":false},"author":9,"featured_media":0,"parent":0,"menu_order":0,"comment_status":"closed","ping_status":"closed","template":"custom-page.php","meta":[],"_links":{"self":[{"href":"https:\/\/www.opengreen.it\/it\/wp-json\/wp\/v2\/pages\/730"}],"collection":[{"href":"https:\/\/www.opengreen.it\/it\/wp-json\/wp\/v2\/pages"}],"about":[{"href":"https:\/\/www.opengreen.it\/it\/wp-json\/wp\/v2\/types\/page"}],"author":[{"embeddable":true,"href":"https:\/\/www.opengreen.it\/it\/wp-json\/wp\/v2\/users\/9"}],"replies":[{"embeddable":true,"href":"https:\/\/www.opengreen.it\/it\/wp-json\/wp\/v2\/comments?post=730"}],"version-history":[{"count":1,"href":"https:\/\/www.opengreen.it\/it\/wp-json\/wp\/v2\/pages\/730\/revisions"}],"predecessor-version":[{"id":2351,"href":"https:\/\/www.opengreen.it\/it\/wp-json\/wp\/v2\/pages\/730\/revisions\/2351"}],"wp:attachment":[{"href":"https:\/\/www.opengreen.it\/it\/wp-json\/wp\/v2\/media?parent=730"}],"curies":[{"name":"wp","href":"https:\/\/api.w.org\/{rel}","templated":true}]}}