{"id":1990,"date":"2022-05-20T12:24:52","date_gmt":"2022-05-20T10:24:52","guid":{"rendered":"https:\/\/www.opengreen.it\/?page_id=1990"},"modified":"2025-01-13T16:46:29","modified_gmt":"2025-01-13T15:46:29","slug":"scheda-grano-biologico","status":"publish","type":"page","link":"https:\/\/www.opengreen.it\/it\/colture\/scheda-grano-biologico\/","title":{"rendered":"Grano Biologico"},"content":{"rendered":"<p>[vc_row full_width=&#8221;stretch_row&#8221; nt_agricom_vc_row_992_responsive=&#8221;.vc_custom_1511260664263{margin-top: 80px !important;}&#8221; nt_agricom_vc_row_768_responsive=&#8221;.vc_custom_1511260664264{padding-top: 80px !important;}&#8221; nt_agricom_vc_row_480_responsive=&#8221;.vc_custom_1511260664264{padding-top: 60px !important;}&#8221; css=&#8221;.vc_custom_1511260664262{padding-top: 75px !important;}&#8221;][vc_column]<link href=\"https:\/\/fonts.googleapis.com\/css?family=Roboto:500\" rel=\"stylesheet\" property=\"stylesheet\" type=\"text\/css\" media=\"all\">\n<div id=\"rev_slider_49_1_wrapper\" class=\"rev_slider_wrapper fullwidthbanner-container\" data-source=\"gallery\" style=\"margin:0px auto;background:transparent;padding:0px;margin-top:0px;margin-bottom:0px;\">\n<!-- START REVOLUTION SLIDER 5.4.5.1 auto mode -->\n\t<div id=\"rev_slider_49_1\" class=\"rev_slider fullwidthabanner\" style=\"display:none;\" data-version=\"5.4.5.1\">\n<ul>\t<!-- SLIDE  -->\n\t<li data-index=\"rs-49\" data-transition=\"fade\" data-slotamount=\"default\" data-hideafterloop=\"0\" data-hideslideonmobile=\"off\"  data-easein=\"default\" data-easeout=\"default\" data-masterspeed=\"300\"  data-rotate=\"0\"  data-saveperformance=\"off\"  data-title=\"Slide\" data-param1=\"\" data-param2=\"\" data-param3=\"\" data-param4=\"\" data-param5=\"\" data-param6=\"\" data-param7=\"\" data-param8=\"\" data-param9=\"\" data-param10=\"\" data-description=\"\">\n\t\t<!-- MAIN IMAGE -->\n\t\t<img src=\"https:\/\/www.opengreen.it\/wp-content\/uploads\/2017\/09\/PIANO-CONCIMAZIONE-GRANO-BIOLOGICO.png\"  alt=\"\" title=\"PIANO CONCIMAZIONE GRANO BIOLOGICO\"  width=\"1240\" height=\"868\" data-bgposition=\"center center\" data-bgfit=\"cover\" data-bgrepeat=\"no-repeat\" class=\"rev-slidebg\" data-no-retina>\n\t\t<!-- LAYERS -->\n\n\t\t<!-- LAYER NR. 1 -->\n\t\t<div class=\"tp-caption rev-btn  tp-resizeme\" \n\t\t\t id=\"slide-49-layer-12\" \n\t\t\t data-x=\"565\" \n\t\t\t data-y=\"534\" \n\t\t\t\t\t\tdata-width=\"['109']\"\n\t\t\tdata-height=\"['26']\"\n \n\t\t\tdata-type=\"button\" \n\t\t\tdata-actions='[{\"event\":\"click\",\"action\":\"simplelink\",\"target\":\"_blank\",\"url\":\" https:\\\/\\\/www.opengreen.it\\\/prodotto\\\/newstar-bio\\\/\",\"delay\":\"\"}]'\n\t\t\tdata-basealign=\"slide\" \n\t\t\tdata-responsive_offset=\"on\" \n\n\t\t\tdata-frames='[{\"delay\":10,\"speed\":300,\"frame\":\"0\",\"from\":\"opacity:0;\",\"to\":\"o:1;\",\"ease\":\"Power3.easeInOut\"},{\"delay\":\"wait\",\"speed\":300,\"frame\":\"999\",\"to\":\"opacity:0;\",\"ease\":\"Power3.easeInOut\"},{\"frame\":\"hover\",\"speed\":\"0\",\"ease\":\"Linear.easeNone\",\"to\":\"o:1;rX:0;rY:0;rZ:0;z:0;\",\"style\":\"c:rgba(0,0,0,1);bg:rgba(76,217,100,0.25);bc:rgb(104,179,48);bs:double;bw:1px 1px 1px 1px;\"}]'\n\t\t\tdata-textAlign=\"['inherit','inherit','inherit','inherit']\"\n\t\t\tdata-paddingtop=\"[12,12,12,12]\"\n\t\t\tdata-paddingright=\"[35,35,35,35]\"\n\t\t\tdata-paddingbottom=\"[12,12,12,12]\"\n\t\t\tdata-paddingleft=\"[35,35,35,35]\"\n\n\t\t\tstyle=\"z-index: 7; min-width: 109px; max-width: 109px; max-width: 26px; max-width: 26px; white-space: nowrap; font-size: 17px; line-height: 17px; font-weight: 500; color: rgba(255,255,255,1); letter-spacing: px;font-family:Roboto;background-color:rgba(0,0,0,0);border-color:rgba(0,0,0,1);outline:none;box-shadow:none;box-sizing:border-box;-moz-box-sizing:border-box;-webkit-box-sizing:border-box;cursor:pointer;\"> <\/div>\n\n\t\t<!-- LAYER NR. 2 -->\n\t\t<div class=\"tp-caption rev-btn  tp-resizeme\" \n\t\t\t id=\"slide-49-layer-17\" \n\t\t\t data-x=\"418\" \n\t\t\t data-y=\"535\" \n\t\t\t\t\t\tdata-width=\"['96']\"\n\t\t\tdata-height=\"['28']\"\n \n\t\t\tdata-type=\"button\" \n\t\t\tdata-actions='[{\"event\":\"click\",\"action\":\"simplelink\",\"target\":\"_blank\",\"url\":\"  https:\\\/\\\/www.opengreen.it\\\/prodotto\\\/newstar-bio\\\/\",\"delay\":\"\"}]'\n\t\t\tdata-basealign=\"slide\" \n\t\t\tdata-responsive_offset=\"on\" \n\n\t\t\tdata-frames='[{\"delay\":10,\"speed\":300,\"frame\":\"0\",\"from\":\"opacity:0;\",\"to\":\"o:1;\",\"ease\":\"Power3.easeInOut\"},{\"delay\":\"wait\",\"speed\":300,\"frame\":\"999\",\"to\":\"opacity:0;\",\"ease\":\"Power3.easeInOut\"},{\"frame\":\"hover\",\"speed\":\"0\",\"ease\":\"Linear.easeNone\",\"to\":\"o:1;rX:0;rY:0;rZ:0;z:0;\",\"style\":\"c:rgba(0,0,0,1);bg:rgba(76,217,100,0.25);bc:rgb(104,179,48);bs:double;bw:1px 1px 1px 1px;\"}]'\n\t\t\tdata-textAlign=\"['inherit','inherit','inherit','inherit']\"\n\t\t\tdata-paddingtop=\"[12,12,12,12]\"\n\t\t\tdata-paddingright=\"[35,35,35,35]\"\n\t\t\tdata-paddingbottom=\"[12,12,12,12]\"\n\t\t\tdata-paddingleft=\"[35,35,35,35]\"\n\n\t\t\tstyle=\"z-index: 8; min-width: 96px; max-width: 96px; max-width: 28px; max-width: 28px; white-space: nowrap; font-size: 17px; line-height: 17px; font-weight: 500; color: rgba(255,255,255,1); letter-spacing: px;font-family:Roboto;background-color:rgba(0,0,0,0);border-color:rgba(0,0,0,1);outline:none;box-shadow:none;box-sizing:border-box;-moz-box-sizing:border-box;-webkit-box-sizing:border-box;cursor:pointer;\"> <\/div>\n\n\t\t<!-- LAYER NR. 3 -->\n\t\t<div class=\"tp-caption rev-btn  tp-resizeme\" \n\t\t\t id=\"slide-49-layer-19\" \n\t\t\t data-x=\"299\" \n\t\t\t data-y=\"534\" \n\t\t\t\t\t\tdata-width=\"['88']\"\n\t\t\tdata-height=\"['27']\"\n \n\t\t\tdata-type=\"button\" \n\t\t\tdata-actions='[{\"event\":\"click\",\"action\":\"simplelink\",\"target\":\"_blank\",\"url\":\"https:\\\/\\\/www.opengreen.it\\\/prodotto\\\/biorganix-np-3-10\\\/\",\"delay\":\"\"}]'\n\t\t\tdata-basealign=\"slide\" \n\t\t\tdata-responsive_offset=\"on\" \n\n\t\t\tdata-frames='[{\"delay\":10,\"speed\":300,\"frame\":\"0\",\"from\":\"opacity:0;\",\"to\":\"o:1;\",\"ease\":\"Power3.easeInOut\"},{\"delay\":\"wait\",\"speed\":300,\"frame\":\"999\",\"to\":\"opacity:0;\",\"ease\":\"Power3.easeInOut\"},{\"frame\":\"hover\",\"speed\":\"0\",\"ease\":\"Linear.easeNone\",\"to\":\"o:1;rX:0;rY:0;rZ:0;z:0;\",\"style\":\"c:rgba(0,0,0,1);bg:rgba(76,217,100,0.25);bc:rgb(104,179,48);bs:double;bw:1px 1px 1px 1px;\"}]'\n\t\t\tdata-textAlign=\"['inherit','inherit','inherit','inherit']\"\n\t\t\tdata-paddingtop=\"[12,12,12,12]\"\n\t\t\tdata-paddingright=\"[35,35,35,35]\"\n\t\t\tdata-paddingbottom=\"[12,12,12,12]\"\n\t\t\tdata-paddingleft=\"[35,35,35,35]\"\n\n\t\t\tstyle=\"z-index: 9; min-width: 88px; max-width: 88px; max-width: 27px; max-width: 27px; white-space: nowrap; font-size: 17px; line-height: 17px; font-weight: 500; color: rgba(255,255,255,1); letter-spacing: px;font-family:Roboto;background-color:rgba(0,0,0,0);border-color:rgba(0,0,0,1);outline:none;box-shadow:none;box-sizing:border-box;-moz-box-sizing:border-box;-webkit-box-sizing:border-box;cursor:pointer;\"> <\/div>\n\n\t\t<!-- LAYER NR. 4 -->\n\t\t<div class=\"tp-caption rev-btn  tp-resizeme\" \n\t\t\t id=\"slide-49-layer-20\" \n\t\t\t data-x=\"166\" \n\t\t\t data-y=\"538\" \n\t\t\t\t\t\tdata-width=\"['117']\"\n\t\t\tdata-height=\"['45']\"\n \n\t\t\tdata-type=\"button\" \n\t\t\tdata-actions='[{\"event\":\"click\",\"action\":\"simplelink\",\"target\":\"_blank\",\"url\":\" https:\\\/\\\/www.opengreen.it\\\/prodotto\\\/biosmart\\\/\",\"delay\":\"\"}]'\n\t\t\tdata-basealign=\"slide\" \n\t\t\tdata-responsive_offset=\"on\" \n\n\t\t\tdata-frames='[{\"delay\":10,\"speed\":300,\"frame\":\"0\",\"from\":\"opacity:0;\",\"to\":\"o:1;\",\"ease\":\"Power3.easeInOut\"},{\"delay\":\"wait\",\"speed\":300,\"frame\":\"999\",\"to\":\"opacity:0;\",\"ease\":\"Power3.easeInOut\"},{\"frame\":\"hover\",\"speed\":\"0\",\"ease\":\"Linear.easeNone\",\"to\":\"o:1;rX:0;rY:0;rZ:0;z:0;\",\"style\":\"c:rgba(0,0,0,1);bg:rgba(76,217,100,0.25);bc:rgb(104,179,48);bs:double;bw:1px 1px 1px 1px;\"}]'\n\t\t\tdata-textAlign=\"['inherit','inherit','inherit','inherit']\"\n\t\t\tdata-paddingtop=\"[12,12,12,12]\"\n\t\t\tdata-paddingright=\"[35,35,35,35]\"\n\t\t\tdata-paddingbottom=\"[12,12,12,12]\"\n\t\t\tdata-paddingleft=\"[35,35,35,35]\"\n\n\t\t\tstyle=\"z-index: 10; min-width: 117px; max-width: 117px; max-width: 45px; max-width: 45px; white-space: nowrap; font-size: 17px; line-height: 17px; font-weight: 500; color: rgba(255,255,255,1); letter-spacing: px;font-family:Roboto;background-color:rgba(0,0,0,0);border-color:rgba(0,0,0,1);outline:none;box-shadow:none;box-sizing:border-box;-moz-box-sizing:border-box;-webkit-box-sizing:border-box;cursor:pointer;\"> <\/div>\n\n\t\t<!-- LAYER NR. 5 -->\n\t\t<div class=\"tp-caption rev-btn  tp-resizeme\" \n\t\t\t id=\"slide-49-layer-21\" \n\t\t\t data-x=\"90\" \n\t\t\t data-y=\"536\" \n\t\t\t\t\t\tdata-width=\"['83']\"\n\t\t\tdata-height=\"['26']\"\n \n\t\t\tdata-type=\"button\" \n\t\t\tdata-actions='[{\"event\":\"click\",\"action\":\"simplelink\",\"target\":\"_blank\",\"url\":\"https:\\\/\\\/www.opengreen.it\\\/prodotto\\\/biorganix-np-3-10\\\/\",\"delay\":\"\"}]'\n\t\t\tdata-basealign=\"slide\" \n\t\t\tdata-responsive_offset=\"on\" \n\n\t\t\tdata-frames='[{\"delay\":10,\"speed\":300,\"frame\":\"0\",\"from\":\"opacity:0;\",\"to\":\"o:1;\",\"ease\":\"Power3.easeInOut\"},{\"delay\":\"wait\",\"speed\":300,\"frame\":\"999\",\"to\":\"opacity:0;\",\"ease\":\"Power3.easeInOut\"},{\"frame\":\"hover\",\"speed\":\"0\",\"ease\":\"Linear.easeNone\",\"to\":\"o:1;rX:0;rY:0;rZ:0;z:0;\",\"style\":\"c:rgba(0,0,0,1);bg:rgba(76,217,100,0.25);bc:rgb(104,179,48);bs:double;bw:1px 1px 1px 1px;\"}]'\n\t\t\tdata-textAlign=\"['inherit','inherit','inherit','inherit']\"\n\t\t\tdata-paddingtop=\"[12,12,12,12]\"\n\t\t\tdata-paddingright=\"[35,35,35,35]\"\n\t\t\tdata-paddingbottom=\"[12,12,12,12]\"\n\t\t\tdata-paddingleft=\"[35,35,35,35]\"\n\n\t\t\tstyle=\"z-index: 11; min-width: 83px; max-width: 83px; max-width: 26px; max-width: 26px; white-space: nowrap; font-size: 17px; line-height: 17px; font-weight: 500; color: rgba(255,255,255,1); letter-spacing: px;font-family:Roboto;background-color:rgba(0,0,0,0);border-color:rgba(0,0,0,1);outline:none;box-shadow:none;box-sizing:border-box;-moz-box-sizing:border-box;-webkit-box-sizing:border-box;cursor:pointer;\"> <\/div>\n\n\t\t<!-- LAYER NR. 6 -->\n\t\t<div class=\"tp-caption rev-btn  tp-resizeme\" \n\t\t\t id=\"slide-49-layer-22\" \n\t\t\t data-x=\"84\" \n\t\t\t data-y=\"664\" \n\t\t\t\t\t\tdata-width=\"['94']\"\n\t\t\tdata-height=\"['28']\"\n \n\t\t\tdata-type=\"button\" \n\t\t\tdata-actions='[{\"event\":\"click\",\"action\":\"simplelink\",\"target\":\"_blank\",\"url\":\"https:\\\/\\\/www.opengreen.it\\\/prodotto\\\/livingland\\\/\",\"delay\":\"\"}]'\n\t\t\tdata-basealign=\"slide\" \n\t\t\tdata-responsive_offset=\"on\" \n\n\t\t\tdata-frames='[{\"delay\":10,\"speed\":300,\"frame\":\"0\",\"from\":\"opacity:0;\",\"to\":\"o:1;\",\"ease\":\"Power3.easeInOut\"},{\"delay\":\"wait\",\"speed\":300,\"frame\":\"999\",\"to\":\"opacity:0;\",\"ease\":\"Power3.easeInOut\"},{\"frame\":\"hover\",\"speed\":\"0\",\"ease\":\"Linear.easeNone\",\"to\":\"o:1;rX:0;rY:0;rZ:0;z:0;\",\"style\":\"c:rgba(0,0,0,1);bg:rgba(76,217,100,0.25);bc:rgb(104,179,48);bs:double;bw:1px 1px 1px 1px;\"}]'\n\t\t\tdata-textAlign=\"['inherit','inherit','inherit','inherit']\"\n\t\t\tdata-paddingtop=\"[12,12,12,12]\"\n\t\t\tdata-paddingright=\"[35,35,35,35]\"\n\t\t\tdata-paddingbottom=\"[12,12,12,12]\"\n\t\t\tdata-paddingleft=\"[35,35,35,35]\"\n\n\t\t\tstyle=\"z-index: 12; min-width: 94px; max-width: 94px; max-width: 28px; max-width: 28px; white-space: nowrap; font-size: 17px; line-height: 17px; font-weight: 500; color: rgba(255,255,255,1); letter-spacing: px;font-family:Roboto;background-color:rgba(0,0,0,0);border-color:rgba(0,0,0,1);outline:none;box-shadow:none;box-sizing:border-box;-moz-box-sizing:border-box;-webkit-box-sizing:border-box;cursor:pointer;\"> <\/div>\n\t<\/li>\n<\/ul>\n<div class=\"tp-bannertimer tp-bottom\" style=\"visibility: hidden !important;\"><\/div>\t<\/div>\n<script>var htmlDiv = document.getElementById(\"rs-plugin-settings-inline-css\"); var htmlDivCss=\"\";\n\t\t\t\tif(htmlDiv) {\n\t\t\t\t\thtmlDiv.innerHTML = htmlDiv.innerHTML + htmlDivCss;\n\t\t\t\t}else{\n\t\t\t\t\tvar htmlDiv = document.createElement(\"div\");\n\t\t\t\t\thtmlDiv.innerHTML = \"<style>\" + htmlDivCss + \"<\/style>\";\n\t\t\t\t\tdocument.getElementsByTagName(\"head\")[0].appendChild(htmlDiv.childNodes[0]);\n\t\t\t\t}\n\t\t\t<\/script>\n\t\t<script type=\"text\/javascript\">\nsetREVStartSize({c: jQuery('#rev_slider_49_1'), gridwidth: [1240], gridheight: [868], sliderLayout: 'auto'});\n\t\t\t\nvar revapi49,\n\ttpj=jQuery;\n\t\t\t\ntpj(document).ready(function() {\n\tif(tpj(\"#rev_slider_49_1\").revolution == undefined){\n\t\trevslider_showDoubleJqueryError(\"#rev_slider_49_1\");\n\t}else{\n\t\trevapi49 = tpj(\"#rev_slider_49_1\").show().revolution({\n\t\t\tsliderType:\"standard\",\n\t\t\tjsFileLocation:\"\/\/www.opengreen.it\/wp-content\/plugins\/revolution_slider\/public\/assets\/js\/\",\n\t\t\tsliderLayout:\"auto\",\n\t\t\tdottedOverlay:\"none\",\n\t\t\tdelay:9000,\n\t\t\tnavigation: {\n\t\t\t\tonHoverStop:\"off\",\n\t\t\t},\n\t\t\tvisibilityLevels:[1240,1024,778,480],\n\t\t\tgridwidth:1240,\n\t\t\tgridheight:868,\n\t\t\tlazyType:\"none\",\n\t\t\tshadow:0,\n\t\t\tspinner:\"spinner0\",\n\t\t\tstopLoop:\"off\",\n\t\t\tstopAfterLoops:-1,\n\t\t\tstopAtSlide:-1,\n\t\t\tshuffle:\"off\",\n\t\t\tautoHeight:\"off\",\n\t\t\tdisableProgressBar:\"on\",\n\t\t\thideThumbsOnMobile:\"off\",\n\t\t\thideSliderAtLimit:0,\n\t\t\thideCaptionAtLimit:0,\n\t\t\thideAllCaptionAtLilmit:0,\n\t\t\tdebugMode:false,\n\t\t\tfallbacks: {\n\t\t\t\tsimplifyAll:\"off\",\n\t\t\t\tnextSlideOnWindowFocus:\"off\",\n\t\t\t\tdisableFocusListener:false,\n\t\t\t}\n\t\t});\n\t}\n\t\n});\t\/*ready*\/\n<\/script>\n\t\t<\/div><!-- END REVOLUTION SLIDER -->[\/vc_column][\/vc_row][vc_row full_width=&#8221;stretch_row&#8221; css=&#8221;.vc_custom_1511260566908{padding-top: 50px !important;padding-bottom: 50px !important;}&#8221; nt_agricom_vc_row_992_responsive=&#8221;.vc_custom_1511260566910{margin-top: 80px !important;}&#8221; nt_agricom_vc_row_768_responsive=&#8221;.vc_custom_1511260566910{padding-top: 80px !important;}&#8221; nt_agricom_vc_row_480_responsive=&#8221;.vc_custom_1511260566912{padding-top: 60px !important;}&#8221;][vc_column][vc_custom_heading text=&#8221;LA COLTURA DEL GRANO BIOLOGICO&#8221; font_container=&#8221;tag:h2|font_size:3.5rem|text_align:left|color:%23333333|line_height:1.1&#8243; use_theme_fonts=&#8221;yes&#8221; el_class=&#8221;poppins&#8221; css=&#8221;.vc_custom_1511261269950{margin-bottom: 40px !important;}&#8221;][vc_row_inner][vc_column_inner][vc_column_text]<\/p>\n<p class=\"p1\" style=\"text-align: justify;\"><span class=\"s1\">Open Green fornisce una vasta gamma di soluzioni per massimizzare la resa del Grano Biologico. Le soluzioni Open Green permettono di gestire sia la fase di produzione che la fase di spinta vegetativa funzionale ad ottimizzare peso e calibro. Lo scopo \u00e8 quelli ottimizzare il costo ettaro in funzione della massima produzione ed ottenere il miglior rapporto costo\/beneficio.<\/span><\/p>\n<p>[\/vc_column_text][vc_column_text]<\/p>\n<p class=\"p1\" style=\"text-align: justify;\"><span class=\"s1\"><br \/>\nIn Agricoltura Biologica, ottenere un buon frumento \u00e8 possibile ma \u00e8 importante partire bene. <\/span><\/p>\n<p class=\"p1\" style=\"text-align: justify;\"><span class=\"s1\">Con una buona rotazione, una concia del seme adeguata e una corretta gestione agronomica della coltura, il risultato porter\u00e0 ad un prodotto finale all\u2019altezza delle aspettative e senza problemi sanitari. La dotazione organica del suolo \u00e8 un passaggio fondamentale; in pre-semina \u00e8 molto importante e pu\u00f2 essere fatta o con una letamazione (apportando 350-450 quintali per ha) oppure con una concimazione organica pellettata alla dose di 5-7 quintali per ha o con fertilizzanti mirati come LIVINGLAND. <\/span><\/p>\n<p class=\"p1\" style=\"text-align: justify;\"><span class=\"s1\">Uno dei fattori chiave della coltura del frumento biologico, \u00e8 la gestione della concimazione azotata. L\u2019azoto va ripartito in due momenti, alla semina e a fine inverno abbinandolo a un passaggio di erpice strigliatore per favorire la mineralizzazione e controllare le infestanti. L\u2019Azoto nel grano biologico deve essere selezionato da prodotti consentiti in Agricoltura Biologica.<\/span><\/p>\n<p class=\"p1\" style=\"text-align: justify;\"><span class=\"s1\"><br \/>\nUn\u2019altra tecnica importante per evitare le infestanti \u00e8 quella della falsa semina per eliminare quante pi\u00f9 malerbe possibile prima di seminare il frumento biologico. Questa tecnica va eseguita con una lavorazione leggera, 15 giorni prima della semina. Per quanto riguarda la scelta delle variet\u00e0, \u00e8 bene scegliere variet\u00e0 resistenti alla malattie fungine certificate in Agricoltura Biologica. <\/span><\/p>\n<p class=\"p1\" style=\"text-align: justify;\"><span class=\"s1\">Inoltre \u00e8 importante evitare le semine troppo fitte, quindi occorre operare a 2,8-3 ql\/ha di seme ed evitare il ristoppo, cos\u00ec come la successione stretta al mais. Consigliabili da utilizzare sono invece le variet\u00e0 di grani antiche in quanto assicurano un maggiore controllo delle erbe infestanti.<\/span><\/p>\n<p class=\"p1\" style=\"text-align: justify;\"><span class=\"s1\">In Agricoltura Biologica, la rotazione minima consentita \u00e8 di 3 anni anche se sarebbe meglio arrivare almeno a 4, facendo precedere al frumento una leguminosa che lascia azoto organico nel suolo. La leguminosa mantiene elevata la disponibilit\u00e0 di nutrienti, in particolare quella di azoto fissandolo direttamente nel terreno e controlla lo sviluppo delle infestanti tra le file.<\/span><\/p>\n<p class=\"p1\" style=\"text-align: justify;\"><span class=\"s1\">Il terreno rimane coperto per l\u2019intera estate dai residui colturali e con le prime piogge autunnali. Comunque venga seminato il frumento, successivamente, a emergenza avvenuta, \u00e8 opportuno effettuare una strigliatura per eliminare eventuali infestanti e per arieggiare il terreno mentre durante l\u2019accestimento, se le condizioni del suolo lo consentono, va fatta una strigliatura in senso contrario a quella precedente. Infine, molto importante \u00e8 la prevenzione nei confronti di malattie fungine che si possono presentare. <\/span><\/p>\n<p class=\"p1\" style=\"text-align: justify;\"><span class=\"s1\">Come prima cosa bisogna effettuare un trattamento preventivo a base di prodotti cuprici come idrossido di rame, ossicloruro di rame, solfato di rame tribasico, ossido pesante (l\u2019utilizzo del rame andr\u00e0 sempre pi\u00f9 diminuiti nel tempo). <\/span><span class=\"s1\">A distanza di 15 giorni va poi eseguito un trattamento con prodotti specifici, quali inoculi di funghi micorrizici e batteri della rizosfera, o biostimolanti per attivare nella pianta i sistemi di autodifesa verso le principali malattie fungine. <\/span><\/p>\n<p class=\"p1\" style=\"text-align: justify;\"><span class=\"s1\">Nei periodi di attacchi di oidio, Septoria e ruggine, si pu\u00f2 intervenire con trattamenti a base di zolfo che servono anche a migliorare i parametri qualitativi della granella. Oltre al trattamento fungicida, \u00e8 opportuno un trattamento fogliare con prodotti a base di azoto organico arricchito con amminoacidi e microelementi per mantenere vitale l\u2019apparato fogliare del frumento. <\/span><span class=\"s1\">A spiga completa invece, si pu\u00f2 operare un trattamento con rame e zolfo in modo da coprire la coltura fino alla raccolta.<\/span><\/p>\n<p class=\"p1\" style=\"text-align: justify;\"><span class=\"s1\">Il grano \u00e8 una delle colture principali in Italia. Per migliorare resa e qualit\u00e0 Open Green ha creato una linea di prodotti in grado di massimizzare germinazione, spinta vegetativa, produzione e peso specifico bilanciando la pianta sia in termini quantitativi che qualitativi.<br \/>\n<\/span><\/p>\n<p>[\/vc_column_text][\/vc_column_inner][\/vc_row_inner][vc_row_inner][vc_column_inner width=&#8221;1\/2&#8243;][vc_custom_heading text=&#8221;PRODOTTI UTILIZZATI&#8221; font_container=&#8221;tag:h4|font_size:1.6rem|text_align:left|color:%23333333|line_height:1.538&#8243; use_theme_fonts=&#8221;yes&#8221; el_class=&#8221;poppins&#8221;][vc_column_text]<\/p>\n<p>Matrix<br \/>\nNewstart<br \/>\nBiogeo<br \/>\nDragon<br \/>\nRegortek<br \/>\nSeagel<br \/>\nBiosprint<br \/>\nVerbel<br \/>\nRamendo<\/p>\n<p>[\/vc_column_text][\/vc_column_inner][vc_column_inner width=&#8221;1\/2&#8243;][\/vc_column_inner][\/vc_row_inner][\/vc_column][\/vc_row]<\/p>\n","protected":false},"excerpt":{"rendered":"<p>[vc_row full_width=&#8221;stretch_row&#8221; nt_agricom_vc_row_992_responsive=&#8221;.vc_custom_1511260664263{margin-top: 80px !important;}&#8221; nt_agricom_vc_row_768_responsive=&#8221;.vc_custom_1511260664264{padding-top: 80px !important;}&#8221; nt_agricom_vc_row_480_responsive=&#8221;.vc_custom_1511260664264{padding-top: 60px !important;}&#8221; css=&#8221;.vc_custom_1511260664262{padding-top: 75px !important;}&#8221;][vc_column][\/vc_column][\/vc_row][vc_row full_width=&#8221;stretch_row&#8221; css=&#8221;.vc_custom_1511260566908{padding-top: 50px !important;padding-bottom: 50px !important;}&#8221; nt_agricom_vc_row_992_responsive=&#8221;.vc_custom_1511260566910{margin-top: 80px !important;}&#8221; nt_agricom_vc_row_768_responsive=&#8221;.vc_custom_1511260566910{padding-top: 80px !important;}&#8221; nt_agricom_vc_row_480_responsive=&#8221;.vc_custom_1511260566912{padding-top: 60px !important;}&#8221;][vc_column][vc_custom_heading text=&#8221;LA COLTURA DEL GRANO BIOLOGICO&#8221; font_container=&#8221;tag:h2|font_size:3.5rem|text_align:left|color:%23333333|line_height:1.1&#8243; use_theme_fonts=&#8221;yes&#8221; el_class=&#8221;poppins&#8221; css=&#8221;.vc_custom_1511261269950{margin-bottom: 40px !important;}&#8221;][vc_row_inner][vc_column_inner][vc_column_text] Open Green fornisce una vasta gamma di soluzioni per massimizzare la resa del Grano Biologico. [&hellip;]<\/p>\n","protected":false},"author":3545,"featured_media":0,"parent":992,"menu_order":0,"comment_status":"closed","ping_status":"closed","template":"","meta":[],"_links":{"self":[{"href":"https:\/\/www.opengreen.it\/it\/wp-json\/wp\/v2\/pages\/1990"}],"collection":[{"href":"https:\/\/www.opengreen.it\/it\/wp-json\/wp\/v2\/pages"}],"about":[{"href":"https:\/\/www.opengreen.it\/it\/wp-json\/wp\/v2\/types\/page"}],"author":[{"embeddable":true,"href":"https:\/\/www.opengreen.it\/it\/wp-json\/wp\/v2\/users\/3545"}],"replies":[{"embeddable":true,"href":"https:\/\/www.opengreen.it\/it\/wp-json\/wp\/v2\/comments?post=1990"}],"version-history":[{"count":7,"href":"https:\/\/www.opengreen.it\/it\/wp-json\/wp\/v2\/pages\/1990\/revisions"}],"predecessor-version":[{"id":2390,"href":"https:\/\/www.opengreen.it\/it\/wp-json\/wp\/v2\/pages\/1990\/revisions\/2390"}],"up":[{"embeddable":true,"href":"https:\/\/www.opengreen.it\/it\/wp-json\/wp\/v2\/pages\/992"}],"wp:attachment":[{"href":"https:\/\/www.opengreen.it\/it\/wp-json\/wp\/v2\/media?parent=1990"}],"curies":[{"name":"wp","href":"https:\/\/api.w.org\/{rel}","templated":true}]}}