{"id":2554,"date":"2024-03-22T17:21:10","date_gmt":"2024-03-22T16:21:10","guid":{"rendered":"https:\/\/www.opengreen.it\/prodotto\/naturland-biopower-aturland-biopower\/"},"modified":"2024-03-22T17:21:10","modified_gmt":"2024-03-22T16:21:10","slug":"naturland-biopower-aturland-biopower","status":"publish","type":"product","link":"https:\/\/www.opengreen.it\/en\/prodotto\/naturland-biopower-aturland-biopower\/","title":{"rendered":"NATURLAND BIOPOWER ATURLAND BIOPOWER"},"content":{"rendered":"","protected":false},"excerpt":{"rendered":"<p>NATURLAND BIOPOWER \u00e8 un substrato di coltivazione misto\/biopromotore di nuova concezione. Attraverso un attento controllo della presenza di<br \/>\nbatteri utili, permette di espletare una maggiore attivit\u00e0 a livello della rizosfera, grazie alla produzione di sostanze necessarie all\u2019attivit\u00e0 di assimilazione della pianta. Inoltre, la presenza di Endomicorrize Glomus, Trichoderma e Bacillus Subtilis, migliorano le attivit\u00e0 nutritive, favorendo l\u2019assimilazione<br \/>\ndei macroelementi N,P,K presenti nel suolo. Partendo da una matrice organica nobile, caratterizzata da un\u2019alta qualit\u00e0 del carbonio organico, da un elevato tasso di umifi cazione ed un ottimale rapporto carbonio\/azoto, NATURLAND BIOPOWER consente gi\u00e0 di per s\u00e9 di raggiungere le massime performance, con il ripristino della fertilit\u00e0 biologica, fi sica e chimica del terreno. La vera novit\u00e0 di questo prodotto consiste nell\u2019aver utilizzato matrici organiche in grado di esaltare le attivit\u00e0 di: acidi umici, batteri, resine catalizzatrici ed una grande capacit\u00e0 di ritenzione idrica. Tutte queste componenti, con un\u2019azione sinergica tra loro, concorrono ad apportare nelle colture diversi<br \/>\nbenefici, quali:<br \/>\n\u2022 Miglioramento dell\u2019attivit\u00e0 del suolo.<br \/>\n\u2022 Forte sviluppo dell\u2019apparato radicale.<br \/>\n\u2022 Stimolazione dell\u2019attivit\u00e0 della microfauna batterica nel suolo.<br \/>\n\u2022 Miglioramento dello stato fi sico del terreno, aumentando la circolazione dell\u2019aria.<br \/>\n\u2022 Aumento della capacit\u00e0 di ritenzione e conservazione dell\u2019acqua.<br \/>\n\u2022 Maggiore disponibilit\u00e0 degli elementi presenti nel terreno (permettendo una riduzione delle concimazioni minerali).<br \/>\nNATURLAND BIOPOWER \u00e8 esente da nematodi, salmonelle e coliformi, inoltre \u00e8 assolutamente in linea con la normativa di legge riguardante il contenuto di metalli pesanti.<\/p>\n","protected":false},"featured_media":0,"template":"","meta":[],"product_cat":[],"product_tag":[],"_links":{"self":[{"href":"https:\/\/www.opengreen.it\/en\/wp-json\/wp\/v2\/product\/2554"}],"collection":[{"href":"https:\/\/www.opengreen.it\/en\/wp-json\/wp\/v2\/product"}],"about":[{"href":"https:\/\/www.opengreen.it\/en\/wp-json\/wp\/v2\/types\/product"}],"wp:attachment":[{"href":"https:\/\/www.opengreen.it\/en\/wp-json\/wp\/v2\/media?parent=2554"}],"wp:term":[{"taxonomy":"product_cat","embeddable":true,"href":"https:\/\/www.opengreen.it\/en\/wp-json\/wp\/v2\/product_cat?post=2554"},{"taxonomy":"product_tag","embeddable":true,"href":"https:\/\/www.opengreen.it\/en\/wp-json\/wp\/v2\/product_tag?post=2554"}],"curies":[{"name":"wp","href":"https:\/\/api.w.org\/{rel}","templated":true}]}}