{"id":2553,"date":"2024-03-22T17:19:18","date_gmt":"2024-03-22T16:19:18","guid":{"rendered":"https:\/\/www.opengreen.it\/prodotto\/naturland-np-aturland-np\/"},"modified":"2024-03-22T17:19:18","modified_gmt":"2024-03-22T16:19:18","slug":"naturland-np-aturland-np","status":"publish","type":"product","link":"https:\/\/www.opengreen.it\/en\/prodotto\/naturland-np-aturland-np\/","title":{"rendered":"NATURLAND NP ATURLAND NP"},"content":{"rendered":"","protected":false},"excerpt":{"rendered":"<p>NATURLAND NP \u00e8 un substrato di coltivazione misto\/biopromotore di nuova concezione. Attraverso un attento controllo della presenza di batteri<br \/>\nutili, permette di espletare una maggiore attivit\u00e0 a livello della rizosfera, grazie alla produzione di sostanze necessarie all\u2019attivit\u00e0 di assimilazione della<br \/>\npianta. Inoltre, la presenza al suolo di Micorrize, Bacillus Megaterium, Azotobacter Chroococcum, Bacillus Mucilaginosus, migliorano le attivit\u00e0 nutritive, favorendo l\u2019assimilazione dei macroelementi N,P presenti nel suolo. Partendo da una matrice organica nobile, caratterizzata da un\u2019alta qualit\u00e0 del carbonio organico, da un elevato tasso di umifi cazione ed un ottimale rapporto carbonio\/azoto, NATURLAND NP consente gi\u00e0 di per s\u00e9 di raggiungere le massime performance, con il ripristino della fertilit\u00e0 biologica, fi sica e chimica del terreno. La vera novit\u00e0 di questo prodotto consiste nell\u2019aver utilizzato matrici organiche in grado di esaltare le attivit\u00e0 di: acidi umici, batteri, resine catalizzatrici ed una grande capacit\u00e0 di ritenzione idrica. Tutte queste componenti, con un\u2019azione sinergica tra loro, concorrono ad apportare nelle colture diversi benefi ci, quali:<\/p>\n","protected":false},"featured_media":0,"template":"","meta":[],"product_cat":[],"product_tag":[],"_links":{"self":[{"href":"https:\/\/www.opengreen.it\/en\/wp-json\/wp\/v2\/product\/2553"}],"collection":[{"href":"https:\/\/www.opengreen.it\/en\/wp-json\/wp\/v2\/product"}],"about":[{"href":"https:\/\/www.opengreen.it\/en\/wp-json\/wp\/v2\/types\/product"}],"wp:attachment":[{"href":"https:\/\/www.opengreen.it\/en\/wp-json\/wp\/v2\/media?parent=2553"}],"wp:term":[{"taxonomy":"product_cat","embeddable":true,"href":"https:\/\/www.opengreen.it\/en\/wp-json\/wp\/v2\/product_cat?post=2553"},{"taxonomy":"product_tag","embeddable":true,"href":"https:\/\/www.opengreen.it\/en\/wp-json\/wp\/v2\/product_tag?post=2553"}],"curies":[{"name":"wp","href":"https:\/\/api.w.org\/{rel}","templated":true}]}}